{"id":150,"date":"2021-12-23T09:59:52","date_gmt":"2021-12-23T07:59:52","guid":{"rendered":"https:\/\/guia-practiques-primaria.aula.uoc.edu\/guia-general\/1-introduccion\/"},"modified":"2022-01-27T09:16:25","modified_gmt":"2022-01-27T07:16:25","slug":"1-introduccion","status":"publish","type":"page","link":"http:\/\/guia-practiques-primaria.aula.uoc.edu\/guia-general\/es\/","title":{"rendered":"1. Introducci\u00f3n"},"content":{"rendered":"<p><div class=\"featured featured-blue\"><p>La asignatura del Pr\u00e1cticum consiste en una experiencia profesionalizadora que permite al alumnado poner en pr\u00e1ctica e ir consolidando la adquisici\u00f3n de las competencias que se trabajan a lo largo del grado de Educaci\u00f3n Primaria.<\/p>\n<\/div> Concretamente, esta experiencia se articula en el centro de pr\u00e1cticas mediante un plan de trabajo individualizado acordado con la mentor\u00eda del centro, y en el aula virtual de la UOC por medio de una serie de actividades de aprendizaje para integrar y dar sentido a los aprendizajes que se van adquiriendo al lo largo de la titulaci\u00f3n.<\/p>\n<p>Con esto la asignatura del Pr\u00e1cticum quiere centrarse en:<\/p>\n<ul>\n<li>Potenciar la formaci\u00f3n del maestro como indagador (teniendo en cuenta la relaci\u00f3n entre la teor\u00eda y la pr\u00e1ctica);<\/li>\n<li>contemplar las competencias emocionales del alumnado;<\/li>\n<li>promover la competencia del trabajo en equipo;<\/li>\n<li>promover el uso de la tecnolog\u00eda para el aprendizaje y para la evaluaci\u00f3n;<\/li>\n<li>integrar aprendizaje en el proceso de evaluaci\u00f3n;<\/li>\n<li>favorecer distintos formatos de interacci\u00f3n educativa en el aula;<\/li>\n<li>asegurar la comunicaci\u00f3n entre profesorado, mentor\u00eda y estudiantado;<\/li>\n<li>proporcionar oportunidades de aprendizaje de acuerdo con la diversidad de funciones que ejerce el perfil profesional de maestro;<\/li>\n<li>promover la relaci\u00f3n de colaboraci\u00f3n entre la universidad y la escuela; y<\/li>\n<li>capacitar al estudiantado para la docencia tanto presencial como virtual.<\/li>\n<\/ul>\n<p>Esta <em>Gu\u00eda de pr\u00e1cticas del grado de Educaci\u00f3n Primaria<\/em> recoge toda la informaci\u00f3n relativa a los contenidos y al funcionamiento de la asignatura, y quiere dar respuesta a las preguntas m\u00e1s frecuentes que el estudiantado se plantea en el momento de cursarlas. Con este objetivo se presenta en detalle en qu\u00e9 consiste la asignatura, los resultados de aprendizaje para lograr, y las actividades de aprendizaje y su evaluaci\u00f3n, entre otros.<\/p>\n","protected":false},"excerpt":{"rendered":"<p>Concretamente, esta experiencia se articula en el centro de pr\u00e1cticas mediante un plan de trabajo individualizado acordado con la mentor\u00eda del centro, y en el aula virtual de la UOC por medio de una serie de actividades de aprendizaje para integrar y dar sentido a los aprendizajes que se van adquiriendo al lo largo de [&hellip;]<\/p>\n","protected":false},"author":1,"featured_media":0,"parent":0,"menu_order":0,"comment_status":"closed","ping_status":"closed","template":"","meta":[],"acf":[],"_links":{"self":[{"href":"http:\/\/guia-practiques-primaria.aula.uoc.edu\/guia-general\/es\/wp-json\/wp\/v2\/pages\/150"}],"collection":[{"href":"http:\/\/guia-practiques-primaria.aula.uoc.edu\/guia-general\/es\/wp-json\/wp\/v2\/pages"}],"about":[{"href":"http:\/\/guia-practiques-primaria.aula.uoc.edu\/guia-general\/es\/wp-json\/wp\/v2\/types\/page"}],"author":[{"embeddable":true,"href":"http:\/\/guia-practiques-primaria.aula.uoc.edu\/guia-general\/es\/wp-json\/wp\/v2\/users\/1"}],"replies":[{"embeddable":true,"href":"http:\/\/guia-practiques-primaria.aula.uoc.edu\/guia-general\/es\/wp-json\/wp\/v2\/comments?post=150"}],"version-history":[{"count":2,"href":"http:\/\/guia-practiques-primaria.aula.uoc.edu\/guia-general\/es\/wp-json\/wp\/v2\/pages\/150\/revisions"}],"predecessor-version":[{"id":261,"href":"http:\/\/guia-practiques-primaria.aula.uoc.edu\/guia-general\/es\/wp-json\/wp\/v2\/pages\/150\/revisions\/261"}],"wp:attachment":[{"href":"http:\/\/guia-practiques-primaria.aula.uoc.edu\/guia-general\/es\/wp-json\/wp\/v2\/media?parent=150"}],"curies":[{"name":"wp","href":"https:\/\/api.w.org\/{rel}","templated":true}]}}