{"id":158,"date":"2021-12-23T10:12:50","date_gmt":"2021-12-23T08:12:50","guid":{"rendered":"https:\/\/guia-practiques-primaria.aula.uoc.edu\/guia-general\/?page_id=158"},"modified":"2022-01-04T09:53:25","modified_gmt":"2022-01-04T07:53:25","slug":"4-comision-de-practicas","status":"publish","type":"page","link":"http:\/\/guia-practiques-primaria.aula.uoc.edu\/guia-general\/es\/4-comision-de-practicas\/","title":{"rendered":"4. Comisi\u00f3n de pr\u00e1cticas"},"content":{"rendered":"<p>La comisi\u00f3n de pr\u00e1cticas est\u00e1 integrada por personal acad\u00e9mico y de gesti\u00f3n y act\u00faa durante todo el proceso de pr\u00e1cticas, desde la fase de preparaci\u00f3n con la solicitud y matr\u00edcula en el Pr\u00e1cticum hasta el final del proceso de evaluaci\u00f3n de la asignatura.<\/p>\n<p>La comisi\u00f3n, adem\u00e1s, es la responsable de gestionar las relaciones que se establecen entre los tres agentes principales de la asignatura de pr\u00e1cticas \u2013el alumnado, el personal docente colaborador de la UOC y el mentor o mentora del centro de pr\u00e1cticas\u2013 y de velar por la calidad de las estancias en los centros desde un punto de vista estrictamente educativo, y siempre orientado a conseguir los objetivos previstos en el grado de Educaci\u00f3n Primaria.<\/p>\n<p>Esta comisi\u00f3n tambi\u00e9n es la encargada de:<\/p>\n<ul>\n<li>Validar el sistema de asignaci\u00f3n de centros y los criterios establecidos.<\/li>\n<li>Seleccionar al alumnado m\u00e1s adecuado para cada centro seg\u00fan los criterios de selecci\u00f3n previamente establecidos.<\/li>\n<li>Establecer criterios comunes sobre la gesti\u00f3n acad\u00e9mica de las pr\u00e1cticas externas, como el calendario, los cambios en la evaluaci\u00f3n o las incidencias acad\u00e9micas con el centro.<\/li>\n<li>Compartir y resolver casos y situaciones cr\u00edticas para tomar decisiones consensuadas y coherentes a lo largo del tiempo.<\/li>\n<\/ul>\n","protected":false},"excerpt":{"rendered":"<p>La comisi\u00f3n de pr\u00e1cticas est\u00e1 integrada por personal acad\u00e9mico y de gesti\u00f3n y act\u00faa durante todo el proceso de pr\u00e1cticas, desde la fase de preparaci\u00f3n con la solicitud y matr\u00edcula en el Pr\u00e1cticum hasta el final del proceso de evaluaci\u00f3n de la asignatura. La comisi\u00f3n, adem\u00e1s, es la responsable de gestionar las relaciones que se [&hellip;]<\/p>\n","protected":false},"author":1,"featured_media":0,"parent":0,"menu_order":0,"comment_status":"closed","ping_status":"closed","template":"","meta":[],"acf":[],"_links":{"self":[{"href":"http:\/\/guia-practiques-primaria.aula.uoc.edu\/guia-general\/es\/wp-json\/wp\/v2\/pages\/158"}],"collection":[{"href":"http:\/\/guia-practiques-primaria.aula.uoc.edu\/guia-general\/es\/wp-json\/wp\/v2\/pages"}],"about":[{"href":"http:\/\/guia-practiques-primaria.aula.uoc.edu\/guia-general\/es\/wp-json\/wp\/v2\/types\/page"}],"author":[{"embeddable":true,"href":"http:\/\/guia-practiques-primaria.aula.uoc.edu\/guia-general\/es\/wp-json\/wp\/v2\/users\/1"}],"replies":[{"embeddable":true,"href":"http:\/\/guia-practiques-primaria.aula.uoc.edu\/guia-general\/es\/wp-json\/wp\/v2\/comments?post=158"}],"version-history":[{"count":3,"href":"http:\/\/guia-practiques-primaria.aula.uoc.edu\/guia-general\/es\/wp-json\/wp\/v2\/pages\/158\/revisions"}],"predecessor-version":[{"id":243,"href":"http:\/\/guia-practiques-primaria.aula.uoc.edu\/guia-general\/es\/wp-json\/wp\/v2\/pages\/158\/revisions\/243"}],"wp:attachment":[{"href":"http:\/\/guia-practiques-primaria.aula.uoc.edu\/guia-general\/es\/wp-json\/wp\/v2\/media?parent=158"}],"curies":[{"name":"wp","href":"https:\/\/api.w.org\/{rel}","templated":true}]}}