{"id":161,"date":"2021-12-23T10:13:59","date_gmt":"2021-12-23T08:13:59","guid":{"rendered":"https:\/\/guia-practiques-primaria.aula.uoc.edu\/guia-general\/?page_id=161"},"modified":"2023-01-12T12:41:41","modified_gmt":"2023-01-12T10:41:41","slug":"5-1-introduccion","status":"publish","type":"page","link":"http:\/\/guia-practiques-primaria.aula.uoc.edu\/guia-general\/es\/5-1-introduccion\/","title":{"rendered":"5.1. Introducci\u00f3n"},"content":{"rendered":"<p>A continuaci\u00f3n se presentan las competencias para adquirir y desarrollar por parte del estudiantado a lo largo de todos los Pr\u00e1cticums del grado de Educaci\u00f3n Primaria. En el espacio habilitado para cada Pr\u00e1cticum de esta gu\u00eda est\u00e1n concretadas aquellas competencias que se trabajar\u00e1n a cada momento.<\/p>\n<ul class=\"sub-menu\">\n<li class=\"menu-item menu-item-type-post_type menu-item-object-page menu-item-219\"><a href=\"http:\/\/guia-practiques-primaria.aula.uoc.edu\/guia-general\/es\/5-2-competencias-basicas\/\">5.2. Competencias b\u00e1sicas<\/a><\/li>\n<li class=\"menu-item menu-item-type-post_type menu-item-object-page menu-item-220\"><a href=\"http:\/\/guia-practiques-primaria.aula.uoc.edu\/guia-general\/es\/5-3-competencias-generales\/\">5.3. Competencias generales<\/a><\/li>\n<li class=\"menu-item menu-item-type-post_type menu-item-object-page menu-item-221\"><a href=\"http:\/\/guia-practiques-primaria.aula.uoc.edu\/guia-general\/es\/5-4-competencias-transversales\/\">5.4. Competencias transversales<\/a><\/li>\n<li class=\"menu-item menu-item-type-post_type menu-item-object-page menu-item-222\"><a href=\"http:\/\/guia-practiques-primaria.aula.uoc.edu\/guia-general\/es\/5-5-competencias-especificas\/\">5.5. Competencias espec\u00edficas<\/a><\/li>\n<\/ul>\n","protected":false},"excerpt":{"rendered":"<p>A continuaci\u00f3n se presentan las competencias para adquirir y desarrollar por parte del estudiantado a lo largo de todos los Pr\u00e1cticums del grado de Educaci\u00f3n Primaria. En el espacio habilitado para cada Pr\u00e1cticum de esta gu\u00eda est\u00e1n concretadas aquellas competencias que se trabajar\u00e1n a cada momento. 5.2. Competencias b\u00e1sicas 5.3. Competencias generales 5.4. Competencias transversales [&hellip;]<\/p>\n","protected":false},"author":1,"featured_media":0,"parent":0,"menu_order":0,"comment_status":"closed","ping_status":"closed","template":"","meta":[],"acf":[],"_links":{"self":[{"href":"http:\/\/guia-practiques-primaria.aula.uoc.edu\/guia-general\/es\/wp-json\/wp\/v2\/pages\/161"}],"collection":[{"href":"http:\/\/guia-practiques-primaria.aula.uoc.edu\/guia-general\/es\/wp-json\/wp\/v2\/pages"}],"about":[{"href":"http:\/\/guia-practiques-primaria.aula.uoc.edu\/guia-general\/es\/wp-json\/wp\/v2\/types\/page"}],"author":[{"embeddable":true,"href":"http:\/\/guia-practiques-primaria.aula.uoc.edu\/guia-general\/es\/wp-json\/wp\/v2\/users\/1"}],"replies":[{"embeddable":true,"href":"http:\/\/guia-practiques-primaria.aula.uoc.edu\/guia-general\/es\/wp-json\/wp\/v2\/comments?post=161"}],"version-history":[{"count":7,"href":"http:\/\/guia-practiques-primaria.aula.uoc.edu\/guia-general\/es\/wp-json\/wp\/v2\/pages\/161\/revisions"}],"predecessor-version":[{"id":271,"href":"http:\/\/guia-practiques-primaria.aula.uoc.edu\/guia-general\/es\/wp-json\/wp\/v2\/pages\/161\/revisions\/271"}],"wp:attachment":[{"href":"http:\/\/guia-practiques-primaria.aula.uoc.edu\/guia-general\/es\/wp-json\/wp\/v2\/media?parent=161"}],"curies":[{"name":"wp","href":"https:\/\/api.w.org\/{rel}","templated":true}]}}