{"id":175,"date":"2021-12-23T10:20:03","date_gmt":"2021-12-23T08:20:03","guid":{"rendered":"https:\/\/guia-practiques-primaria.aula.uoc.edu\/guia-general\/?page_id=175"},"modified":"2021-12-23T10:20:03","modified_gmt":"2021-12-23T08:20:03","slug":"5-4-competencias-transversales","status":"publish","type":"page","link":"http:\/\/guia-practiques-primaria.aula.uoc.edu\/guia-general\/es\/5-4-competencias-transversales\/","title":{"rendered":"5.4. Competencias transversales"},"content":{"rendered":"<p><strong>CT3<\/strong>. Actuar de manera honesta, \u00e9tica, sostenible, socialmente responsable y respetuosa con los derechos humanos y la diversidad, tanto en la pr\u00e1ctica acad\u00e9mica como en la profesional.<\/p>\n","protected":false},"excerpt":{"rendered":"<p>CT3. Actuar de manera honesta, \u00e9tica, sostenible, socialmente responsable y respetuosa con los derechos humanos y la diversidad, tanto en la pr\u00e1ctica acad\u00e9mica como en la profesional.<\/p>\n","protected":false},"author":1,"featured_media":0,"parent":0,"menu_order":0,"comment_status":"closed","ping_status":"closed","template":"","meta":[],"acf":[],"_links":{"self":[{"href":"http:\/\/guia-practiques-primaria.aula.uoc.edu\/guia-general\/es\/wp-json\/wp\/v2\/pages\/175"}],"collection":[{"href":"http:\/\/guia-practiques-primaria.aula.uoc.edu\/guia-general\/es\/wp-json\/wp\/v2\/pages"}],"about":[{"href":"http:\/\/guia-practiques-primaria.aula.uoc.edu\/guia-general\/es\/wp-json\/wp\/v2\/types\/page"}],"author":[{"embeddable":true,"href":"http:\/\/guia-practiques-primaria.aula.uoc.edu\/guia-general\/es\/wp-json\/wp\/v2\/users\/1"}],"replies":[{"embeddable":true,"href":"http:\/\/guia-practiques-primaria.aula.uoc.edu\/guia-general\/es\/wp-json\/wp\/v2\/comments?post=175"}],"version-history":[{"count":2,"href":"http:\/\/guia-practiques-primaria.aula.uoc.edu\/guia-general\/es\/wp-json\/wp\/v2\/pages\/175\/revisions"}],"predecessor-version":[{"id":177,"href":"http:\/\/guia-practiques-primaria.aula.uoc.edu\/guia-general\/es\/wp-json\/wp\/v2\/pages\/175\/revisions\/177"}],"wp:attachment":[{"href":"http:\/\/guia-practiques-primaria.aula.uoc.edu\/guia-general\/es\/wp-json\/wp\/v2\/media?parent=175"}],"curies":[{"name":"wp","href":"https:\/\/api.w.org\/{rel}","templated":true}]}}