{"id":181,"date":"2021-12-23T10:22:10","date_gmt":"2021-12-23T08:22:10","guid":{"rendered":"https:\/\/guia-practiques-primaria.aula.uoc.edu\/guia-general\/?page_id=181"},"modified":"2021-12-23T10:22:38","modified_gmt":"2021-12-23T08:22:38","slug":"6-contenidos","status":"publish","type":"page","link":"http:\/\/guia-practiques-primaria.aula.uoc.edu\/guia-general\/es\/6-contenidos\/","title":{"rendered":"6. Contenidos"},"content":{"rendered":"<p>Los contenidos que se trabajan en las asignaturas de Pr\u00e1cticum de Educaci\u00f3n Primaria se recogen en las l\u00edneas generales que se presentan a continuaci\u00f3n:<\/p>\n<ul>\n<li>El perfil profesional del maestro.<\/li>\n<li>El maestro como indagador.<\/li>\n<li>La indagaci\u00f3n colaborativa.<\/li>\n<li>El perfil \u00e9tico del maestro: valores y actuaci\u00f3n docente.<\/li>\n<li>El centro educativo.<\/li>\n<li>Organizaci\u00f3n.<\/li>\n<li>Procesos de interacci\u00f3n y comunicaci\u00f3n en el aula.<\/li>\n<li>Procesos de organizaci\u00f3n social y aprendizaje en el aula.<\/li>\n<li>Formas de colaboraci\u00f3n con los distintos sectores de la comunidad educativa y del entorno social.<\/li>\n<li>An\u00e1lisis de los diferentes niveles de la pr\u00e1ctica educativa.<\/li>\n<li>Dise\u00f1o y evaluaci\u00f3n de propuestas de intervenci\u00f3n en el aula.<\/li>\n<\/ul>\n","protected":false},"excerpt":{"rendered":"<p>Los contenidos que se trabajan en las asignaturas de Pr\u00e1cticum de Educaci\u00f3n Primaria se recogen en las l\u00edneas generales que se presentan a continuaci\u00f3n: El perfil profesional del maestro. El maestro como indagador. La indagaci\u00f3n colaborativa. El perfil \u00e9tico del maestro: valores y actuaci\u00f3n docente. El centro educativo. Organizaci\u00f3n. Procesos de interacci\u00f3n y comunicaci\u00f3n en [&hellip;]<\/p>\n","protected":false},"author":1,"featured_media":0,"parent":0,"menu_order":0,"comment_status":"closed","ping_status":"closed","template":"","meta":[],"acf":[],"_links":{"self":[{"href":"http:\/\/guia-practiques-primaria.aula.uoc.edu\/guia-general\/es\/wp-json\/wp\/v2\/pages\/181"}],"collection":[{"href":"http:\/\/guia-practiques-primaria.aula.uoc.edu\/guia-general\/es\/wp-json\/wp\/v2\/pages"}],"about":[{"href":"http:\/\/guia-practiques-primaria.aula.uoc.edu\/guia-general\/es\/wp-json\/wp\/v2\/types\/page"}],"author":[{"embeddable":true,"href":"http:\/\/guia-practiques-primaria.aula.uoc.edu\/guia-general\/es\/wp-json\/wp\/v2\/users\/1"}],"replies":[{"embeddable":true,"href":"http:\/\/guia-practiques-primaria.aula.uoc.edu\/guia-general\/es\/wp-json\/wp\/v2\/comments?post=181"}],"version-history":[{"count":3,"href":"http:\/\/guia-practiques-primaria.aula.uoc.edu\/guia-general\/es\/wp-json\/wp\/v2\/pages\/181\/revisions"}],"predecessor-version":[{"id":184,"href":"http:\/\/guia-practiques-primaria.aula.uoc.edu\/guia-general\/es\/wp-json\/wp\/v2\/pages\/181\/revisions\/184"}],"wp:attachment":[{"href":"http:\/\/guia-practiques-primaria.aula.uoc.edu\/guia-general\/es\/wp-json\/wp\/v2\/media?parent=181"}],"curies":[{"name":"wp","href":"https:\/\/api.w.org\/{rel}","templated":true}]}}