{"id":194,"date":"2021-12-23T10:31:59","date_gmt":"2021-12-23T08:31:59","guid":{"rendered":"https:\/\/guia-practiques-primaria.aula.uoc.edu\/guia-general\/?page_id=194"},"modified":"2021-12-23T10:33:57","modified_gmt":"2021-12-23T08:33:57","slug":"8-2-las-actividades-presenciales-en-el-centro-de-practicas","status":"publish","type":"page","link":"http:\/\/guia-practiques-primaria.aula.uoc.edu\/guia-general\/es\/8-2-las-actividades-presenciales-en-el-centro-de-practicas\/","title":{"rendered":"8.2. Las actividades presenciales (en el centro de pr\u00e1cticas)"},"content":{"rendered":"<p>Son las actividades que se realizan en el centro de pr\u00e1cticas. La tipolog\u00eda de tareas puede ser muy diversa seg\u00fan las caracter\u00edsticas del centro de pr\u00e1cticas y las funciones encomendadas y acordadas entre el centro de pr\u00e1cticas y el estudiantado con el apoyo de la mentor\u00eda. Pero, en l\u00edneas generales, estas actividades podr\u00edan incluir, entre otras:<\/p>\n<ul>\n<li>Dise\u00f1ar una intervenci\u00f3n educativa.<\/li>\n<li>Evaluar tareas y proporcionar un <em>feedback<\/em> formativo al alumnado.<\/li>\n<li>Dise\u00f1ar nuevas propuestas de aprendizaje.<\/li>\n<li>Evaluar la propia intervenci\u00f3n y establecer mejoras de futuro.<\/li>\n<li>Asistir y participar a reuniones de equipos de ciclo y a los claustros.<\/li>\n<li>Asistir a reuniones o a actividades con las familias de los alumnos y las alumnas.<\/li>\n<li>Asistir a reuniones de coordinaci\u00f3n con profesionales externos.<\/li>\n<\/ul>\n<p>El abanico de tareas posibles es muy amplio y se acaban concretando tanto con el personal docente colaborador como con el mentor o mentora del Pr\u00e1cticum mediante el plan de trabajo individualizado.<\/p>\n","protected":false},"excerpt":{"rendered":"<p>Son las actividades que se realizan en el centro de pr\u00e1cticas. La tipolog\u00eda de tareas puede ser muy diversa seg\u00fan las caracter\u00edsticas del centro de pr\u00e1cticas y las funciones encomendadas y acordadas entre el centro de pr\u00e1cticas y el estudiantado con el apoyo de la mentor\u00eda. Pero, en l\u00edneas generales, estas actividades podr\u00edan incluir, entre [&hellip;]<\/p>\n","protected":false},"author":1,"featured_media":0,"parent":0,"menu_order":0,"comment_status":"closed","ping_status":"closed","template":"","meta":[],"acf":[],"_links":{"self":[{"href":"http:\/\/guia-practiques-primaria.aula.uoc.edu\/guia-general\/es\/wp-json\/wp\/v2\/pages\/194"}],"collection":[{"href":"http:\/\/guia-practiques-primaria.aula.uoc.edu\/guia-general\/es\/wp-json\/wp\/v2\/pages"}],"about":[{"href":"http:\/\/guia-practiques-primaria.aula.uoc.edu\/guia-general\/es\/wp-json\/wp\/v2\/types\/page"}],"author":[{"embeddable":true,"href":"http:\/\/guia-practiques-primaria.aula.uoc.edu\/guia-general\/es\/wp-json\/wp\/v2\/users\/1"}],"replies":[{"embeddable":true,"href":"http:\/\/guia-practiques-primaria.aula.uoc.edu\/guia-general\/es\/wp-json\/wp\/v2\/comments?post=194"}],"version-history":[{"count":2,"href":"http:\/\/guia-practiques-primaria.aula.uoc.edu\/guia-general\/es\/wp-json\/wp\/v2\/pages\/194\/revisions"}],"predecessor-version":[{"id":196,"href":"http:\/\/guia-practiques-primaria.aula.uoc.edu\/guia-general\/es\/wp-json\/wp\/v2\/pages\/194\/revisions\/196"}],"wp:attachment":[{"href":"http:\/\/guia-practiques-primaria.aula.uoc.edu\/guia-general\/es\/wp-json\/wp\/v2\/media?parent=194"}],"curies":[{"name":"wp","href":"https:\/\/api.w.org\/{rel}","templated":true}]}}