{"id":207,"date":"2021-12-23T10:44:36","date_gmt":"2021-12-23T08:44:36","guid":{"rendered":"https:\/\/guia-practiques-primaria.aula.uoc.edu\/guia-general\/?page_id=207"},"modified":"2022-01-04T09:47:48","modified_gmt":"2022-01-04T07:47:48","slug":"10-seguimiento-del-desarrollo-de-las-practicas","status":"publish","type":"page","link":"http:\/\/guia-practiques-primaria.aula.uoc.edu\/guia-general\/es\/10-seguimiento-del-desarrollo-de-las-practicas\/","title":{"rendered":"10. Seguimiento del desarrollo de las pr\u00e1cticas"},"content":{"rendered":"<p>Con esta finalidad, el personal docente colaborador y el mentor o mentora del centro mantienen el contacto peri\u00f3dicamente para hacer un seguimiento preciso del trabajo del estudiantado y de establecer una relaci\u00f3n fluida entre la universidad y el centro en beneficio de su aprendizaje. El objetivo de este seguimiento continuado es asegurar que tanto la mentor\u00eda del centro como las alumnas y los alumnos se sienten acompa\u00f1ados por parte de la universidad y a trav\u00e9s del personal docente colaborador.<\/p>\n<p>De manera orientativa, se mantienen tres momentos de seguimiento:<\/p>\n<ol>\n<li><strong>Un<\/strong> <strong>contacto inicial para asegurar que la incorporaci\u00f3n ha sido satisfactoria<\/strong>.<\/li>\n<li><strong>Un contacto a la mitad del per\u00edodo para hacer el seguimiento<\/strong> y con el objetivo de asegurar una evaluaci\u00f3n formativa y continuada en relaci\u00f3n con el plan de trabajo acordado.<\/li>\n<li><strong>Un contacto al finalizar<\/strong> en el que el profesorado solicita al mentor o mentora del centro que haga <strong>una valoraci\u00f3n global de las pr\u00e1cticas del estudiantado y le asigne una calificaci\u00f3n de acuerdo con el informe de evaluaci\u00f3n final.<\/strong><\/li>\n<\/ol>\n<p>De esta manera, la evaluaci\u00f3n del estudiantado se hace a partir de:<\/p>\n<ul>\n<li>Las valoraciones del personal docente colaborador que eval\u00faa las actividades de aprendizaje o PEC del aula virtual; y<\/li>\n<li>las valoraciones del centro de pr\u00e1cticas en las que el mentor o mentora del centro eval\u00faa el trabajo hecho por el estudiantado por medio de sus herramientas de evaluaci\u00f3n dise\u00f1adas por el responsable de la asignatura y de acuerdo con los criterios de evaluaci\u00f3n, y elabora el informe de evaluaci\u00f3n final.<\/li>\n<\/ul>\n<p>Por lo tanto, la evaluaci\u00f3n de las diferentes asignaturas de Pr\u00e1cticums tendr\u00e1 en cuenta dos elementos:<\/p>\n<p><img loading=\"lazy\" class=\"alignnone wp-image-237 size-large\" src=\"\/wp-content\/uploads\/sites\/4\/2022\/01\/44058_01_ES-1024x419.png\" alt=\"\" width=\"640\" height=\"262\" srcset=\"\/wp-content\/uploads\/sites\/4\/2022\/01\/44058_01_ES-1024x419.png 1024w, \/wp-content\/uploads\/sites\/4\/2022\/01\/44058_01_ES-300x123.png 300w, \/wp-content\/uploads\/sites\/4\/2022\/01\/44058_01_ES-768x314.png 768w, \/wp-content\/uploads\/sites\/4\/2022\/01\/44058_01_ES.png 1252w\" sizes=\"(max-width: 640px) 100vw, 640px\" \/><\/p>\n<p>&nbsp;<\/p>\n","protected":false},"excerpt":{"rendered":"<p>Con esta finalidad, el personal docente colaborador y el mentor o mentora del centro mantienen el contacto peri\u00f3dicamente para hacer un seguimiento preciso del trabajo del estudiantado y de establecer una relaci\u00f3n fluida entre la universidad y el centro en beneficio de su aprendizaje. El objetivo de este seguimiento continuado es asegurar que tanto la [&hellip;]<\/p>\n","protected":false},"author":1,"featured_media":0,"parent":0,"menu_order":0,"comment_status":"closed","ping_status":"closed","template":"","meta":[],"acf":[],"_links":{"self":[{"href":"http:\/\/guia-practiques-primaria.aula.uoc.edu\/guia-general\/es\/wp-json\/wp\/v2\/pages\/207"}],"collection":[{"href":"http:\/\/guia-practiques-primaria.aula.uoc.edu\/guia-general\/es\/wp-json\/wp\/v2\/pages"}],"about":[{"href":"http:\/\/guia-practiques-primaria.aula.uoc.edu\/guia-general\/es\/wp-json\/wp\/v2\/types\/page"}],"author":[{"embeddable":true,"href":"http:\/\/guia-practiques-primaria.aula.uoc.edu\/guia-general\/es\/wp-json\/wp\/v2\/users\/1"}],"replies":[{"embeddable":true,"href":"http:\/\/guia-practiques-primaria.aula.uoc.edu\/guia-general\/es\/wp-json\/wp\/v2\/comments?post=207"}],"version-history":[{"count":5,"href":"http:\/\/guia-practiques-primaria.aula.uoc.edu\/guia-general\/es\/wp-json\/wp\/v2\/pages\/207\/revisions"}],"predecessor-version":[{"id":239,"href":"http:\/\/guia-practiques-primaria.aula.uoc.edu\/guia-general\/es\/wp-json\/wp\/v2\/pages\/207\/revisions\/239"}],"wp:attachment":[{"href":"http:\/\/guia-practiques-primaria.aula.uoc.edu\/guia-general\/es\/wp-json\/wp\/v2\/media?parent=207"}],"curies":[{"name":"wp","href":"https:\/\/api.w.org\/{rel}","templated":true}]}}