{"id":36,"date":"2021-12-02T12:14:27","date_gmt":"2021-12-02T10:14:27","guid":{"rendered":"https:\/\/guia-practiques-primaria.aula.uoc.edu\/introduccio\/?page_id=36"},"modified":"2022-01-05T09:59:05","modified_gmt":"2022-01-05T07:59:05","slug":"1-introduccio","status":"publish","type":"page","link":"http:\/\/guia-practiques-primaria.aula.uoc.edu\/guia-general\/","title":{"rendered":"1. Introducci\u00f3"},"content":{"rendered":"<p><div class=\"featured featured-blue\"><p>L\u2019assignatura del Pr\u00e0cticum consisteix en una experi\u00e8ncia professionalitzadora que permet a l\u2019alumnat posar en pr\u00e0ctica i anar consolidant l\u2019assoliment de les compet\u00e8ncies que es treballen al llarg del grau d\u2019Educaci\u00f3 Prim\u00e0ria.<\/p>\n<\/div> Concretament, aquesta experi\u00e8ncia s\u2019articula al centre de pr\u00e0ctiques mitjan\u00e7ant un pla de treball individualitzat acordat amb la mentoria del centre, i a l\u2019aula virtual de la UOC per mitj\u00e0 d\u2019una s\u00e8rie d\u2019activitats d\u2019aprenentatge per tal d\u2019integrar i donar sentit als aprenentatges que es van adquirint al llarg de la titulaci\u00f3.<\/p>\n<p>Amb aix\u00f2 l\u2019assignatura del Pr\u00e0cticum es vol centrar a:<\/p>\n<ul>\n<li>Potenciar la formaci\u00f3 del mestre com a indagador (tenint en compte la relaci\u00f3 entre la teoria i la pr\u00e0ctica);<\/li>\n<li>contemplar les compet\u00e8ncies emocionals de l\u2019alumnat;<\/li>\n<li>promoure la compet\u00e8ncia del treball en equip;<\/li>\n<li>promoure l\u2019\u00fas de la tecnologia per a l\u2019aprenentatge i per a l\u2019avaluaci\u00f3;<\/li>\n<li>integrar aprenentatge en el proc\u00e9s d\u2019avaluaci\u00f3;<\/li>\n<li>afavorir diferents formats d\u2019interacci\u00f3 educativa a l\u2019aula;<\/li>\n<li>assegurar la comunicaci\u00f3 entre professorat, mentoria i estudiantat;<\/li>\n<li>proporcionar oportunitats d\u2019aprenentatge d\u2019acord amb la diversitat de funcions que exerceix el perfil professional de mestre;<\/li>\n<li>promoure la relaci\u00f3 de col\u00b7laboraci\u00f3 entre la universitat i l\u2019escola;<\/li>\n<li>i capacitar l\u2019estudiantat per a la doc\u00e8ncia tant presencial com virtual.<\/li>\n<\/ul>\n<p>Aquesta <em>Guia de pr\u00e0ctiques del grau d\u2019Educaci\u00f3 Prim\u00e0ria<\/em> recull tota la informaci\u00f3 relativa als continguts i al funcionament de l\u2019assignatura, i vol donar resposta a les preguntes m\u00e9s freq\u00fcents que l\u2019estudiantat es planteja en el moment de cursar-les. Per aix\u00f2, explica en detall en qu\u00e8 consisteix l\u2019assignatura, els resultats d\u2019aprenentatge per assolir, i les activitats d\u2019aprenentatge i la seva avaluaci\u00f3, entre d\u2019altres.<\/p>\n","protected":false},"excerpt":{"rendered":"<p>Concretament, aquesta experi\u00e8ncia s\u2019articula al centre de pr\u00e0ctiques mitjan\u00e7ant un pla de treball individualitzat acordat amb la mentoria del centre, i a l\u2019aula virtual de la UOC per mitj\u00e0 d\u2019una s\u00e8rie d\u2019activitats d\u2019aprenentatge per tal d\u2019integrar i donar sentit als aprenentatges que es van adquirint al llarg de la titulaci\u00f3. Amb aix\u00f2 l\u2019assignatura del Pr\u00e0cticum [&hellip;]<\/p>\n","protected":false},"author":1,"featured_media":0,"parent":0,"menu_order":0,"comment_status":"closed","ping_status":"closed","template":"","meta":[],"acf":[],"_links":{"self":[{"href":"http:\/\/guia-practiques-primaria.aula.uoc.edu\/guia-general\/wp-json\/wp\/v2\/pages\/36"}],"collection":[{"href":"http:\/\/guia-practiques-primaria.aula.uoc.edu\/guia-general\/wp-json\/wp\/v2\/pages"}],"about":[{"href":"http:\/\/guia-practiques-primaria.aula.uoc.edu\/guia-general\/wp-json\/wp\/v2\/types\/page"}],"author":[{"embeddable":true,"href":"http:\/\/guia-practiques-primaria.aula.uoc.edu\/guia-general\/wp-json\/wp\/v2\/users\/1"}],"replies":[{"embeddable":true,"href":"http:\/\/guia-practiques-primaria.aula.uoc.edu\/guia-general\/wp-json\/wp\/v2\/comments?post=36"}],"version-history":[{"count":4,"href":"http:\/\/guia-practiques-primaria.aula.uoc.edu\/guia-general\/wp-json\/wp\/v2\/pages\/36\/revisions"}],"predecessor-version":[{"id":248,"href":"http:\/\/guia-practiques-primaria.aula.uoc.edu\/guia-general\/wp-json\/wp\/v2\/pages\/36\/revisions\/248"}],"wp:attachment":[{"href":"http:\/\/guia-practiques-primaria.aula.uoc.edu\/guia-general\/wp-json\/wp\/v2\/media?parent=36"}],"curies":[{"name":"wp","href":"https:\/\/api.w.org\/{rel}","templated":true}]}}