{"id":41,"date":"2021-12-02T12:19:56","date_gmt":"2021-12-02T10:19:56","guid":{"rendered":"https:\/\/guia-practiques-primaria.aula.uoc.edu\/introduccio\/?page_id=41"},"modified":"2021-12-15T14:16:43","modified_gmt":"2021-12-15T12:16:43","slug":"3-lequip-docent","status":"publish","type":"page","link":"http:\/\/guia-practiques-primaria.aula.uoc.edu\/guia-general\/3-lequip-docent\/","title":{"rendered":"3. L\u2019equip docent"},"content":{"rendered":"<p>Tot seguit s\u2019exposa una breu explicaci\u00f3 de l\u2019equip docent que integra l\u2019assignatura i de les seves funcions:<\/p>\n<p><strong>Tutora o tutor del grau d\u2019Educaci\u00f3 Prim\u00e0ria:<\/strong> \u00e9s la persona que assessora l\u2019estudiantat sobre quan \u00e9s m\u00e9s recomanable cursar el Pr\u00e0cticum dins del seu itinerari formatiu i com organitzar les pr\u00e0ctiques tenint en compte les seves prefer\u00e8ncies i interessos, aix\u00ed com els seus horaris professionals i personals. A m\u00e9s, la tutoria t\u00e9 un paper important durant el proc\u00e9s de selecci\u00f3 i adjudicaci\u00f3 del centre de pr\u00e0ctiques, i pot oferir consell espec\u00edfic a l\u2019alumnat sobre el centre o altres aspectes.<\/p>\n<p><strong>Personal docent responsable de l\u2019assignatura: <\/strong>t\u00e9 com a funci\u00f3 principal el disseny pedag\u00f2gic del proc\u00e9s de pr\u00e0ctiques amb l\u2019objectiu d\u2019afavorir el desenvolupament i l\u2019avaluaci\u00f3 de les compet\u00e8ncies dels estudiants i les estudiants pr\u00f2pies del perfil de mestre d\u2019educaci\u00f3 prim\u00e0ria del qual s\u2019articula la titulaci\u00f3. A m\u00e9s a m\u00e9s, \u00e9s qui coordina la comissi\u00f3 de pr\u00e0ctiques, que \u00e9s qui valora la idone\u00eftat de les sol\u00b7licituds d\u2019estades de pr\u00e0ctiques que presenta l\u2019alumnat i selecciona la persona m\u00e9s adient d\u2019acord amb els criteris pr\u00e8viament estipulats.<\/p>\n<p><strong>Personal docent col\u00b7laborador: <\/strong>\u00e9s la persona que orienta i assessora l\u2019alumnat de manera continuada i durant tot el per\u00edode de pr\u00e0ctiques, sobretot mitjan\u00e7ant l\u2019aula virtual de la UOC. \u00c9s qui haur\u00e0 de definir les caracter\u00edstiques espec\u00edfiques que tindr\u00e0 el pla de treball individualitzat de cada estudiant.<\/p>\n<p>En aquest sentit, el personal docent col\u00b7laborador coordina, dinamitza i avalua les proves d\u2019avaluaci\u00f3 continuada o PAC que cal que l\u2019alumnat faci al llarg de l\u2019assignatura. Per aix\u00f2 dona suport a escala individual i grupal, i mant\u00e9 un contacte i un seguiment personalitzat amb aquest estudiantat a fi de garantir la coher\u00e8ncia i la complementarietat entre l\u2019activitat que desenvolupa al centre presencialment i la que desenvolupa a l\u2019aula virtualment.<\/p>\n<p>Aix\u00ed mateix, \u00e9s qui estableix les din\u00e0miques m\u00e9s adequades a l\u2019aula per promoure l\u2019intercanvi de viv\u00e8ncies i experi\u00e8ncies entre el grup d\u2019estudiants i el personal docent.<\/p>\n<p><strong>Mentor o mentora de centre: <\/strong>\u00e9s la persona del centre de pr\u00e0ctiques que acull l\u2019estudiantat i l\u2019orienta pel que fa al context espec\u00edfic del centre, el col\u00b7lectiu i les din\u00e0miques i activitats que ha de portar a terme durant la seva estada a la instituci\u00f3. En aquest sentit, el mentor o la mentora del centre t\u00e9 acc\u00e9s a aquesta <em>Guia de pr\u00e0ctiques <\/em>a fi de garantir que coneix la informaci\u00f3 necess\u00e0ria sobre el proc\u00e9s, les funcions dels agents implicats i els resultats esperats.<\/p>\n<p>El mentor o la mentora vetllar\u00e0 per garantir el compliment dels drets de l\u2019estudiantat durant la realitzaci\u00f3 de les pr\u00e0ctiques, els quals es detallen a continuaci\u00f3:<\/p>\n<ul>\n<li>Ser acompanyat i format per part dels professionals i les professionals del centre formador d\u2019acord amb el seu projecte de centre formador.<\/li>\n<li>Participar i col\u00b7laborar, com a agent actiu, en el projecte educatiu de centre, en la mesura dels seus coneixements i del seu paper com a estudiant de pr\u00e0ctiques.<\/li>\n<li>Con\u00e8ixer i iniciar-se en la pr\u00e0ctica de t\u00e8cniques i habilitats professionals amb l\u2019acompanyament de la persona mentora.<\/li>\n<li>Ser avaluada o avaluat d\u2019acord amb els criteris establerts i recollits en l\u2019informe d\u2019avaluaci\u00f3.<\/li>\n<li>Durant la seva estada en pr\u00e0ctiques l\u2019estudiantat no ha d\u2019assumir les responsabilitats pr\u00f2pies dels professionals i les professionals dels centres formadors.<\/li>\n<\/ul>\n<p>Concretament, les funcions de la mentoria de centre es concreten en tres moments:<\/p>\n<table style=\"height: 180px;\" width=\"773\">\n<tbody>\n<tr class=\"table-header\">\n<td width=\"602\"><strong>Acompanyament durant l\u2019estada<\/strong><\/td>\n<\/tr>\n<tr>\n<td width=\"602\">Acollir l\u2019estudiant en el marc de la instituci\u00f3 on es faran les pr\u00e0ctiques.<\/td>\n<\/tr>\n<tr>\n<td width=\"602\">Explicar la missi\u00f3 del centre i el servei espec\u00edfic, com tamb\u00e9 el seu funcionament.<\/td>\n<\/tr>\n<tr>\n<td width=\"602\">Resoldre els dubtes que vagin sorgint durant la seva estada.<\/td>\n<\/tr>\n<tr>\n<td width=\"602\">Facilitar els recursos o materials necessaris perqu\u00e8 l\u2019estudiantat desenvolupi la seva tasca.<\/td>\n<\/tr>\n<\/tbody>\n<\/table>\n<table style=\"height: 241px;\" width=\"774\">\n<tbody>\n<tr class=\"table-header\">\n<td width=\"602\"><strong>Assegurament de la participaci\u00f3 en la din\u00e0mica del centre<\/strong><\/td>\n<\/tr>\n<tr>\n<td width=\"602\">Facilitar el contacte de l\u2019estudiantat amb altres persones de l\u2019organitzaci\u00f3 a fi que pugui desenvolupar amb \u00e8xit les seves pr\u00e0ctiques. En funci\u00f3 de les tasques, l\u2019estudiant podr\u00e0 assistir amb el rol d\u2019observadora o observador a reunions internes per con\u00e8ixer la realitat de l\u2019organitzaci\u00f3, per exemple.<\/td>\n<\/tr>\n<tr>\n<td width=\"602\">Donar suport a l\u2019alumnat en la detecci\u00f3 de necessitats i l\u2019adequaci\u00f3 del disseny i del desenvolupament de la intervenci\u00f3 al context. El seu acompanyament es fa de manera coordinada amb el personal col\u00b7laborador de la UOC, tot i que aquest \u00faltim \u00e9s la figura principal d\u2019orientaci\u00f3 i avaluaci\u00f3 de les pr\u00e0ctiques.<\/td>\n<\/tr>\n<\/tbody>\n<\/table>\n<table style=\"height: 152px;\" width=\"774\">\n<tbody>\n<tr class=\"table-header\">\n<td width=\"602\"><strong>Participaci\u00f3 en l\u2019avaluaci\u00f3 final de les pr\u00e0ctiques<\/strong><\/td>\n<\/tr>\n<tr>\n<td width=\"602\">A banda de l\u2019avaluaci\u00f3 formativa i continuada en el marc del Pr\u00e0cticum, al final del per\u00edode de pr\u00e0ctiques, la mentoria de centre fa una valoraci\u00f3 de l\u2019estada de l\u2019estudiant. Els aspectes concrets que ha de valorar s\u00f3n els que inclou l\u2019informe d\u2019avaluaci\u00f3 disponible en aquesta guia.<\/td>\n<\/tr>\n<\/tbody>\n<\/table>\n<div class=\"featured featured-blue\"><p>Al final de la seva tasca el professional que ha exercit aquesta funci\u00f3 rep, en cas que ho sol\u00b7liciti, un certificat de la universitat en el qual s\u2019acreditar\u00e0 aquesta funci\u00f3.<\/p>\n<\/div>\n","protected":false},"excerpt":{"rendered":"<p>Tot seguit s\u2019exposa una breu explicaci\u00f3 de l\u2019equip docent que integra l\u2019assignatura i de les seves funcions: Tutora o tutor del grau d\u2019Educaci\u00f3 Prim\u00e0ria: \u00e9s la persona que assessora l\u2019estudiantat sobre quan \u00e9s m\u00e9s recomanable cursar el Pr\u00e0cticum dins del seu itinerari formatiu i com organitzar les pr\u00e0ctiques tenint en compte les seves prefer\u00e8ncies i [&hellip;]<\/p>\n","protected":false},"author":1,"featured_media":0,"parent":0,"menu_order":0,"comment_status":"closed","ping_status":"closed","template":"","meta":[],"acf":[],"_links":{"self":[{"href":"http:\/\/guia-practiques-primaria.aula.uoc.edu\/guia-general\/wp-json\/wp\/v2\/pages\/41"}],"collection":[{"href":"http:\/\/guia-practiques-primaria.aula.uoc.edu\/guia-general\/wp-json\/wp\/v2\/pages"}],"about":[{"href":"http:\/\/guia-practiques-primaria.aula.uoc.edu\/guia-general\/wp-json\/wp\/v2\/types\/page"}],"author":[{"embeddable":true,"href":"http:\/\/guia-practiques-primaria.aula.uoc.edu\/guia-general\/wp-json\/wp\/v2\/users\/1"}],"replies":[{"embeddable":true,"href":"http:\/\/guia-practiques-primaria.aula.uoc.edu\/guia-general\/wp-json\/wp\/v2\/comments?post=41"}],"version-history":[{"count":13,"href":"http:\/\/guia-practiques-primaria.aula.uoc.edu\/guia-general\/wp-json\/wp\/v2\/pages\/41\/revisions"}],"predecessor-version":[{"id":130,"href":"http:\/\/guia-practiques-primaria.aula.uoc.edu\/guia-general\/wp-json\/wp\/v2\/pages\/41\/revisions\/130"}],"wp:attachment":[{"href":"http:\/\/guia-practiques-primaria.aula.uoc.edu\/guia-general\/wp-json\/wp\/v2\/media?parent=41"}],"curies":[{"name":"wp","href":"https:\/\/api.w.org\/{rel}","templated":true}]}}