{"id":49,"date":"2021-12-02T12:22:32","date_gmt":"2021-12-02T10:22:32","guid":{"rendered":"https:\/\/guia-practiques-primaria.aula.uoc.edu\/introduccio\/?page_id=49"},"modified":"2023-01-12T12:43:32","modified_gmt":"2023-01-12T10:43:32","slug":"5-perfil-competencial","status":"publish","type":"page","link":"http:\/\/guia-practiques-primaria.aula.uoc.edu\/guia-general\/5-perfil-competencial\/","title":{"rendered":"5.1. Introducci\u00f3"},"content":{"rendered":"<p>A continuaci\u00f3 es presenten les compet\u00e8ncies per adquirir i desenvolupar per part de l\u2019estudiantat al llarg de tots els Pr\u00e0cticums del grau d\u2019Educaci\u00f3 Prim\u00e0ria. A l\u2019espai habilitat per a cada Pr\u00e0cticum d\u2019aquesta guia hi ha concretades aquelles compet\u00e8ncies que es treballaran en cada moment.<\/p>\n<ul>\n<li><a href=\"http:\/\/guia-practiques-primaria.aula.uoc.edu\/guia-general\/5-2-competencies-basiques\/\">5.2. Compet\u00e8ncies b\u00e0siques<\/a><\/li>\n<li><a href=\"http:\/\/guia-practiques-primaria.aula.uoc.edu\/guia-general\/5-3-competencies-generals\/\">5.3. Compet\u00e8ncies generals<\/a><\/li>\n<li><a href=\"http:\/\/guia-practiques-primaria.aula.uoc.edu\/guia-general\/5-4-competencies-transversals\/\">5.4. Compet\u00e8ncies transversals<\/a><\/li>\n<li><a href=\"http:\/\/guia-practiques-primaria.aula.uoc.edu\/guia-general\/5-5-competencies-especifiques\/\">5.5. Compet\u00e8ncies espec\u00edfiques<\/a><\/li>\n<\/ul>\n","protected":false},"excerpt":{"rendered":"<p>A continuaci\u00f3 es presenten les compet\u00e8ncies per adquirir i desenvolupar per part de l\u2019estudiantat al llarg de tots els Pr\u00e0cticums del grau d\u2019Educaci\u00f3 Prim\u00e0ria. A l\u2019espai habilitat per a cada Pr\u00e0cticum d\u2019aquesta guia hi ha concretades aquelles compet\u00e8ncies que es treballaran en cada moment. 5.2. Compet\u00e8ncies b\u00e0siques 5.3. Compet\u00e8ncies generals 5.4. Compet\u00e8ncies transversals 5.5. Compet\u00e8ncies [&hellip;]<\/p>\n","protected":false},"author":1,"featured_media":0,"parent":0,"menu_order":0,"comment_status":"closed","ping_status":"closed","template":"","meta":[],"acf":[],"_links":{"self":[{"href":"http:\/\/guia-practiques-primaria.aula.uoc.edu\/guia-general\/wp-json\/wp\/v2\/pages\/49"}],"collection":[{"href":"http:\/\/guia-practiques-primaria.aula.uoc.edu\/guia-general\/wp-json\/wp\/v2\/pages"}],"about":[{"href":"http:\/\/guia-practiques-primaria.aula.uoc.edu\/guia-general\/wp-json\/wp\/v2\/types\/page"}],"author":[{"embeddable":true,"href":"http:\/\/guia-practiques-primaria.aula.uoc.edu\/guia-general\/wp-json\/wp\/v2\/users\/1"}],"replies":[{"embeddable":true,"href":"http:\/\/guia-practiques-primaria.aula.uoc.edu\/guia-general\/wp-json\/wp\/v2\/comments?post=49"}],"version-history":[{"count":8,"href":"http:\/\/guia-practiques-primaria.aula.uoc.edu\/guia-general\/wp-json\/wp\/v2\/pages\/49\/revisions"}],"predecessor-version":[{"id":272,"href":"http:\/\/guia-practiques-primaria.aula.uoc.edu\/guia-general\/wp-json\/wp\/v2\/pages\/49\/revisions\/272"}],"wp:attachment":[{"href":"http:\/\/guia-practiques-primaria.aula.uoc.edu\/guia-general\/wp-json\/wp\/v2\/media?parent=49"}],"curies":[{"name":"wp","href":"https:\/\/api.w.org\/{rel}","templated":true}]}}