{"id":51,"date":"2021-12-02T12:23:24","date_gmt":"2021-12-02T10:23:24","guid":{"rendered":"https:\/\/guia-practiques-primaria.aula.uoc.edu\/introduccio\/?page_id=51"},"modified":"2023-01-12T12:44:10","modified_gmt":"2023-01-12T10:44:10","slug":"5-2-competencies-basiques","status":"publish","type":"page","link":"http:\/\/guia-practiques-primaria.aula.uoc.edu\/guia-general\/5-2-competencies-basiques\/","title":{"rendered":"5.2. Compet\u00e8ncies b\u00e0siques"},"content":{"rendered":"<p><strong>CB2<\/strong>. Que els estudiants s\u00e0piguen aplicar els coneixements a la seva feina o vocaci\u00f3 d\u2019una manera professional i tinguin les compet\u00e8ncies que s\u2019acostumen a demostrar per mitj\u00e0 de l\u2019elaboraci\u00f3 i la defensa d\u2019arguments i la resoluci\u00f3 de problemes dins la seva \u00e0rea d\u2019estudi.<\/p>\n<p><strong>CB3<\/strong>. Que els estudiants tinguin la capacitat de reunir i interpretar dades rellevants (normalment dins de la seva \u00e0rea d\u2019estudi) per emetre judicis que incloguin una reflexi\u00f3 sobre temes rellevants d\u2019\u00edndole social, cient\u00edfica o \u00e8tica.<\/p>\n<p><strong>CB4<\/strong>. Que els estudiants puguin transmetre informaci\u00f3, idees, problemes i solucions a un p\u00fablic tant especialitzat com no especialitzat.<\/p>\n","protected":false},"excerpt":{"rendered":"<p>CB2. Que els estudiants s\u00e0piguen aplicar els coneixements a la seva feina o vocaci\u00f3 d\u2019una manera professional i tinguin les compet\u00e8ncies que s\u2019acostumen a demostrar per mitj\u00e0 de l\u2019elaboraci\u00f3 i la defensa d\u2019arguments i la resoluci\u00f3 de problemes dins la seva \u00e0rea d\u2019estudi. CB3. Que els estudiants tinguin la capacitat de reunir i interpretar dades [&hellip;]<\/p>\n","protected":false},"author":1,"featured_media":0,"parent":0,"menu_order":0,"comment_status":"closed","ping_status":"closed","template":"","meta":[],"acf":[],"_links":{"self":[{"href":"http:\/\/guia-practiques-primaria.aula.uoc.edu\/guia-general\/wp-json\/wp\/v2\/pages\/51"}],"collection":[{"href":"http:\/\/guia-practiques-primaria.aula.uoc.edu\/guia-general\/wp-json\/wp\/v2\/pages"}],"about":[{"href":"http:\/\/guia-practiques-primaria.aula.uoc.edu\/guia-general\/wp-json\/wp\/v2\/types\/page"}],"author":[{"embeddable":true,"href":"http:\/\/guia-practiques-primaria.aula.uoc.edu\/guia-general\/wp-json\/wp\/v2\/users\/1"}],"replies":[{"embeddable":true,"href":"http:\/\/guia-practiques-primaria.aula.uoc.edu\/guia-general\/wp-json\/wp\/v2\/comments?post=51"}],"version-history":[{"count":3,"href":"http:\/\/guia-practiques-primaria.aula.uoc.edu\/guia-general\/wp-json\/wp\/v2\/pages\/51\/revisions"}],"predecessor-version":[{"id":97,"href":"http:\/\/guia-practiques-primaria.aula.uoc.edu\/guia-general\/wp-json\/wp\/v2\/pages\/51\/revisions\/97"}],"wp:attachment":[{"href":"http:\/\/guia-practiques-primaria.aula.uoc.edu\/guia-general\/wp-json\/wp\/v2\/media?parent=51"}],"curies":[{"name":"wp","href":"https:\/\/api.w.org\/{rel}","templated":true}]}}