{"id":55,"date":"2021-12-02T12:25:40","date_gmt":"2021-12-02T10:25:40","guid":{"rendered":"https:\/\/guia-practiques-primaria.aula.uoc.edu\/introduccio\/?page_id=55"},"modified":"2023-01-12T12:44:41","modified_gmt":"2023-01-12T10:44:41","slug":"5-4-competencies-transversals","status":"publish","type":"page","link":"http:\/\/guia-practiques-primaria.aula.uoc.edu\/guia-general\/5-4-competencies-transversals\/","title":{"rendered":"5.4. Compet\u00e8ncies transversals"},"content":{"rendered":"<p><strong>CT3<\/strong>. Actuar de manera honesta, \u00e8tica, sostenible, socialment responsable i respectuosa amb els drets humans i la diversitat, tant en la pr\u00e0ctica acad\u00e8mica com en la professional.<\/p>\n","protected":false},"excerpt":{"rendered":"<p>CT3. Actuar de manera honesta, \u00e8tica, sostenible, socialment responsable i respectuosa amb els drets humans i la diversitat, tant en la pr\u00e0ctica acad\u00e8mica com en la professional.<\/p>\n","protected":false},"author":1,"featured_media":0,"parent":0,"menu_order":0,"comment_status":"closed","ping_status":"closed","template":"","meta":[],"acf":[],"_links":{"self":[{"href":"http:\/\/guia-practiques-primaria.aula.uoc.edu\/guia-general\/wp-json\/wp\/v2\/pages\/55"}],"collection":[{"href":"http:\/\/guia-practiques-primaria.aula.uoc.edu\/guia-general\/wp-json\/wp\/v2\/pages"}],"about":[{"href":"http:\/\/guia-practiques-primaria.aula.uoc.edu\/guia-general\/wp-json\/wp\/v2\/types\/page"}],"author":[{"embeddable":true,"href":"http:\/\/guia-practiques-primaria.aula.uoc.edu\/guia-general\/wp-json\/wp\/v2\/users\/1"}],"replies":[{"embeddable":true,"href":"http:\/\/guia-practiques-primaria.aula.uoc.edu\/guia-general\/wp-json\/wp\/v2\/comments?post=55"}],"version-history":[{"count":2,"href":"http:\/\/guia-practiques-primaria.aula.uoc.edu\/guia-general\/wp-json\/wp\/v2\/pages\/55\/revisions"}],"predecessor-version":[{"id":100,"href":"http:\/\/guia-practiques-primaria.aula.uoc.edu\/guia-general\/wp-json\/wp\/v2\/pages\/55\/revisions\/100"}],"wp:attachment":[{"href":"http:\/\/guia-practiques-primaria.aula.uoc.edu\/guia-general\/wp-json\/wp\/v2\/media?parent=55"}],"curies":[{"name":"wp","href":"https:\/\/api.w.org\/{rel}","templated":true}]}}