{"id":57,"date":"2021-12-02T12:26:51","date_gmt":"2021-12-02T10:26:51","guid":{"rendered":"https:\/\/guia-practiques-primaria.aula.uoc.edu\/introduccio\/?page_id=57"},"modified":"2023-01-12T12:44:50","modified_gmt":"2023-01-12T10:44:50","slug":"5-5-competencies-especifiques","status":"publish","type":"page","link":"http:\/\/guia-practiques-primaria.aula.uoc.edu\/guia-general\/5-5-competencies-especifiques\/","title":{"rendered":"5.5. Compet\u00e8ncies espec\u00edfiques"},"content":{"rendered":"<p><strong>CE1<\/strong>. Saber aplicar adequadament en la pr\u00e0ctica educativa el coneixement sobre les \u00e0rees curriculars de l\u2019educaci\u00f3 prim\u00e0ria, la relaci\u00f3 interdisciplin\u00e0ria entre elles, els criteris d\u2019avaluaci\u00f3 i el cos de coneixements did\u00e0ctics entorn dels procediments d\u2019ensenyament i aprenentatge respectius.<\/p>\n<p><strong>CE2<\/strong>. Dissenyar, planificar i avaluar processos d\u2019ensenyament i aprenentatge, tant individualment com en col\u00b7laboraci\u00f3 amb altres docents i professionals del centre d\u2019educaci\u00f3 prim\u00e0ria.<\/p>\n<p><strong>CE5<\/strong>. Dissenyar i regular espais d\u2019aprenentatge en contextos de diversitat i que atenguin la igualtat de g\u00e8nere, l\u2019equitat i el respecte als drets humans que formen els valors de la formaci\u00f3 ciutadana.<\/p>\n<p><strong>CE6<\/strong>. Fomentar la conviv\u00e8ncia a l\u2019aula i fora de l\u2019aula, resoldre problemes de disciplina i contribuir a la resoluci\u00f3 pac\u00edfica de conflictes.<\/p>\n<p><strong>CE7<\/strong>. Estimular i valorar l\u2019esfor\u00e7, la const\u00e0ncia i la disciplina personal en els estudiants.<\/p>\n<p><strong>CE8<\/strong>. Analitzar l\u2019organitzaci\u00f3 dels centres d\u2019educaci\u00f3 prim\u00e0ria i proposar millores en la diversitat d\u2019accions que compr\u00e8n el seu funcionament.<\/p>\n<p><strong>CE9<\/strong>. Exercir les funcions de tutoria i d\u2019orientaci\u00f3 amb els estudiants i les fam\u00edlies, atenent les necessitats educatives singulars dels estudiants.<\/p>\n<p><strong>CE10<\/strong>. Assumir que l\u2019exercici de la funci\u00f3 docent s\u2019ha d&#8217;anar perfeccionant i adaptant als canvis cient\u00edfics, pedag\u00f2gics i socials al llarg de la vida.<\/p>\n<p><strong>CE12<\/strong>. Mantenir una relaci\u00f3 cr\u00edtica i aut\u00f2noma respecte dels sabers, els valors i les institucions socials p\u00fabliques i privades.<\/p>\n<p><strong>CE13<\/strong>. Reflexionar sobre les metodologies a l\u2019aula per innovar i millorar la tasca docent en l\u2019educaci\u00f3 prim\u00e0ria, fomentant actituds positives cap a models d\u2019ensenyament per indagaci\u00f3 centrats en l\u2019estudiant.<\/p>\n<p><strong>CE14<\/strong>. Adquirir h\u00e0bits i destreses per a l\u2019aprenentatge aut\u00f2nom i cooperatiu I promoure&#8217;l entre els estudiants.<\/p>\n<p><strong>CE15<\/strong>. Aplicar de manera adequada les tecnologies de la informaci\u00f3 i de la comunicaci\u00f3 a les aules de l\u2019educaci\u00f3 prim\u00e0ria i en l\u2019\u00e0mbit acad\u00e8mic i professional.<\/p>\n<p><strong>CE18<\/strong>. Saber utilitzar adequadament models de millora de la qualitat educativa per aplicar-los als centres d\u2019educaci\u00f3 prim\u00e0ria.<\/p>\n","protected":false},"excerpt":{"rendered":"<p>CE1. Saber aplicar adequadament en la pr\u00e0ctica educativa el coneixement sobre les \u00e0rees curriculars de l\u2019educaci\u00f3 prim\u00e0ria, la relaci\u00f3 interdisciplin\u00e0ria entre elles, els criteris d\u2019avaluaci\u00f3 i el cos de coneixements did\u00e0ctics entorn dels procediments d\u2019ensenyament i aprenentatge respectius. CE2. Dissenyar, planificar i avaluar processos d\u2019ensenyament i aprenentatge, tant individualment com en col\u00b7laboraci\u00f3 amb altres docents [&hellip;]<\/p>\n","protected":false},"author":1,"featured_media":0,"parent":0,"menu_order":0,"comment_status":"closed","ping_status":"closed","template":"","meta":[],"acf":[],"_links":{"self":[{"href":"http:\/\/guia-practiques-primaria.aula.uoc.edu\/guia-general\/wp-json\/wp\/v2\/pages\/57"}],"collection":[{"href":"http:\/\/guia-practiques-primaria.aula.uoc.edu\/guia-general\/wp-json\/wp\/v2\/pages"}],"about":[{"href":"http:\/\/guia-practiques-primaria.aula.uoc.edu\/guia-general\/wp-json\/wp\/v2\/types\/page"}],"author":[{"embeddable":true,"href":"http:\/\/guia-practiques-primaria.aula.uoc.edu\/guia-general\/wp-json\/wp\/v2\/users\/1"}],"replies":[{"embeddable":true,"href":"http:\/\/guia-practiques-primaria.aula.uoc.edu\/guia-general\/wp-json\/wp\/v2\/comments?post=57"}],"version-history":[{"count":2,"href":"http:\/\/guia-practiques-primaria.aula.uoc.edu\/guia-general\/wp-json\/wp\/v2\/pages\/57\/revisions"}],"predecessor-version":[{"id":101,"href":"http:\/\/guia-practiques-primaria.aula.uoc.edu\/guia-general\/wp-json\/wp\/v2\/pages\/57\/revisions\/101"}],"wp:attachment":[{"href":"http:\/\/guia-practiques-primaria.aula.uoc.edu\/guia-general\/wp-json\/wp\/v2\/media?parent=57"}],"curies":[{"name":"wp","href":"https:\/\/api.w.org\/{rel}","templated":true}]}}