{"id":61,"date":"2021-12-02T12:29:43","date_gmt":"2021-12-02T10:29:43","guid":{"rendered":"https:\/\/guia-practiques-primaria.aula.uoc.edu\/introduccio\/?page_id=61"},"modified":"2021-12-15T14:17:23","modified_gmt":"2021-12-15T12:17:23","slug":"6-continguts","status":"publish","type":"page","link":"http:\/\/guia-practiques-primaria.aula.uoc.edu\/guia-general\/6-continguts\/","title":{"rendered":"6. Continguts"},"content":{"rendered":"<p>Els continguts que es treballen a les assignatures de Pr\u00e0cticum d\u2019Educaci\u00f3 Prim\u00e0ria es recullen en les l\u00ednies generals que es presenten a continuaci\u00f3:<\/p>\n<ul>\n<li>El perfil professional del mestre.<\/li>\n<li>El mestre com a indagador.<\/li>\n<li>La indagaci\u00f3 col\u00b7laborativa.<\/li>\n<li>El perfil \u00e8tic del mestre: valors i actuaci\u00f3 docent.<\/li>\n<li>El centre educatiu.<\/li>\n<li>Organitzaci\u00f3.<\/li>\n<li>Processos d\u2019interacci\u00f3 i comunicaci\u00f3 a l\u2019aula.<\/li>\n<li>Processos d\u2019organitzaci\u00f3 social i aprenentatge a l\u2019aula.<\/li>\n<li>Formes de col\u00b7laboraci\u00f3 amb els diferents sectors de la comunitat educativa i de l\u2019entorn social.<\/li>\n<li>An\u00e0lisi dels diferents nivells de la pr\u00e0ctica educativa.<\/li>\n<li>Disseny i avaluaci\u00f3 de propostes d\u2019intervenci\u00f3 a l\u2019aula.<\/li>\n<\/ul>\n","protected":false},"excerpt":{"rendered":"<p>Els continguts que es treballen a les assignatures de Pr\u00e0cticum d\u2019Educaci\u00f3 Prim\u00e0ria es recullen en les l\u00ednies generals que es presenten a continuaci\u00f3: El perfil professional del mestre. El mestre com a indagador. La indagaci\u00f3 col\u00b7laborativa. El perfil \u00e8tic del mestre: valors i actuaci\u00f3 docent. El centre educatiu. Organitzaci\u00f3. Processos d\u2019interacci\u00f3 i comunicaci\u00f3 a l\u2019aula. [&hellip;]<\/p>\n","protected":false},"author":1,"featured_media":0,"parent":0,"menu_order":0,"comment_status":"closed","ping_status":"closed","template":"","meta":[],"acf":[],"_links":{"self":[{"href":"http:\/\/guia-practiques-primaria.aula.uoc.edu\/guia-general\/wp-json\/wp\/v2\/pages\/61"}],"collection":[{"href":"http:\/\/guia-practiques-primaria.aula.uoc.edu\/guia-general\/wp-json\/wp\/v2\/pages"}],"about":[{"href":"http:\/\/guia-practiques-primaria.aula.uoc.edu\/guia-general\/wp-json\/wp\/v2\/types\/page"}],"author":[{"embeddable":true,"href":"http:\/\/guia-practiques-primaria.aula.uoc.edu\/guia-general\/wp-json\/wp\/v2\/users\/1"}],"replies":[{"embeddable":true,"href":"http:\/\/guia-practiques-primaria.aula.uoc.edu\/guia-general\/wp-json\/wp\/v2\/comments?post=61"}],"version-history":[{"count":3,"href":"http:\/\/guia-practiques-primaria.aula.uoc.edu\/guia-general\/wp-json\/wp\/v2\/pages\/61\/revisions"}],"predecessor-version":[{"id":134,"href":"http:\/\/guia-practiques-primaria.aula.uoc.edu\/guia-general\/wp-json\/wp\/v2\/pages\/61\/revisions\/134"}],"wp:attachment":[{"href":"http:\/\/guia-practiques-primaria.aula.uoc.edu\/guia-general\/wp-json\/wp\/v2\/media?parent=61"}],"curies":[{"name":"wp","href":"https:\/\/api.w.org\/{rel}","templated":true}]}}