{"id":75,"date":"2021-12-02T12:36:20","date_gmt":"2021-12-02T10:36:20","guid":{"rendered":"https:\/\/guia-practiques-primaria.aula.uoc.edu\/introduccio\/?page_id=75"},"modified":"2021-12-15T14:25:27","modified_gmt":"2021-12-15T12:25:27","slug":"10-seguiment-del-desenvolupament-de-les-practiques","status":"publish","type":"page","link":"http:\/\/guia-practiques-primaria.aula.uoc.edu\/guia-general\/10-seguiment-del-desenvolupament-de-les-practiques\/","title":{"rendered":"10. Seguiment del desenvolupament de les pr\u00e0ctiques"},"content":{"rendered":"<p>Amb aquesta finalitat, el personal docent col\u00b7laborador i el mentor o mentora del centre mantenen el contacte peri\u00f2dicament per fer un seguiment acurat del treball de l\u2019estudiantat i d\u2019establir una relaci\u00f3 fluida entre la universitat i el centre en benefici del seu aprenentatge. L\u2019objectiu d\u2019aquest seguiment continuat \u00e9s assegurar que tant la mentoria del centre com les alumnes i els alumnes se senten acompanyats per part de la universitat i a trav\u00e9s del personal docent col\u00b7laborador.<\/p>\n<p>De manera orientativa, es mantenen tres moments de seguiment:<\/p>\n<ol>\n<li><strong>Un<\/strong> <strong>contacte inicial per assegurar que la incorporaci\u00f3 ha estat satisfact\u00f2ria<\/strong>.<\/li>\n<li><strong>Un contacte a la meitat del per\u00edode per fer-ne el seguiment<\/strong> i amb l\u2019objectiu d\u2019assegurar una avaluaci\u00f3 formativa i continuada en relaci\u00f3 amb el pla de treball acordat.<\/li>\n<li><strong>Un contacte en finalitzar<\/strong> on el professorat sol\u00b7licita al mentor o mentora del centre que faci <strong>una valoraci\u00f3 global de les pr\u00e0ctiques de l\u2019estudiantat i li assigni una qualificaci\u00f3 d\u2019acord amb l\u2019informe d\u2019avaluaci\u00f3 final.<\/strong><\/li>\n<\/ol>\n<p>D\u2019aquesta manera, l\u2019avaluaci\u00f3 de l\u2019estudiantat es fa a partir de:<\/p>\n<ul>\n<li>Les valoracions del personal docent col\u00b7laborador que avalua les activitats d\u2019aprenentatge o PAC a l\u2019aula virtual;<\/li>\n<li>i les valoracions del centre de pr\u00e0ctiques on el mentor o mentora del centre avalua la feina feta per l\u2019estudiantat per mitj\u00e0 de les eines d\u2019avaluaci\u00f3 dissenyades pel responsable de l\u2019assignatura i d\u2019acord amb els criteris d\u2019avaluaci\u00f3, i elabora l\u2019informe d\u2019avaluaci\u00f3 final.<\/li>\n<\/ul>\n<p>Per tant, l\u2019avaluaci\u00f3 de les diferents assignatures de Pr\u00e0cticums tindr\u00e0 en compte dos elements:<\/p>\n<p><img loading=\"lazy\" class=\"alignnone wp-image-139 size-large\" src=\"\/wp-content\/uploads\/sites\/4\/2021\/12\/44057_01@2x-1-1024x419.png\" alt=\"\" width=\"640\" height=\"262\" srcset=\"\/wp-content\/uploads\/sites\/4\/2021\/12\/44057_01@2x-1-1024x419.png 1024w, \/wp-content\/uploads\/sites\/4\/2021\/12\/44057_01@2x-1-300x123.png 300w, \/wp-content\/uploads\/sites\/4\/2021\/12\/44057_01@2x-1-768x314.png 768w, \/wp-content\/uploads\/sites\/4\/2021\/12\/44057_01@2x-1.png 1252w\" sizes=\"(max-width: 640px) 100vw, 640px\" \/><\/p>\n<p>&nbsp;<\/p>\n","protected":false},"excerpt":{"rendered":"<p>Amb aquesta finalitat, el personal docent col\u00b7laborador i el mentor o mentora del centre mantenen el contacte peri\u00f2dicament per fer un seguiment acurat del treball de l\u2019estudiantat i d\u2019establir una relaci\u00f3 fluida entre la universitat i el centre en benefici del seu aprenentatge. L\u2019objectiu d\u2019aquest seguiment continuat \u00e9s assegurar que tant la mentoria del centre [&hellip;]<\/p>\n","protected":false},"author":1,"featured_media":0,"parent":0,"menu_order":0,"comment_status":"closed","ping_status":"closed","template":"","meta":[],"acf":[],"_links":{"self":[{"href":"http:\/\/guia-practiques-primaria.aula.uoc.edu\/guia-general\/wp-json\/wp\/v2\/pages\/75"}],"collection":[{"href":"http:\/\/guia-practiques-primaria.aula.uoc.edu\/guia-general\/wp-json\/wp\/v2\/pages"}],"about":[{"href":"http:\/\/guia-practiques-primaria.aula.uoc.edu\/guia-general\/wp-json\/wp\/v2\/types\/page"}],"author":[{"embeddable":true,"href":"http:\/\/guia-practiques-primaria.aula.uoc.edu\/guia-general\/wp-json\/wp\/v2\/users\/1"}],"replies":[{"embeddable":true,"href":"http:\/\/guia-practiques-primaria.aula.uoc.edu\/guia-general\/wp-json\/wp\/v2\/comments?post=75"}],"version-history":[{"count":7,"href":"http:\/\/guia-practiques-primaria.aula.uoc.edu\/guia-general\/wp-json\/wp\/v2\/pages\/75\/revisions"}],"predecessor-version":[{"id":141,"href":"http:\/\/guia-practiques-primaria.aula.uoc.edu\/guia-general\/wp-json\/wp\/v2\/pages\/75\/revisions\/141"}],"wp:attachment":[{"href":"http:\/\/guia-practiques-primaria.aula.uoc.edu\/guia-general\/wp-json\/wp\/v2\/media?parent=75"}],"curies":[{"name":"wp","href":"https:\/\/api.w.org\/{rel}","templated":true}]}}