{"id":235,"date":"2025-10-08T08:35:22","date_gmt":"2025-10-08T06:35:22","guid":{"rendered":"http:\/\/guia-practiques-primaria.aula.uoc.edu\/guia-practiques-curriculars-estudiantat\/?page_id=235"},"modified":"2025-11-06T12:48:13","modified_gmt":"2025-11-06T10:48:13","slug":"1-2-cuando-se-cursa-el-practicum","status":"publish","type":"page","link":"http:\/\/guia-practiques-primaria.aula.uoc.edu\/guia-practiques-curriculars-estudiantat\/es\/1-2-cuando-se-cursa-el-practicum\/","title":{"rendered":"1.2. \u00bfCu\u00e1ndo se cursa el Pr\u00e1cticum?"},"content":{"rendered":"<p>Las <strong>pr\u00e1cticas del grado<\/strong> representan <strong>38 cr\u00e9ditos ECTS<\/strong>, que equivalen a un total de <strong>950 horas<\/strong> de dedicaci\u00f3n del estudiantado, y se estructuran en <strong>cinco Pr\u00e1cticums<\/strong>, tal como se detalla en la siguiente tabla:<\/p>\n<table>\n<tbody>\n<tr class=\"table-header\">\n<td><strong>Pr\u00e1cticum<\/strong><\/td>\n<td><strong>Cr\u00e9ditos<\/strong><\/td>\n<td><strong>Semestre<\/strong><\/td>\n<td><strong>Horas presenciales (550 h)<\/strong><\/td>\n<\/tr>\n<tr>\n<td>Pr\u00e1cticum I<\/td>\n<td>6 ECTS<\/td>\n<td>2.\u00ba<\/td>\n<td>70 h<\/td>\n<\/tr>\n<tr>\n<td>Pr\u00e1cticum II<\/td>\n<td>6 ECTS<\/td>\n<td>4.\u00ba<\/td>\n<td width=\"161\">70 h<\/td>\n<\/tr>\n<tr>\n<td>Pr\u00e1cticum III<\/td>\n<td>10 ECTS<\/td>\n<td>5.\u00ba<\/td>\n<td width=\"161\">150 h<\/td>\n<\/tr>\n<tr>\n<td>Pr\u00e1cticum IV<\/td>\n<td>8 ECTS<\/td>\n<td>6.\u00ba<\/td>\n<td width=\"161\">130 h<\/td>\n<\/tr>\n<tr>\n<td>Pr\u00e1cticum V<\/td>\n<td>8 ECTS<\/td>\n<td>8.\u00ba<\/td>\n<td>130 h<\/td>\n<\/tr>\n<\/tbody>\n<\/table>\n<p>El <strong>Pr\u00e1cticum I<\/strong>, vinculado a los m\u00f3dulos de car\u00e1cter b\u00e1sico, tiene como objetivo realizar una primera aproximaci\u00f3n al centro escolar. Por ello, en este primer Pr\u00e1cticum se reflexiona sobre los elementos que configuran el dise\u00f1o de un entorno positivo de aprendizaje.<\/p>\n<p>El <strong>Pr\u00e1cticum II<\/strong>, tambi\u00e9n vinculado a los m\u00f3dulos de car\u00e1cter b\u00e1sico, se centra en el conocimiento del contexto escolar. En este segundo per\u00edodo de pr\u00e1cticas se otorga relevancia a las relaciones colaborativas que establecen los maestros y maestras con sus compa\u00f1eros de claustro, los agentes externos y las familias.<\/p>\n<p>El <strong>Pr\u00e1cticum III<\/strong> tiene como eje central el conocimiento de los procesos educativos que se producen en el aula y se centra en los aspectos que configuran la planificaci\u00f3n de la instrucci\u00f3n.<\/p>\n<p>El <strong>Pr\u00e1cticum IV<\/strong> se centra en el dise\u00f1o, la implementaci\u00f3n y la evaluaci\u00f3n de una intervenci\u00f3n educativa en el aula. Por este motivo, en este per\u00edodo de pr\u00e1cticas los aspectos relacionados con la evaluaci\u00f3n y el <em>feedback<\/em> formativo son objeto de estudio.<\/p>\n<p>Finalmente, el <strong>Pr\u00e1cticum V<\/strong> se centra en la mejora de la propia pr\u00e1ctica a partir de la evaluaci\u00f3n de la intervenci\u00f3n realizada y el establecimiento de mejoras basadas en evidencias.<\/p>\n<p>Las <strong>horas de pr\u00e1cticas presenciales<\/strong> se llevan a cabo en los d\u00edas y horarios acordados entre el estudiante, el centro y el profesorado docente colaborador UOC, de acuerdo con los requisitos acad\u00e9micos y, siempre dentro del calendario lectivo. Asimismo, estos horarios deber\u00e1n establecerse de modo que el estudiantado pueda compatibilizarlos con su pr\u00e1ctica diaria, respetando siempre el calendario de la asignatura y la actividad en el aula virtual. Las <strong>horas de pr\u00e1cticas<\/strong> quedar\u00e1n recogidas en el <strong>plan de trabajo individualizado<\/strong>, junto con otros elementos acordados entre la mentor\u00eda y el estudiantado, como los d\u00edas de asistencia al centro o las tareas a realizar, entre otros.<\/p>\n","protected":false},"excerpt":{"rendered":"<p>Las pr\u00e1cticas del grado representan 38 cr\u00e9ditos ECTS, que equivalen a un total de 950 horas de dedicaci\u00f3n del estudiantado, y se estructuran en cinco Pr\u00e1cticums, tal como se detalla en la siguiente tabla: Pr\u00e1cticum Cr\u00e9ditos Semestre Horas presenciales (550 h) Pr\u00e1cticum I 6 ECTS 2.\u00ba 70 h Pr\u00e1cticum II 6 ECTS 4.\u00ba 70 h [&hellip;]<\/p>\n","protected":false},"author":1,"featured_media":0,"parent":0,"menu_order":0,"comment_status":"closed","ping_status":"closed","template":"","meta":[],"acf":[],"_links":{"self":[{"href":"http:\/\/guia-practiques-primaria.aula.uoc.edu\/guia-practiques-curriculars-estudiantat\/es\/wp-json\/wp\/v2\/pages\/235"}],"collection":[{"href":"http:\/\/guia-practiques-primaria.aula.uoc.edu\/guia-practiques-curriculars-estudiantat\/es\/wp-json\/wp\/v2\/pages"}],"about":[{"href":"http:\/\/guia-practiques-primaria.aula.uoc.edu\/guia-practiques-curriculars-estudiantat\/es\/wp-json\/wp\/v2\/types\/page"}],"author":[{"embeddable":true,"href":"http:\/\/guia-practiques-primaria.aula.uoc.edu\/guia-practiques-curriculars-estudiantat\/es\/wp-json\/wp\/v2\/users\/1"}],"replies":[{"embeddable":true,"href":"http:\/\/guia-practiques-primaria.aula.uoc.edu\/guia-practiques-curriculars-estudiantat\/es\/wp-json\/wp\/v2\/comments?post=235"}],"version-history":[{"count":4,"href":"http:\/\/guia-practiques-primaria.aula.uoc.edu\/guia-practiques-curriculars-estudiantat\/es\/wp-json\/wp\/v2\/pages\/235\/revisions"}],"predecessor-version":[{"id":455,"href":"http:\/\/guia-practiques-primaria.aula.uoc.edu\/guia-practiques-curriculars-estudiantat\/es\/wp-json\/wp\/v2\/pages\/235\/revisions\/455"}],"wp:attachment":[{"href":"http:\/\/guia-practiques-primaria.aula.uoc.edu\/guia-practiques-curriculars-estudiantat\/es\/wp-json\/wp\/v2\/media?parent=235"}],"curies":[{"name":"wp","href":"https:\/\/api.w.org\/{rel}","templated":true}]}}