{"id":247,"date":"2025-10-08T08:55:45","date_gmt":"2025-10-08T06:55:45","guid":{"rendered":"http:\/\/guia-practiques-primaria.aula.uoc.edu\/guia-practiques-curriculars-estudiantat\/?page_id=247"},"modified":"2025-10-08T08:55:45","modified_gmt":"2025-10-08T06:55:45","slug":"3-contenidos","status":"publish","type":"page","link":"http:\/\/guia-practiques-primaria.aula.uoc.edu\/guia-practiques-curriculars-estudiantat\/es\/3-contenidos\/","title":{"rendered":"3. Contenidos"},"content":{"rendered":"<p>Los contenidos que se trabajan en las asignaturas de Pr\u00e1cticum de Educaci\u00f3n Primaria se recogen en las siguientes l\u00edneas generales:<\/p>\n<ul>\n<li>El perfil profesional del maestro.<\/li>\n<li>El maestro como indagador.<\/li>\n<li>La indagaci\u00f3n colaborativa.<\/li>\n<li>El perfil \u00e9tico del maestro: valores y actuaci\u00f3n docente.<\/li>\n<li>El centro educativo.<\/li>\n<li>Organizaci\u00f3n.<\/li>\n<li>Procesos de interacci\u00f3n y comunicaci\u00f3n en el aula.<\/li>\n<li>Procesos de organizaci\u00f3n social y aprendizaje en el aula.<\/li>\n<li>Formas de colaboraci\u00f3n con los diferentes sectores de la comunidad educativa y del entorno social.<\/li>\n<li>An\u00e1lisis de los diferentes niveles de la pr\u00e1ctica educativa.<\/li>\n<li>Dise\u00f1o y evaluaci\u00f3n de propuestas de intervenci\u00f3n en el aula.<\/li>\n<\/ul>\n","protected":false},"excerpt":{"rendered":"<p>Los contenidos que se trabajan en las asignaturas de Pr\u00e1cticum de Educaci\u00f3n Primaria se recogen en las siguientes l\u00edneas generales: El perfil profesional del maestro. El maestro como indagador. La indagaci\u00f3n colaborativa. El perfil \u00e9tico del maestro: valores y actuaci\u00f3n docente. El centro educativo. Organizaci\u00f3n. Procesos de interacci\u00f3n y comunicaci\u00f3n en el aula. Procesos de [&hellip;]<\/p>\n","protected":false},"author":1,"featured_media":0,"parent":0,"menu_order":0,"comment_status":"closed","ping_status":"closed","template":"","meta":[],"acf":[],"_links":{"self":[{"href":"http:\/\/guia-practiques-primaria.aula.uoc.edu\/guia-practiques-curriculars-estudiantat\/es\/wp-json\/wp\/v2\/pages\/247"}],"collection":[{"href":"http:\/\/guia-practiques-primaria.aula.uoc.edu\/guia-practiques-curriculars-estudiantat\/es\/wp-json\/wp\/v2\/pages"}],"about":[{"href":"http:\/\/guia-practiques-primaria.aula.uoc.edu\/guia-practiques-curriculars-estudiantat\/es\/wp-json\/wp\/v2\/types\/page"}],"author":[{"embeddable":true,"href":"http:\/\/guia-practiques-primaria.aula.uoc.edu\/guia-practiques-curriculars-estudiantat\/es\/wp-json\/wp\/v2\/users\/1"}],"replies":[{"embeddable":true,"href":"http:\/\/guia-practiques-primaria.aula.uoc.edu\/guia-practiques-curriculars-estudiantat\/es\/wp-json\/wp\/v2\/comments?post=247"}],"version-history":[{"count":2,"href":"http:\/\/guia-practiques-primaria.aula.uoc.edu\/guia-practiques-curriculars-estudiantat\/es\/wp-json\/wp\/v2\/pages\/247\/revisions"}],"predecessor-version":[{"id":250,"href":"http:\/\/guia-practiques-primaria.aula.uoc.edu\/guia-practiques-curriculars-estudiantat\/es\/wp-json\/wp\/v2\/pages\/247\/revisions\/250"}],"wp:attachment":[{"href":"http:\/\/guia-practiques-primaria.aula.uoc.edu\/guia-practiques-curriculars-estudiantat\/es\/wp-json\/wp\/v2\/media?parent=247"}],"curies":[{"name":"wp","href":"https:\/\/api.w.org\/{rel}","templated":true}]}}