{"id":253,"date":"2025-10-08T08:59:46","date_gmt":"2025-10-08T06:59:46","guid":{"rendered":"http:\/\/guia-practiques-primaria.aula.uoc.edu\/guia-practiques-curriculars-estudiantat\/?page_id=253"},"modified":"2025-10-08T08:59:46","modified_gmt":"2025-10-08T06:59:46","slug":"4-1-introduccion","status":"publish","type":"page","link":"http:\/\/guia-practiques-primaria.aula.uoc.edu\/guia-practiques-curriculars-estudiantat\/es\/4-1-introduccion\/","title":{"rendered":"4.1. Introducci\u00f3n"},"content":{"rendered":"<p>Las actividades formativas que se presentar\u00e1n en las asignaturas de Pr\u00e1cticum deben procurar oportunidades de aprendizaje profesional y poner de manifiesto la adquisici\u00f3n de las competencias que habilitan al estudiantado para desarrollar su profesi\u00f3n.<\/p>\n<p>De este modo, cuando se habla de las actividades, se hace referencia a las tareas espec\u00edficas con las que se pretende que el estudiantado demuestre el trabajo realizado en el centro y, por tanto, su capacitaci\u00f3n en el ejercicio de la pr\u00e1ctica profesional.<\/p>\n<p>Concretamente, las actividades de la asignatura de pr\u00e1cticas se dividen en dos grupos: las actividades presenciales y las actividades virtuales.<\/p>\n","protected":false},"excerpt":{"rendered":"<p>Las actividades formativas que se presentar\u00e1n en las asignaturas de Pr\u00e1cticum deben procurar oportunidades de aprendizaje profesional y poner de manifiesto la adquisici\u00f3n de las competencias que habilitan al estudiantado para desarrollar su profesi\u00f3n. De este modo, cuando se habla de las actividades, se hace referencia a las tareas espec\u00edficas con las que se pretende [&hellip;]<\/p>\n","protected":false},"author":1,"featured_media":0,"parent":0,"menu_order":0,"comment_status":"closed","ping_status":"closed","template":"","meta":[],"acf":[],"_links":{"self":[{"href":"http:\/\/guia-practiques-primaria.aula.uoc.edu\/guia-practiques-curriculars-estudiantat\/es\/wp-json\/wp\/v2\/pages\/253"}],"collection":[{"href":"http:\/\/guia-practiques-primaria.aula.uoc.edu\/guia-practiques-curriculars-estudiantat\/es\/wp-json\/wp\/v2\/pages"}],"about":[{"href":"http:\/\/guia-practiques-primaria.aula.uoc.edu\/guia-practiques-curriculars-estudiantat\/es\/wp-json\/wp\/v2\/types\/page"}],"author":[{"embeddable":true,"href":"http:\/\/guia-practiques-primaria.aula.uoc.edu\/guia-practiques-curriculars-estudiantat\/es\/wp-json\/wp\/v2\/users\/1"}],"replies":[{"embeddable":true,"href":"http:\/\/guia-practiques-primaria.aula.uoc.edu\/guia-practiques-curriculars-estudiantat\/es\/wp-json\/wp\/v2\/comments?post=253"}],"version-history":[{"count":2,"href":"http:\/\/guia-practiques-primaria.aula.uoc.edu\/guia-practiques-curriculars-estudiantat\/es\/wp-json\/wp\/v2\/pages\/253\/revisions"}],"predecessor-version":[{"id":255,"href":"http:\/\/guia-practiques-primaria.aula.uoc.edu\/guia-practiques-curriculars-estudiantat\/es\/wp-json\/wp\/v2\/pages\/253\/revisions\/255"}],"wp:attachment":[{"href":"http:\/\/guia-practiques-primaria.aula.uoc.edu\/guia-practiques-curriculars-estudiantat\/es\/wp-json\/wp\/v2\/media?parent=253"}],"curies":[{"name":"wp","href":"https:\/\/api.w.org\/{rel}","templated":true}]}}