{"id":258,"date":"2025-10-08T09:02:16","date_gmt":"2025-10-08T07:02:16","guid":{"rendered":"http:\/\/guia-practiques-primaria.aula.uoc.edu\/guia-practiques-curriculars-estudiantat\/?page_id=258"},"modified":"2025-10-08T09:02:16","modified_gmt":"2025-10-08T07:02:16","slug":"4-2-las-actividades-presenciales-en-el-centro-de-practicas","status":"publish","type":"page","link":"http:\/\/guia-practiques-primaria.aula.uoc.edu\/guia-practiques-curriculars-estudiantat\/es\/4-2-las-actividades-presenciales-en-el-centro-de-practicas\/","title":{"rendered":"4.2. Las actividades presenciales (en el centro de pr\u00e1cticas)"},"content":{"rendered":"<p>Estas actividades se realizan en el centro de pr\u00e1cticas. La tipolog\u00eda de tareas puede ser muy diversa seg\u00fan las caracter\u00edsticas del centro de pr\u00e1cticas y las funciones encomendadas y acordadas entre el centro de pr\u00e1cticas y el estudiantado con el apoyo de la mentor\u00eda. Sin embargo, en l\u00edneas generales, estas actividades podr\u00edan incluir, entre otras:<\/p>\n<ul>\n<li>Dise\u00f1ar una intervenci\u00f3n educativa.<\/li>\n<li>Evaluar tareas y proporcionar un <em>feedback<\/em> formativo al alumnado.<\/li>\n<li>Dise\u00f1ar nuevas propuestas de aprendizaje.<\/li>\n<li>Evaluar la propia intervenci\u00f3n y establecer mejoras de futuro.<\/li>\n<li>Asistir y participar en reuniones de equipos de ciclo y de claustros.<\/li>\n<li>Asistir a reuniones o a actividades con las familias de las alumnas y los alumnos.<\/li>\n<li>Asistir a reuniones de coordinaci\u00f3n con profesionales externos.<\/li>\n<\/ul>\n<p>El abanico de tareas posibles es muy amplio y se concreta tanto con el personal docente colaborador como con el mentor o mentora del Pr\u00e1cticum, mediante el plan de trabajo individualizado.<\/p>\n","protected":false},"excerpt":{"rendered":"<p>Estas actividades se realizan en el centro de pr\u00e1cticas. La tipolog\u00eda de tareas puede ser muy diversa seg\u00fan las caracter\u00edsticas del centro de pr\u00e1cticas y las funciones encomendadas y acordadas entre el centro de pr\u00e1cticas y el estudiantado con el apoyo de la mentor\u00eda. Sin embargo, en l\u00edneas generales, estas actividades podr\u00edan incluir, entre otras: [&hellip;]<\/p>\n","protected":false},"author":1,"featured_media":0,"parent":0,"menu_order":0,"comment_status":"closed","ping_status":"closed","template":"","meta":[],"acf":[],"_links":{"self":[{"href":"http:\/\/guia-practiques-primaria.aula.uoc.edu\/guia-practiques-curriculars-estudiantat\/es\/wp-json\/wp\/v2\/pages\/258"}],"collection":[{"href":"http:\/\/guia-practiques-primaria.aula.uoc.edu\/guia-practiques-curriculars-estudiantat\/es\/wp-json\/wp\/v2\/pages"}],"about":[{"href":"http:\/\/guia-practiques-primaria.aula.uoc.edu\/guia-practiques-curriculars-estudiantat\/es\/wp-json\/wp\/v2\/types\/page"}],"author":[{"embeddable":true,"href":"http:\/\/guia-practiques-primaria.aula.uoc.edu\/guia-practiques-curriculars-estudiantat\/es\/wp-json\/wp\/v2\/users\/1"}],"replies":[{"embeddable":true,"href":"http:\/\/guia-practiques-primaria.aula.uoc.edu\/guia-practiques-curriculars-estudiantat\/es\/wp-json\/wp\/v2\/comments?post=258"}],"version-history":[{"count":2,"href":"http:\/\/guia-practiques-primaria.aula.uoc.edu\/guia-practiques-curriculars-estudiantat\/es\/wp-json\/wp\/v2\/pages\/258\/revisions"}],"predecessor-version":[{"id":260,"href":"http:\/\/guia-practiques-primaria.aula.uoc.edu\/guia-practiques-curriculars-estudiantat\/es\/wp-json\/wp\/v2\/pages\/258\/revisions\/260"}],"wp:attachment":[{"href":"http:\/\/guia-practiques-primaria.aula.uoc.edu\/guia-practiques-curriculars-estudiantat\/es\/wp-json\/wp\/v2\/media?parent=258"}],"curies":[{"name":"wp","href":"https:\/\/api.w.org\/{rel}","templated":true}]}}