{"id":268,"date":"2025-10-08T09:09:50","date_gmt":"2025-10-08T07:09:50","guid":{"rendered":"http:\/\/guia-practiques-primaria.aula.uoc.edu\/guia-practiques-curriculars-estudiantat\/?page_id=268"},"modified":"2025-10-08T09:09:50","modified_gmt":"2025-10-08T07:09:50","slug":"5-1-1-descripcion-general","status":"publish","type":"page","link":"http:\/\/guia-practiques-primaria.aula.uoc.edu\/guia-practiques-curriculars-estudiantat\/es\/5-1-1-descripcion-general\/","title":{"rendered":"5.1.1. Descripci\u00f3n general"},"content":{"rendered":"<p>El\u00a0Pr\u00e1cticum I\u00a0es una asignatura de\u00a06 cr\u00e9ditos\u00a0y representa el primer contacto del estudiantado con el\u00a0centro de pr\u00e1cticas\u00a0en el grado de\u00a0Educaci\u00f3n Primaria.<\/p>\n<div class=\"featured featured-blue\"><p>El\u00a0Pr\u00e1cticum\u00a0se considera una asignatura id\u00f3nea para que el alumnado pueda aplicar y complementar los conocimientos adquiridos durante la\u00a0formaci\u00f3n acad\u00e9mica, favoreciendo simult\u00e1neamente la\u00a0adquisici\u00f3n de competencias\u00a0que lo preparan para el\u00a0ejercicio profesional.<\/p>\n<\/div>\n<p>La dedicaci\u00f3n total de la asignatura es de\u00a0150 horas, de las cuales\u00a070 son presenciales\u00a0en el centro de pr\u00e1cticas y\u00a080 corresponden\u00a0a las actividades propuestas en el\u00a0aula virtual.<\/p>\n","protected":false},"excerpt":{"rendered":"<p>El\u00a0Pr\u00e1cticum I\u00a0es una asignatura de\u00a06 cr\u00e9ditos\u00a0y representa el primer contacto del estudiantado con el\u00a0centro de pr\u00e1cticas\u00a0en el grado de\u00a0Educaci\u00f3n Primaria. La dedicaci\u00f3n total de la asignatura es de\u00a0150 horas, de las cuales\u00a070 son presenciales\u00a0en el centro de pr\u00e1cticas y\u00a080 corresponden\u00a0a las actividades propuestas en el\u00a0aula virtual.<\/p>\n","protected":false},"author":1,"featured_media":0,"parent":0,"menu_order":0,"comment_status":"closed","ping_status":"closed","template":"","meta":[],"acf":[],"_links":{"self":[{"href":"http:\/\/guia-practiques-primaria.aula.uoc.edu\/guia-practiques-curriculars-estudiantat\/es\/wp-json\/wp\/v2\/pages\/268"}],"collection":[{"href":"http:\/\/guia-practiques-primaria.aula.uoc.edu\/guia-practiques-curriculars-estudiantat\/es\/wp-json\/wp\/v2\/pages"}],"about":[{"href":"http:\/\/guia-practiques-primaria.aula.uoc.edu\/guia-practiques-curriculars-estudiantat\/es\/wp-json\/wp\/v2\/types\/page"}],"author":[{"embeddable":true,"href":"http:\/\/guia-practiques-primaria.aula.uoc.edu\/guia-practiques-curriculars-estudiantat\/es\/wp-json\/wp\/v2\/users\/1"}],"replies":[{"embeddable":true,"href":"http:\/\/guia-practiques-primaria.aula.uoc.edu\/guia-practiques-curriculars-estudiantat\/es\/wp-json\/wp\/v2\/comments?post=268"}],"version-history":[{"count":2,"href":"http:\/\/guia-practiques-primaria.aula.uoc.edu\/guia-practiques-curriculars-estudiantat\/es\/wp-json\/wp\/v2\/pages\/268\/revisions"}],"predecessor-version":[{"id":270,"href":"http:\/\/guia-practiques-primaria.aula.uoc.edu\/guia-practiques-curriculars-estudiantat\/es\/wp-json\/wp\/v2\/pages\/268\/revisions\/270"}],"wp:attachment":[{"href":"http:\/\/guia-practiques-primaria.aula.uoc.edu\/guia-practiques-curriculars-estudiantat\/es\/wp-json\/wp\/v2\/media?parent=268"}],"curies":[{"name":"wp","href":"https:\/\/api.w.org\/{rel}","templated":true}]}}