{"id":272,"date":"2025-10-08T09:13:26","date_gmt":"2025-10-08T07:13:26","guid":{"rendered":"http:\/\/guia-practiques-primaria.aula.uoc.edu\/guia-practiques-curriculars-estudiantat\/?page_id=272"},"modified":"2025-10-08T09:13:26","modified_gmt":"2025-10-08T07:13:26","slug":"5-1-2-contenidos","status":"publish","type":"page","link":"http:\/\/guia-practiques-primaria.aula.uoc.edu\/guia-practiques-curriculars-estudiantat\/es\/5-1-2-contenidos\/","title":{"rendered":"5.1.2. Contenidos"},"content":{"rendered":"<p>El Pr\u00e1cticum I, vinculado a los m\u00f3dulos de car\u00e1cter b\u00e1sico, tiene como objetivo <strong>realizar una primera aproximaci\u00f3n al centro escolar<\/strong>. En este primer Pr\u00e1cticum se reflexiona sobre los elementos que configuran el dise\u00f1o de un entorno positivo de aprendizaje, tanto en el \u00e1mbito organizativo de la escuela como en el aula con el grupo de estudiantes que tiene asignado el estudiantado. Aunque el foco del Pr\u00e1cticum gira en torno a esta funci\u00f3n, en todas las asignaturas de Pr\u00e1cticum se abordan temas transversales vinculados con el hecho de ser maestro hoy (el perfil \u00e9tico del maestro, la relaci\u00f3n entre teor\u00eda y pr\u00e1ctica, y la perspectiva de g\u00e9nero, entre otros).<\/p>\n","protected":false},"excerpt":{"rendered":"<p>El Pr\u00e1cticum I, vinculado a los m\u00f3dulos de car\u00e1cter b\u00e1sico, tiene como objetivo realizar una primera aproximaci\u00f3n al centro escolar. En este primer Pr\u00e1cticum se reflexiona sobre los elementos que configuran el dise\u00f1o de un entorno positivo de aprendizaje, tanto en el \u00e1mbito organizativo de la escuela como en el aula con el grupo de [&hellip;]<\/p>\n","protected":false},"author":1,"featured_media":0,"parent":0,"menu_order":0,"comment_status":"closed","ping_status":"closed","template":"","meta":[],"acf":[],"_links":{"self":[{"href":"http:\/\/guia-practiques-primaria.aula.uoc.edu\/guia-practiques-curriculars-estudiantat\/es\/wp-json\/wp\/v2\/pages\/272"}],"collection":[{"href":"http:\/\/guia-practiques-primaria.aula.uoc.edu\/guia-practiques-curriculars-estudiantat\/es\/wp-json\/wp\/v2\/pages"}],"about":[{"href":"http:\/\/guia-practiques-primaria.aula.uoc.edu\/guia-practiques-curriculars-estudiantat\/es\/wp-json\/wp\/v2\/types\/page"}],"author":[{"embeddable":true,"href":"http:\/\/guia-practiques-primaria.aula.uoc.edu\/guia-practiques-curriculars-estudiantat\/es\/wp-json\/wp\/v2\/users\/1"}],"replies":[{"embeddable":true,"href":"http:\/\/guia-practiques-primaria.aula.uoc.edu\/guia-practiques-curriculars-estudiantat\/es\/wp-json\/wp\/v2\/comments?post=272"}],"version-history":[{"count":2,"href":"http:\/\/guia-practiques-primaria.aula.uoc.edu\/guia-practiques-curriculars-estudiantat\/es\/wp-json\/wp\/v2\/pages\/272\/revisions"}],"predecessor-version":[{"id":274,"href":"http:\/\/guia-practiques-primaria.aula.uoc.edu\/guia-practiques-curriculars-estudiantat\/es\/wp-json\/wp\/v2\/pages\/272\/revisions\/274"}],"wp:attachment":[{"href":"http:\/\/guia-practiques-primaria.aula.uoc.edu\/guia-practiques-curriculars-estudiantat\/es\/wp-json\/wp\/v2\/media?parent=272"}],"curies":[{"name":"wp","href":"https:\/\/api.w.org\/{rel}","templated":true}]}}