{"id":295,"date":"2025-10-08T09:37:24","date_gmt":"2025-10-08T07:37:24","guid":{"rendered":"http:\/\/guia-practiques-primaria.aula.uoc.edu\/guia-practiques-curriculars-estudiantat\/?page_id=295"},"modified":"2025-10-08T09:39:38","modified_gmt":"2025-10-08T07:39:38","slug":"5-2-1-descripcion-general","status":"publish","type":"page","link":"http:\/\/guia-practiques-primaria.aula.uoc.edu\/guia-practiques-curriculars-estudiantat\/es\/5-2-1-descripcion-general\/","title":{"rendered":"5.2.1. Descripci\u00f3n general"},"content":{"rendered":"<p>El Pr\u00e1cticum II es una asignatura de seis cr\u00e9ditos donde el estudiantado deber\u00e1 realizar 70 horas presenciales en el centro de pr\u00e1cticas, as\u00ed como llevar a cabo las actividades de aprendizaje propuestas en el aula virtual. Las actividades de naturaleza formativa realizadas por el estudiantado son supervisadas por un mentor o mentora del centro educativo donde se desarrolla y por un tutor o tutora acad\u00e9mica de la UOC.<\/p>\n<div class=\"featured featured-blue\"><p>El\u00a0Pr\u00e1cticum\u00a0se considera una\u00a0asignatura id\u00f3nea\u00a0para que el alumnado pueda aplicar y complementar los\u00a0conocimientos adquiridos durante la formaci\u00f3n acad\u00e9mica, favoreciendo, al mismo tiempo, la\u00a0adquisici\u00f3n de competencias\u00a0que lo preparan para el\u00a0ejercicio profesional.<\/p>\n<\/div>\n","protected":false},"excerpt":{"rendered":"<p>El Pr\u00e1cticum II es una asignatura de seis cr\u00e9ditos donde el estudiantado deber\u00e1 realizar 70 horas presenciales en el centro de pr\u00e1cticas, as\u00ed como llevar a cabo las actividades de aprendizaje propuestas en el aula virtual. Las actividades de naturaleza formativa realizadas por el estudiantado son supervisadas por un mentor o mentora del centro educativo [&hellip;]<\/p>\n","protected":false},"author":1,"featured_media":0,"parent":0,"menu_order":0,"comment_status":"closed","ping_status":"closed","template":"","meta":[],"acf":[],"_links":{"self":[{"href":"http:\/\/guia-practiques-primaria.aula.uoc.edu\/guia-practiques-curriculars-estudiantat\/es\/wp-json\/wp\/v2\/pages\/295"}],"collection":[{"href":"http:\/\/guia-practiques-primaria.aula.uoc.edu\/guia-practiques-curriculars-estudiantat\/es\/wp-json\/wp\/v2\/pages"}],"about":[{"href":"http:\/\/guia-practiques-primaria.aula.uoc.edu\/guia-practiques-curriculars-estudiantat\/es\/wp-json\/wp\/v2\/types\/page"}],"author":[{"embeddable":true,"href":"http:\/\/guia-practiques-primaria.aula.uoc.edu\/guia-practiques-curriculars-estudiantat\/es\/wp-json\/wp\/v2\/users\/1"}],"replies":[{"embeddable":true,"href":"http:\/\/guia-practiques-primaria.aula.uoc.edu\/guia-practiques-curriculars-estudiantat\/es\/wp-json\/wp\/v2\/comments?post=295"}],"version-history":[{"count":4,"href":"http:\/\/guia-practiques-primaria.aula.uoc.edu\/guia-practiques-curriculars-estudiantat\/es\/wp-json\/wp\/v2\/pages\/295\/revisions"}],"predecessor-version":[{"id":300,"href":"http:\/\/guia-practiques-primaria.aula.uoc.edu\/guia-practiques-curriculars-estudiantat\/es\/wp-json\/wp\/v2\/pages\/295\/revisions\/300"}],"wp:attachment":[{"href":"http:\/\/guia-practiques-primaria.aula.uoc.edu\/guia-practiques-curriculars-estudiantat\/es\/wp-json\/wp\/v2\/media?parent=295"}],"curies":[{"name":"wp","href":"https:\/\/api.w.org\/{rel}","templated":true}]}}