{"id":302,"date":"2025-10-08T09:43:45","date_gmt":"2025-10-08T07:43:45","guid":{"rendered":"http:\/\/guia-practiques-primaria.aula.uoc.edu\/guia-practiques-curriculars-estudiantat\/?page_id=302"},"modified":"2025-10-08T09:44:59","modified_gmt":"2025-10-08T07:44:59","slug":"5-2-2-contenidos","status":"publish","type":"page","link":"http:\/\/guia-practiques-primaria.aula.uoc.edu\/guia-practiques-curriculars-estudiantat\/es\/5-2-2-contenidos\/","title":{"rendered":"5.2.2. Contenidos"},"content":{"rendered":"<p>La\u00a0escuela\u00a0es un espacio educativo privilegiado, pero no es, ni mucho menos, la \u00fanica instituci\u00f3n responsable del desarrollo integral de los ni\u00f1os: es uno de los nodos clave de una\u00a0red\u00a0para facilitar las oportunidades educativas del alumnado. En estas pr\u00e1cticas que reci\u00e9n comenzamos, profundizaremos en la\u00a0<strong>organizaci\u00f3n escolar<\/strong>\u00a0<strong>y c\u00f3mo esta se coordina con<\/strong>\u00a0<strong>otros agentes educativos de la comunidad<\/strong>\u00a0para el desarrollo \u00f3ptimo de los procesos educativos.<\/p>\n<p>En este sentido, uno de los principales retos del sistema educativo es promover la\u00a0igualdad de oportunidades\u00a0para todo el estudiantado. Para garantizar la\u00a0equidad e inclusi\u00f3n\u00a0es clave entender el proceso educativo como un\u00a0proyecto colectivo, por el que se hace imprescindible esta\u00a0<strong>participaci\u00f3n y trabajo en red de los diferentes agentes educativos<\/strong>.<\/p>\n<p>Las\u00a0<strong>relaciones entre la familia y la escuela<\/strong>, por ejemplo, son determinantes para el\u00a0\u00e9xito educativo\u00a0del estudiantado. En sus primeras etapas de crecimiento, el ni\u00f1o encuentra en ambos estamentos los pilares m\u00e1s importantes para su socializaci\u00f3n y desarrollo integral. Se hace evidente, pues, la necesidad de conexi\u00f3n entre estos dos para que el ni\u00f1o se sienta seguro y sepa que cuenta con su apoyo remando en la misma direcci\u00f3n.<\/p>\n<p>Finalmente, si hablamos de la\u00a0importancia y la necesidad de colaboraci\u00f3n\u00a0de los diferentes\u00a0agentes educativos\u00a0con el fin de dar una respuesta educativa com\u00fan y coherente que reconozca las diferentes identidades del alumnado, la\u00a0<strong>figura docente<\/strong>\u00a0es clave para conseguir la\u00a0continuidad y el progreso\u00a0de este modelo de\u00a0trabajo en red.<\/p>\n","protected":false},"excerpt":{"rendered":"<p>La\u00a0escuela\u00a0es un espacio educativo privilegiado, pero no es, ni mucho menos, la \u00fanica instituci\u00f3n responsable del desarrollo integral de los ni\u00f1os: es uno de los nodos clave de una\u00a0red\u00a0para facilitar las oportunidades educativas del alumnado. En estas pr\u00e1cticas que reci\u00e9n comenzamos, profundizaremos en la\u00a0organizaci\u00f3n escolar\u00a0y c\u00f3mo esta se coordina con\u00a0otros agentes educativos de la comunidad\u00a0para [&hellip;]<\/p>\n","protected":false},"author":1,"featured_media":0,"parent":0,"menu_order":0,"comment_status":"closed","ping_status":"closed","template":"","meta":[],"acf":[],"_links":{"self":[{"href":"http:\/\/guia-practiques-primaria.aula.uoc.edu\/guia-practiques-curriculars-estudiantat\/es\/wp-json\/wp\/v2\/pages\/302"}],"collection":[{"href":"http:\/\/guia-practiques-primaria.aula.uoc.edu\/guia-practiques-curriculars-estudiantat\/es\/wp-json\/wp\/v2\/pages"}],"about":[{"href":"http:\/\/guia-practiques-primaria.aula.uoc.edu\/guia-practiques-curriculars-estudiantat\/es\/wp-json\/wp\/v2\/types\/page"}],"author":[{"embeddable":true,"href":"http:\/\/guia-practiques-primaria.aula.uoc.edu\/guia-practiques-curriculars-estudiantat\/es\/wp-json\/wp\/v2\/users\/1"}],"replies":[{"embeddable":true,"href":"http:\/\/guia-practiques-primaria.aula.uoc.edu\/guia-practiques-curriculars-estudiantat\/es\/wp-json\/wp\/v2\/comments?post=302"}],"version-history":[{"count":4,"href":"http:\/\/guia-practiques-primaria.aula.uoc.edu\/guia-practiques-curriculars-estudiantat\/es\/wp-json\/wp\/v2\/pages\/302\/revisions"}],"predecessor-version":[{"id":307,"href":"http:\/\/guia-practiques-primaria.aula.uoc.edu\/guia-practiques-curriculars-estudiantat\/es\/wp-json\/wp\/v2\/pages\/302\/revisions\/307"}],"wp:attachment":[{"href":"http:\/\/guia-practiques-primaria.aula.uoc.edu\/guia-practiques-curriculars-estudiantat\/es\/wp-json\/wp\/v2\/media?parent=302"}],"curies":[{"name":"wp","href":"https:\/\/api.w.org\/{rel}","templated":true}]}}