{"id":314,"date":"2025-10-08T09:51:14","date_gmt":"2025-10-08T07:51:14","guid":{"rendered":"http:\/\/guia-practiques-primaria.aula.uoc.edu\/guia-practiques-curriculars-estudiantat\/?page_id=314"},"modified":"2025-10-08T09:51:14","modified_gmt":"2025-10-08T07:51:14","slug":"5-2-4-resultados-de-aprendizaje","status":"publish","type":"page","link":"http:\/\/guia-practiques-primaria.aula.uoc.edu\/guia-practiques-curriculars-estudiantat\/es\/5-2-4-resultados-de-aprendizaje\/","title":{"rendered":"5.2.4. Resultados de aprendizaje"},"content":{"rendered":"<p>Los resultados de aprendizaje que el estudiantado del Pr\u00e1cticum II ser\u00e1 capaz de alcanzar despu\u00e9s de haber participado en la asignatura y evidenciando su desarrollo competencial en ese momento del grado de Educaci\u00f3n Primaria ser\u00e1n los siguientes:<\/p>\n<p><strong>RA64.<\/strong> Controlar y hacer un seguimiento del proceso educativo y, en particular, del de ense\u00f1anza y aprendizaje mediante el dominio de las t\u00e9cnicas y estrategias necesarias.<\/p>\n<p><strong>RA65.<\/strong> Relacionar teor\u00eda y pr\u00e1ctica con la realidad del aula y del centro.<\/p>\n<p><strong>RA69.<\/strong> Conocer formas de colaboraci\u00f3n con los diferentes sectores de la comunidad educativa y del entorno social.<\/p>\n<p><strong>RA78.<\/strong> Tener capacidad para utilizar los recursos disponibles en Internet de una manera aut\u00f3noma para mejorar y desarrollar las destrezas en lengua inglesa.<\/p>\n<p><strong>RA91.<\/strong> Comprender y actuar seg\u00fan los principios \u00e9ticos que gu\u00edan el ejercicio profesional.<\/p>\n<p>&nbsp;<\/p>\n<p>&nbsp;<\/p>\n","protected":false},"excerpt":{"rendered":"<p>Los resultados de aprendizaje que el estudiantado del Pr\u00e1cticum II ser\u00e1 capaz de alcanzar despu\u00e9s de haber participado en la asignatura y evidenciando su desarrollo competencial en ese momento del grado de Educaci\u00f3n Primaria ser\u00e1n los siguientes: RA64. Controlar y hacer un seguimiento del proceso educativo y, en particular, del de ense\u00f1anza y aprendizaje mediante [&hellip;]<\/p>\n","protected":false},"author":1,"featured_media":0,"parent":0,"menu_order":0,"comment_status":"closed","ping_status":"closed","template":"","meta":[],"acf":[],"_links":{"self":[{"href":"http:\/\/guia-practiques-primaria.aula.uoc.edu\/guia-practiques-curriculars-estudiantat\/es\/wp-json\/wp\/v2\/pages\/314"}],"collection":[{"href":"http:\/\/guia-practiques-primaria.aula.uoc.edu\/guia-practiques-curriculars-estudiantat\/es\/wp-json\/wp\/v2\/pages"}],"about":[{"href":"http:\/\/guia-practiques-primaria.aula.uoc.edu\/guia-practiques-curriculars-estudiantat\/es\/wp-json\/wp\/v2\/types\/page"}],"author":[{"embeddable":true,"href":"http:\/\/guia-practiques-primaria.aula.uoc.edu\/guia-practiques-curriculars-estudiantat\/es\/wp-json\/wp\/v2\/users\/1"}],"replies":[{"embeddable":true,"href":"http:\/\/guia-practiques-primaria.aula.uoc.edu\/guia-practiques-curriculars-estudiantat\/es\/wp-json\/wp\/v2\/comments?post=314"}],"version-history":[{"count":2,"href":"http:\/\/guia-practiques-primaria.aula.uoc.edu\/guia-practiques-curriculars-estudiantat\/es\/wp-json\/wp\/v2\/pages\/314\/revisions"}],"predecessor-version":[{"id":316,"href":"http:\/\/guia-practiques-primaria.aula.uoc.edu\/guia-practiques-curriculars-estudiantat\/es\/wp-json\/wp\/v2\/pages\/314\/revisions\/316"}],"wp:attachment":[{"href":"http:\/\/guia-practiques-primaria.aula.uoc.edu\/guia-practiques-curriculars-estudiantat\/es\/wp-json\/wp\/v2\/media?parent=314"}],"curies":[{"name":"wp","href":"https:\/\/api.w.org\/{rel}","templated":true}]}}