{"id":317,"date":"2025-10-08T10:03:49","date_gmt":"2025-10-08T08:03:49","guid":{"rendered":"http:\/\/guia-practiques-primaria.aula.uoc.edu\/guia-practiques-curriculars-estudiantat\/?page_id=317"},"modified":"2025-10-08T10:04:41","modified_gmt":"2025-10-08T08:04:41","slug":"5-2-5-actividades-de-aprendizaje","status":"publish","type":"page","link":"http:\/\/guia-practiques-primaria.aula.uoc.edu\/guia-practiques-curriculars-estudiantat\/es\/5-2-5-actividades-de-aprendizaje\/","title":{"rendered":"5.2.5. Actividades de aprendizaje"},"content":{"rendered":"<p>A continuaci\u00f3n, se presenta una breve descripci\u00f3n de cada una de las actividades de evaluaci\u00f3n continuada que se propondr\u00e1n en el aula virtual con el objetivo de que el estudiantado desarrolle las competencias del Pr\u00e1cticum II del grado de Educaci\u00f3n Primaria.<\/p>\n<table>\n<tbody>\n<tr class=\"table-header\">\n<td width=\"40\">PEC<\/td>\n<td width=\"60\">Nombre<\/td>\n<td width=\"250\">Descripci\u00f3n<\/td>\n<td width=\"120\">Competencias para desarrollar<\/td>\n<td width=\"30\">Ponderaci\u00f3n<\/td>\n<\/tr>\n<tr>\n<td width=\"50\">PEC 1<\/td>\n<td width=\"150\"><strong>Mi videoblog de pr\u00e1cticas<\/strong><\/td>\n<td width=\"205\">Se propone al estudiantado que realice un diario de pr\u00e1cticas compartiendo con el resto de compa\u00f1eras y compa\u00f1eros de aula las experiencias y actividades vividas a lo largo de su estancia en el centro, as\u00ed como las reflexiones, impresiones o cuestionamientos que estas le susciten. El diario se plantea no solo como un espacio de registro y reflexi\u00f3n sobre el propio proceso de aprendizaje, sino tambi\u00e9n como un espacio de intercambio y aprendizaje entre iguales. Por ello, se pide que se realicen un m\u00ednimo de siete intervenciones, en forma de videoblogs o v\u00eddeos cortos.<\/td>\n<td width=\"101\"><a class=\"tooltip\"  href=\"javascript:void(0);\" data-toggle=\"popover\" data-placement=\"bottom\" data-content=\"Que los estudiantes sepan aplicar sus conocimientos a su trabajo o vocaci\u00f3n de una forma profesional y tengan las competencias que suelen demostrarse mediante la elaboraci\u00f3n y la defensa de argumentos y la resoluci\u00f3n de problemas dentro de su \u00e1rea de estudio.\">CB2<\/a><br \/>\n<span style=\"font-family: inherit; font-size: inherit;\"><a class=\"tooltip\"  href=\"javascript:void(0);\" data-toggle=\"popover\" data-placement=\"bottom\" data-content=\"Comprender y expresar adecuadamente el conocimiento, de forma oral y escrita, en los diversos contextos acad\u00e9micos o profesionales propios de la especialidad.\">CG6<\/a><br \/>\n<span style=\"font-family: inherit; font-size: inherit;\"><a class=\"tooltip\"  href=\"javascript:void(0);\" data-toggle=\"popover\" data-placement=\"bottom\" data-content=\"Mantener una relaci\u00f3n cr\u00edtica y aut\u00f3noma respecto a los saberes, los valores y las instituciones sociales p\u00fablicas y privadas.\">CE12<\/a><br \/>\n<a class=\"tooltip\"  href=\"javascript:void(0);\" data-toggle=\"popover\" data-placement=\"bottom\" data-content=\"Reflexionar sobre las metodolog\u00edas en el aula para innovar y mejorar la labor docente en la educaci\u00f3n primaria, fomentando actitudes positivas hacia modelos de ense\u00f1anza por indagaci\u00f3n centrados en el estudiante.\">CE13<\/a><br \/>\n<a class=\"tooltip\"  href=\"javascript:void(0);\" data-toggle=\"popover\" data-placement=\"bottom\" data-content=\"Adquirir h\u00e1bitos y destrezas para el aprendizaje aut\u00f3nomo y cooperativo y promoverlo entre los estudiantes.\">CE14<\/a><\/span><\/span><\/td>\n<td width=\"94\">25 %<\/td>\n<\/tr>\n<tr>\n<td width=\"56\">PEC 2<\/td>\n<td width=\"153\"><strong>Actuaci\u00f3n docente y trabajo en red<\/strong><\/td>\n<td width=\"205\">En esta actividad se propone adentrarse en las formas de organizaci\u00f3n y coordinaci\u00f3n de los diferentes agentes educativos del centro de pr\u00e1cticas a trav\u00e9s de la revisi\u00f3n de los documentos de centro y de la participaci\u00f3n en reuniones de curso, de claustro, de equipos docentes, comisiones de trabajo de centro u otras actividades relevantes para los miembros de un claustro educativo. Por ello se pide sintetizar toda esta informaci\u00f3n a trav\u00e9s de un organigrama de los diferentes agentes educativos que intervienen en el centro escolar y de una representaci\u00f3n esquem\u00e1tica de la tipolog\u00eda de reuniones de coordinaci\u00f3n.<\/td>\n<td width=\"101\"><a class=\"tooltip\"  href=\"javascript:void(0);\" data-toggle=\"popover\" data-placement=\"bottom\" data-content=\"Que los estudiantes tengan la capacidad de reunir e interpretar datos relevantes (normalmente dentro de su \u00e1rea de estudio) para emitir juicios que incluyan una reflexi\u00f3n sobre temas relevantes de \u00edndole social, cient\u00edfica o \u00e9tica.\">CB3<\/a><br \/>\n<a class=\"tooltip\"  href=\"javascript:void(0);\" data-toggle=\"popover\" data-placement=\"bottom\" data-content=\"Que los estudiantes puedan transmitir informaci\u00f3n, ideas, problemas y soluciones a un p\u00fablico tanto especializado como no especializado.\">CB4<\/a><br \/>\n<a class=\"tooltip\"  href=\"javascript:void(0);\" data-toggle=\"popover\" data-placement=\"bottom\" data-content=\"Adquirir h\u00e1bitos y destrezas para el aprendizaje aut\u00f3nomo y cooperativo y promoverlo entre los estudiantes.\">CE14<\/a><\/td>\n<td width=\"94\">15 %<\/td>\n<\/tr>\n<tr>\n<td width=\"56\">PEC 3<\/td>\n<td width=\"153\"><strong>Escuela-familia: un t\u00e1ndem imprescindible<\/strong><\/td>\n<td width=\"205\">A partir de entrevistas, de la consulta de documentos del centro y de la participaci\u00f3n en la vida del centro en general, se propone profundizar en las relaciones escuela-familia dentro del centro de pr\u00e1cticas. En primer lugar, a partir de sintetizar en qu\u00e9 marco normativo y de qu\u00e9 manera se dan las diversas formas de participaci\u00f3n y colaboraci\u00f3n. En segundo lugar, reflexionando sobre esta relaci\u00f3n. Y, finalmente, analizando el papel de la AFA como elemento clave en la relaci\u00f3n entre familias y escuela.<\/td>\n<td width=\"101\"><a class=\"tooltip\"  href=\"javascript:void(0);\" data-toggle=\"popover\" data-placement=\"bottom\" data-content=\"Que los estudiantes tengan la capacidad de reunir e interpretar datos relevantes (normalmente dentro de su \u00e1rea de estudio) para emitir juicios que incluyan una reflexi\u00f3n sobre temas relevantes de \u00edndole social, cient\u00edfica o \u00e9tica.\">CB3<\/a><br \/>\n<a class=\"tooltip\"  href=\"javascript:void(0);\" data-toggle=\"popover\" data-placement=\"bottom\" data-content=\"Que los estudiantes puedan transmitir informaci\u00f3n, ideas, problemas y soluciones a un p\u00fablico tanto especializado como no especializado.\">CB4<\/a><br \/>\n<a class=\"tooltip\"  href=\"javascript:void(0);\" data-toggle=\"popover\" data-placement=\"bottom\" data-content=\"Adquirir h\u00e1bitos y destrezas para el aprendizaje aut\u00f3nomo y cooperativo y promoverlo entre los estudiantes.\">CE14<\/a><\/td>\n<td width=\"94\">15 %<\/td>\n<\/tr>\n<tr>\n<td width=\"56\">PEC 4<\/td>\n<td width=\"153\"><strong>Mi rol como docente para la mejora del trabajo en red<\/strong><\/td>\n<td width=\"205\">En esta actividad se trata de analizar la realidad del centro de pr\u00e1cticas en relaci\u00f3n al trabajo en red y a la colaboraci\u00f3n con las familias y, a partir de ah\u00ed, escoger un aspecto o elemento susceptible de mejora y dise\u00f1ar, llevar a cabo y reflexionar sobre esta propuesta concreta de intervenci\u00f3n.<\/td>\n<td width=\"101\"><a class=\"tooltip\"  href=\"javascript:void(0);\" data-toggle=\"popover\" data-placement=\"bottom\" data-content=\"Actuar de manera honesta, \u00e9tica, sostenible, socialmente responsable y respetuosa con los derechos humanos y la diversidad, tanto en la pr\u00e1ctica acad\u00e9mica como en la profesional.\">CT3<\/a><br \/>\n<a class=\"tooltip\"  href=\"javascript:void(0);\" data-toggle=\"popover\" data-placement=\"bottom\" data-content=\"Que los estudiantes sepan aplicar sus conocimientos a su trabajo o vocaci\u00f3n de una forma profesional y tengan las competencias que suelen demostrarse mediante la elaboraci\u00f3n y la defensa de argumentos y la resoluci\u00f3n de problemas dentro de su \u00e1rea de estudio.\">CB2<\/a><br \/>\n<a class=\"tooltip\"  href=\"javascript:void(0);\" data-toggle=\"popover\" data-placement=\"bottom\" data-content=\"Dise\u00f1ar, planificar y evaluar procesos de ense\u00f1anza y aprendizaje, tanto individualmente como en colaboraci\u00f3n con otros docentes y profesionales del centro de educaci\u00f3n primaria.\">CE2 <\/a><br \/>\n<a class=\"tooltip\"  href=\"javascript:void(0);\" data-toggle=\"popover\" data-placement=\"bottom\" data-content=\"Analizar la organizaci\u00f3n de los centros de educaci\u00f3n primaria y proponer mejoras en la diversidad de acciones que comprende su funcionamiento.\">CE8 <\/a><br \/>\n<a class=\"tooltip\"  href=\"javascript:void(0);\" data-toggle=\"popover\" data-placement=\"bottom\" data-content=\"Reflexionar sobre las metodolog\u00edas en el aula para innovar y mejorar la labor docente en la educaci\u00f3n primaria, fomentando actitudes positivas hacia modelos de ense\u00f1anza por indagaci\u00f3n centrados en el estudiante.\">CE13 <\/a><br \/>\n<a class=\"tooltip\"  href=\"javascript:void(0);\" data-toggle=\"popover\" data-placement=\"bottom\" data-content=\"Adquirir h\u00e1bitos y destrezas para el aprendizaje aut\u00f3nomo y cooperativo y promoverlo entre los estudiantes.\">CE14 <\/a><\/td>\n<td width=\"94\">25 %<\/td>\n<\/tr>\n<tr>\n<td width=\"56\">PEC 5<\/td>\n<td width=\"153\"><strong>Informe final de pr\u00e1cticas<\/strong><\/td>\n<td width=\"205\">Esta actividad representa el cierre del Pr\u00e1cticum II. Integra la evaluaci\u00f3n de la propuesta did\u00e1ctica que he llevado a cabo con el grupo clase y una reflexi\u00f3n final sobre todo el periodo que he pasado en la escuela de pr\u00e1cticas.<\/td>\n<td width=\"101\">Todas las anteriores.<\/td>\n<td width=\"94\">20 %<\/td>\n<\/tr>\n<\/tbody>\n<\/table>\n","protected":false},"excerpt":{"rendered":"<p>A continuaci\u00f3n, se presenta una breve descripci\u00f3n de cada una de las actividades de evaluaci\u00f3n continuada que se propondr\u00e1n en el aula virtual con el objetivo de que el estudiantado desarrolle las competencias del Pr\u00e1cticum II del grado de Educaci\u00f3n Primaria. PEC Nombre Descripci\u00f3n Competencias para desarrollar Ponderaci\u00f3n PEC 1 Mi videoblog de pr\u00e1cticas Se [&hellip;]<\/p>\n","protected":false},"author":1,"featured_media":0,"parent":0,"menu_order":0,"comment_status":"closed","ping_status":"closed","template":"","meta":[],"acf":[],"_links":{"self":[{"href":"http:\/\/guia-practiques-primaria.aula.uoc.edu\/guia-practiques-curriculars-estudiantat\/es\/wp-json\/wp\/v2\/pages\/317"}],"collection":[{"href":"http:\/\/guia-practiques-primaria.aula.uoc.edu\/guia-practiques-curriculars-estudiantat\/es\/wp-json\/wp\/v2\/pages"}],"about":[{"href":"http:\/\/guia-practiques-primaria.aula.uoc.edu\/guia-practiques-curriculars-estudiantat\/es\/wp-json\/wp\/v2\/types\/page"}],"author":[{"embeddable":true,"href":"http:\/\/guia-practiques-primaria.aula.uoc.edu\/guia-practiques-curriculars-estudiantat\/es\/wp-json\/wp\/v2\/users\/1"}],"replies":[{"embeddable":true,"href":"http:\/\/guia-practiques-primaria.aula.uoc.edu\/guia-practiques-curriculars-estudiantat\/es\/wp-json\/wp\/v2\/comments?post=317"}],"version-history":[{"count":3,"href":"http:\/\/guia-practiques-primaria.aula.uoc.edu\/guia-practiques-curriculars-estudiantat\/es\/wp-json\/wp\/v2\/pages\/317\/revisions"}],"predecessor-version":[{"id":320,"href":"http:\/\/guia-practiques-primaria.aula.uoc.edu\/guia-practiques-curriculars-estudiantat\/es\/wp-json\/wp\/v2\/pages\/317\/revisions\/320"}],"wp:attachment":[{"href":"http:\/\/guia-practiques-primaria.aula.uoc.edu\/guia-practiques-curriculars-estudiantat\/es\/wp-json\/wp\/v2\/media?parent=317"}],"curies":[{"name":"wp","href":"https:\/\/api.w.org\/{rel}","templated":true}]}}