{"id":324,"date":"2025-10-08T10:08:29","date_gmt":"2025-10-08T08:08:29","guid":{"rendered":"http:\/\/guia-practiques-primaria.aula.uoc.edu\/guia-practiques-curriculars-estudiantat\/?page_id=324"},"modified":"2025-10-08T10:08:55","modified_gmt":"2025-10-08T08:08:55","slug":"5-3-1-descripcion-general","status":"publish","type":"page","link":"http:\/\/guia-practiques-primaria.aula.uoc.edu\/guia-practiques-curriculars-estudiantat\/es\/5-3-1-descripcion-general\/","title":{"rendered":"5.3.1. Descripci\u00f3n general"},"content":{"rendered":"<p>El Pr\u00e1cticum III es una asignatura de 10 cr\u00e9ditos, en la que el estudiantado realizar\u00e1 150 horas presenciales en el centro de pr\u00e1cticas. Estas actividades de naturaleza formativa realizadas por el estudiantado son supervisadas por un mentor o una mentora del centro educativo donde se desarrollan, y por un tutor o una tutora acad\u00e9mica de la UOC. Adem\u00e1s, el estudiantado realizar\u00e1 una serie de actividades de aprendizaje propuestas en el aula virtual.<\/p>\n<div class=\"featured featured-blue\"><p>El Pr\u00e1cticum III es una asignatura id\u00f3nea para que el estudiantado pueda consolidar y aplicar el conocimiento de los procesos educativos que se producen en el aula, reforzando la adquisici\u00f3n de las competencias necesarias para la pr\u00e1ctica docente.<\/p>\n<\/div>\n","protected":false},"excerpt":{"rendered":"<p>El Pr\u00e1cticum III es una asignatura de 10 cr\u00e9ditos, en la que el estudiantado realizar\u00e1 150 horas presenciales en el centro de pr\u00e1cticas. Estas actividades de naturaleza formativa realizadas por el estudiantado son supervisadas por un mentor o una mentora del centro educativo donde se desarrollan, y por un tutor o una tutora acad\u00e9mica de [&hellip;]<\/p>\n","protected":false},"author":1,"featured_media":0,"parent":0,"menu_order":0,"comment_status":"closed","ping_status":"closed","template":"","meta":[],"acf":[],"_links":{"self":[{"href":"http:\/\/guia-practiques-primaria.aula.uoc.edu\/guia-practiques-curriculars-estudiantat\/es\/wp-json\/wp\/v2\/pages\/324"}],"collection":[{"href":"http:\/\/guia-practiques-primaria.aula.uoc.edu\/guia-practiques-curriculars-estudiantat\/es\/wp-json\/wp\/v2\/pages"}],"about":[{"href":"http:\/\/guia-practiques-primaria.aula.uoc.edu\/guia-practiques-curriculars-estudiantat\/es\/wp-json\/wp\/v2\/types\/page"}],"author":[{"embeddable":true,"href":"http:\/\/guia-practiques-primaria.aula.uoc.edu\/guia-practiques-curriculars-estudiantat\/es\/wp-json\/wp\/v2\/users\/1"}],"replies":[{"embeddable":true,"href":"http:\/\/guia-practiques-primaria.aula.uoc.edu\/guia-practiques-curriculars-estudiantat\/es\/wp-json\/wp\/v2\/comments?post=324"}],"version-history":[{"count":3,"href":"http:\/\/guia-practiques-primaria.aula.uoc.edu\/guia-practiques-curriculars-estudiantat\/es\/wp-json\/wp\/v2\/pages\/324\/revisions"}],"predecessor-version":[{"id":328,"href":"http:\/\/guia-practiques-primaria.aula.uoc.edu\/guia-practiques-curriculars-estudiantat\/es\/wp-json\/wp\/v2\/pages\/324\/revisions\/328"}],"wp:attachment":[{"href":"http:\/\/guia-practiques-primaria.aula.uoc.edu\/guia-practiques-curriculars-estudiantat\/es\/wp-json\/wp\/v2\/media?parent=324"}],"curies":[{"name":"wp","href":"https:\/\/api.w.org\/{rel}","templated":true}]}}