{"id":343,"date":"2025-10-08T10:30:11","date_gmt":"2025-10-08T08:30:11","guid":{"rendered":"http:\/\/guia-practiques-primaria.aula.uoc.edu\/guia-practiques-curriculars-estudiantat\/?page_id=343"},"modified":"2025-10-08T10:30:51","modified_gmt":"2025-10-08T08:30:51","slug":"5-3-5-actividades-de-aprendizaje","status":"publish","type":"page","link":"http:\/\/guia-practiques-primaria.aula.uoc.edu\/guia-practiques-curriculars-estudiantat\/es\/5-3-5-actividades-de-aprendizaje\/","title":{"rendered":"5.3.5. Actividades de aprendizaje"},"content":{"rendered":"<p>A continuaci\u00f3n se presenta una breve descripci\u00f3n de cada una de las actividades de evaluaci\u00f3n continuada que se propondr\u00e1n en el aula virtual con el objetivo de que el estudiantado desarrolle las competencias de la asignatura Pr\u00e1cticum III del grado de Educaci\u00f3n Primaria.<\/p>\n<table>\n<tbody>\n<tr class=\"table-header\">\n<td width=\"58\"><strong>PEC<\/strong><\/td>\n<td width=\"94\"><strong>Nombre<\/strong><\/td>\n<td width=\"312\"><strong>Descripci\u00f3n<\/strong><\/td>\n<td width=\"142\"><strong>Competencias para desarrollar<\/strong><\/td>\n<td width=\"95\"><strong>Ponderaci\u00f3n<\/strong><\/td>\n<\/tr>\n<tr>\n<td width=\"58\">PEC 1<\/td>\n<td width=\"94\"><strong>Mi videoblog de pr\u00e1cticas<\/strong><\/p>\n<p>&nbsp;<\/td>\n<td width=\"312\">El videoblog de pr\u00e1cticas proporciona un espacio en el que el estudiantado realiza un diario sobre las experiencias y las actividades vividas en el centro de pr\u00e1cticas, compartido con el resto de compa\u00f1eros y compa\u00f1eras, con el objetivo de documentar y reflexionar, individual y colectivamente, sobre las impresiones o las incertidumbres que surgen. Se pide que se realicen diez intervenciones en formato de videoblogs o v\u00eddeos cortos.<\/td>\n<td width=\"142\"><a class=\"tooltip\"  href=\"javascript:void(0);\" data-toggle=\"popover\" data-placement=\"bottom\" data-content=\"Que los estudiantes sepan aplicar sus conocimientos a su trabajo o vocaci\u00f3n de una forma profesional y tengan las competencias que suelen demostrarse mediante la elaboraci\u00f3n y la defensa de argumentos y la resoluci\u00f3n de problemas dentro de su \u00e1rea de estudio.\">CB2<\/a><br \/>\n<a class=\"tooltip\"  href=\"javascript:void(0);\" data-toggle=\"popover\" data-placement=\"bottom\" data-content=\"Que los estudiantes tengan la capacidad de reunir e interpretar datos relevantes (normalmente dentro de su \u00e1rea de estudio) para emitir juicios que incluyan una reflexi\u00f3n sobre temas relevantes de \u00edndole social, cient\u00edfica o \u00e9tica.\">CB3<\/a><br \/>\n<a class=\"tooltip\"  href=\"javascript:void(0);\" data-toggle=\"popover\" data-placement=\"bottom\" data-content=\"Comprender y expresar adecuadamente el conocimiento, de forma oral y escrita, en los diversos contextos acad\u00e9micos o profesionales propios de la especialidad.\">CG6<\/a><br \/>\n<a class=\"tooltip\"  href=\"javascript:void(0);\" data-toggle=\"popover\" data-placement=\"bottom\" data-content=\"Reflexionar sobre las metodolog\u00edas en el aula para innovar y mejorar la labor docente en la educaci\u00f3n primaria, fomentando actitudes positivas hacia modelos de ense\u00f1anza por indagaci\u00f3n centrados en el estudiante.\">CE13<\/a><\/td>\n<td width=\"95\">25\u00a0%<\/td>\n<\/tr>\n<tr>\n<td width=\"58\">PEC 2<\/td>\n<td width=\"94\"><strong>Gesti\u00f3n y resoluci\u00f3n de conflictos<\/strong><\/td>\n<td width=\"312\">Esta actividad se centra en la gesti\u00f3n y la resoluci\u00f3n de las situaciones de conflicto en la escuela mediante la comprensi\u00f3n de los diferentes puntos de vista de ni\u00f1os y personas adultas involucradas, y la aproximaci\u00f3n al conflicto no s\u00f3lo desde la racionalidad, sino tambi\u00e9n desde las emociones. Por ello, se pide analizar una situaci\u00f3n de conflicto en el aula con una t\u00e9cnica concreta, \u00ablos seis sombreros\u00bb, la cual promueve la reflexi\u00f3n, la empat\u00eda y el di\u00e1logo como herramientas para facilitar la convivencia y el aprendizaje.<\/td>\n<td width=\"142\"><a class=\"tooltip\"  href=\"javascript:void(0);\" data-toggle=\"popover\" data-placement=\"bottom\" data-content=\"Que los estudiantes puedan transmitir informaci\u00f3n, ideas, problemas y soluciones a un p\u00fablico tanto especializado como no especializado.\">CB4<\/a><br \/>\n<a class=\"tooltip\"  href=\"javascript:void(0);\" data-toggle=\"popover\" data-placement=\"bottom\" data-content=\"Fomentar la convivencia en el aula y fuera de ella, resolver problemas de disciplina y contribuir a la resoluci\u00f3n pac\u00edfica de conflictos.\">CE6<\/a><br \/>\n<a class=\"tooltip\"  href=\"javascript:void(0);\" data-toggle=\"popover\" data-placement=\"bottom\" data-content=\"Ejercer las funciones de tutor\u00eda y de orientaci\u00f3n con los estudiantes y las familias, atendiendo a las necesidades educativas singulares del alumnado.\">CE9<\/a><\/td>\n<td width=\"95\">15 %<\/td>\n<\/tr>\n<tr>\n<td width=\"58\">PEC 3<\/td>\n<td width=\"94\"><strong>La planificaci\u00f3n did\u00e1ctica en el centro educativo<\/strong><\/p>\n<p>&nbsp;<\/td>\n<td width=\"312\">Esta actividad se dirige a la exploraci\u00f3n y el conocimiento del proyecto educativo del centro, la programaci\u00f3n anual, los espacios y los recursos de aprendizaje que ofrece, y los mecanismos y las din\u00e1micas del centro de pr\u00e1cticas como primer paso para poder programar una unidad did\u00e1ctica basada en el curr\u00edculo oficial vigente.<\/td>\n<td width=\"142\"><a class=\"tooltip\"  href=\"javascript:void(0);\" data-toggle=\"popover\" data-placement=\"bottom\" data-content=\"Asumir que el ejercicio de la funci\u00f3n docente debe perfeccionarse y adaptarse a los cambios cient\u00edficos, pedag\u00f3gicos y sociales a lo largo de la vida.\">CE10<\/a><br \/>\n<a class=\"tooltip\"  href=\"javascript:void(0);\" data-toggle=\"popover\" data-placement=\"bottom\" data-content=\"Mantener una relaci\u00f3n cr\u00edtica y aut\u00f3noma respecto a los saberes, valores e instituciones sociales, p\u00fablicas y privadass.\">CE12<\/a><br \/>\n<a class=\"tooltip\"  href=\"javascript:void(0);\" data-toggle=\"popover\" data-placement=\"bottom\" data-content=\"Reflexionar sobre las metodolog\u00edas en el aula para innovar y mejorar la tarea docente en la educaci\u00f3n primaria, fomentando actitudes positivas hacia modelos de ense\u00f1anza por indagaci\u00f3n centrados en el estudiante.\">CE13<\/a><\/td>\n<td width=\"95\">15 %<\/td>\n<\/tr>\n<tr>\n<td width=\"58\">PEC 4<\/td>\n<td width=\"94\"><strong>Dise\u00f1o y aplicaci\u00f3n de una situaci\u00f3n de aprendizaje<\/strong><\/p>\n<p><strong>\u00a0<\/strong><\/td>\n<td width=\"312\">En esta actividad se trabaja la programaci\u00f3n did\u00e1ctica de manera activa, reflexiva y cr\u00edtica. A partir de la observaci\u00f3n de una situaci\u00f3n de aprendizaje en los \u00e1mbitos de las matem\u00e1ticas, las ciencias sociales y la lengua, se analiza el potencial innovador en t\u00e9rminos de interdisciplinariedad y uso de las TIC, para luego escoger una de ellas susceptible de mejora y dise\u00f1ar, poner en pr\u00e1ctica y evaluar la propuesta de intervenci\u00f3n.<\/td>\n<td width=\"142\"><a class=\"tooltip\"  href=\"javascript:void(0);\" data-toggle=\"popover\" data-placement=\"bottom\" data-content=\"Saber aplicar adecuadamente en la pr\u00e1ctica educativa el conocimiento sobre las \u00e1reas curriculares de la educaci\u00f3n primaria, la relaci\u00f3n interdisciplinaria entre ellas, los criterios de evaluaci\u00f3n y el cuerpo de conocimientos did\u00e1cticos en torno a los procedimientos de ense\u00f1anza y aprendizaje respectivos.\">CE1<\/a><br \/>\n<a class=\"tooltip\"  href=\"javascript:void(0);\" data-toggle=\"popover\" data-placement=\"bottom\" data-content=\"Dise\u00f1ar, planificar y evaluar procesos de ense\u00f1anza y aprendizaje, tanto individualmente como en colaboraci\u00f3n con otros docentes y profesionales del centro de educaci\u00f3n primaria.\">CE2<\/a><br \/>\n<a class=\"tooltip\"  href=\"javascript:void(0);\" data-toggle=\"popover\" data-placement=\"bottom\" data-content=\"Estimular y valorar el esfuerzo, la constancia y la disciplina personal en los estudiantes.\">CE7<\/a><br \/>\n<a class=\"tooltip\"  href=\"javascript:void(0);\" data-toggle=\"popover\" data-placement=\"bottom\" data-content=\"Aplicar de manera adecuada las tecnolog\u00edas de la informaci\u00f3n y la comunicaci\u00f3n en las aulas de educaci\u00f3n primaria y en el \u00e1mbito acad\u00e9mico y profesional.\">CE15<\/a><\/td>\n<td width=\"95\">25 %<\/td>\n<\/tr>\n<tr>\n<td width=\"58\">PEC 5<\/td>\n<td width=\"94\"><strong>Informe final de pr\u00e1cticas<\/strong><br \/>\n<strong>\u00a0<\/strong><\/td>\n<td width=\"312\">Esta actividad representa el cierre de la asignatura Pr\u00e1cticum III. Integra la evaluaci\u00f3n de la propuesta did\u00e1ctica realizada con el grupo clase y una reflexi\u00f3n final sobre todo el periodo de pr\u00e1cticas en el centro.<\/p>\n<p>&nbsp;<\/td>\n<td width=\"142\"><a class=\"tooltip\"  href=\"javascript:void(0);\" data-toggle=\"popover\" data-placement=\"bottom\" data-content=\"Actuar de manera honesta, \u00e9tica, sostenible, socialmente responsable y respetuosa con los derechos humanos y la diversidad, tanto en la pr\u00e1ctica acad\u00e9mica como en la profesional.\">CT3<\/a><br \/>\n<a class=\"tooltip\"  href=\"javascript:void(0);\" data-toggle=\"popover\" data-placement=\"bottom\" data-content=\"Comprender y expresar adecuadamente el conocimiento, de forma oral y escrita, en los diversos contextos acad\u00e9micos o profesionales propios de la especialidad.\">CG6<\/a><br \/>\n<a class=\"tooltip\"  href=\"javascript:void(0);\" data-toggle=\"popover\" data-placement=\"bottom\" data-content=\"Dise\u00f1ar, planificar y evaluar procesos de ense\u00f1anza y aprendizaje, tanto individualmente como en colaboraci\u00f3n con otros docentes y profesionales del centro de educaci\u00f3n primaria.\">CE2<\/a><\/td>\n<td width=\"95\">20 %<\/td>\n<\/tr>\n<\/tbody>\n<\/table>\n","protected":false},"excerpt":{"rendered":"<p>A continuaci\u00f3n se presenta una breve descripci\u00f3n de cada una de las actividades de evaluaci\u00f3n continuada que se propondr\u00e1n en el aula virtual con el objetivo de que el estudiantado desarrolle las competencias de la asignatura Pr\u00e1cticum III del grado de Educaci\u00f3n Primaria. PEC Nombre Descripci\u00f3n Competencias para desarrollar Ponderaci\u00f3n PEC 1 Mi videoblog de [&hellip;]<\/p>\n","protected":false},"author":1,"featured_media":0,"parent":0,"menu_order":0,"comment_status":"closed","ping_status":"closed","template":"","meta":[],"acf":[],"_links":{"self":[{"href":"http:\/\/guia-practiques-primaria.aula.uoc.edu\/guia-practiques-curriculars-estudiantat\/es\/wp-json\/wp\/v2\/pages\/343"}],"collection":[{"href":"http:\/\/guia-practiques-primaria.aula.uoc.edu\/guia-practiques-curriculars-estudiantat\/es\/wp-json\/wp\/v2\/pages"}],"about":[{"href":"http:\/\/guia-practiques-primaria.aula.uoc.edu\/guia-practiques-curriculars-estudiantat\/es\/wp-json\/wp\/v2\/types\/page"}],"author":[{"embeddable":true,"href":"http:\/\/guia-practiques-primaria.aula.uoc.edu\/guia-practiques-curriculars-estudiantat\/es\/wp-json\/wp\/v2\/users\/1"}],"replies":[{"embeddable":true,"href":"http:\/\/guia-practiques-primaria.aula.uoc.edu\/guia-practiques-curriculars-estudiantat\/es\/wp-json\/wp\/v2\/comments?post=343"}],"version-history":[{"count":4,"href":"http:\/\/guia-practiques-primaria.aula.uoc.edu\/guia-practiques-curriculars-estudiantat\/es\/wp-json\/wp\/v2\/pages\/343\/revisions"}],"predecessor-version":[{"id":347,"href":"http:\/\/guia-practiques-primaria.aula.uoc.edu\/guia-practiques-curriculars-estudiantat\/es\/wp-json\/wp\/v2\/pages\/343\/revisions\/347"}],"wp:attachment":[{"href":"http:\/\/guia-practiques-primaria.aula.uoc.edu\/guia-practiques-curriculars-estudiantat\/es\/wp-json\/wp\/v2\/media?parent=343"}],"curies":[{"name":"wp","href":"https:\/\/api.w.org\/{rel}","templated":true}]}}