{"id":350,"date":"2025-10-08T10:33:50","date_gmt":"2025-10-08T08:33:50","guid":{"rendered":"http:\/\/guia-practiques-primaria.aula.uoc.edu\/guia-practiques-curriculars-estudiantat\/?page_id=350"},"modified":"2025-10-08T10:34:58","modified_gmt":"2025-10-08T08:34:58","slug":"5-4-1-descripcion-general","status":"publish","type":"page","link":"http:\/\/guia-practiques-primaria.aula.uoc.edu\/guia-practiques-curriculars-estudiantat\/es\/5-4-1-descripcion-general\/","title":{"rendered":"5.4.1. Descripci\u00f3n general"},"content":{"rendered":"<p>El Pr\u00e1cticum IV es una asignatura de 8 cr\u00e9ditos ECTS y representa el cuarto periodo de pr\u00e1cticas establecido en el plan de estudios del grado de Educaci\u00f3n Primaria.<\/p>\n<p>La dedicaci\u00f3n total de la asignatura es de 200 horas, de las cuales 130 son presenciales en el centro de pr\u00e1cticas y 70 son de dedicaci\u00f3n a las actividades propuestas en el aula virtual.<\/p>\n","protected":false},"excerpt":{"rendered":"<p>El Pr\u00e1cticum IV es una asignatura de 8 cr\u00e9ditos ECTS y representa el cuarto periodo de pr\u00e1cticas establecido en el plan de estudios del grado de Educaci\u00f3n Primaria. La dedicaci\u00f3n total de la asignatura es de 200 horas, de las cuales 130 son presenciales en el centro de pr\u00e1cticas y 70 son de dedicaci\u00f3n a [&hellip;]<\/p>\n","protected":false},"author":1,"featured_media":0,"parent":0,"menu_order":0,"comment_status":"closed","ping_status":"closed","template":"","meta":[],"acf":[],"_links":{"self":[{"href":"http:\/\/guia-practiques-primaria.aula.uoc.edu\/guia-practiques-curriculars-estudiantat\/es\/wp-json\/wp\/v2\/pages\/350"}],"collection":[{"href":"http:\/\/guia-practiques-primaria.aula.uoc.edu\/guia-practiques-curriculars-estudiantat\/es\/wp-json\/wp\/v2\/pages"}],"about":[{"href":"http:\/\/guia-practiques-primaria.aula.uoc.edu\/guia-practiques-curriculars-estudiantat\/es\/wp-json\/wp\/v2\/types\/page"}],"author":[{"embeddable":true,"href":"http:\/\/guia-practiques-primaria.aula.uoc.edu\/guia-practiques-curriculars-estudiantat\/es\/wp-json\/wp\/v2\/users\/1"}],"replies":[{"embeddable":true,"href":"http:\/\/guia-practiques-primaria.aula.uoc.edu\/guia-practiques-curriculars-estudiantat\/es\/wp-json\/wp\/v2\/comments?post=350"}],"version-history":[{"count":3,"href":"http:\/\/guia-practiques-primaria.aula.uoc.edu\/guia-practiques-curriculars-estudiantat\/es\/wp-json\/wp\/v2\/pages\/350\/revisions"}],"predecessor-version":[{"id":354,"href":"http:\/\/guia-practiques-primaria.aula.uoc.edu\/guia-practiques-curriculars-estudiantat\/es\/wp-json\/wp\/v2\/pages\/350\/revisions\/354"}],"wp:attachment":[{"href":"http:\/\/guia-practiques-primaria.aula.uoc.edu\/guia-practiques-curriculars-estudiantat\/es\/wp-json\/wp\/v2\/media?parent=350"}],"curies":[{"name":"wp","href":"https:\/\/api.w.org\/{rel}","templated":true}]}}