{"id":371,"date":"2025-10-08T11:00:49","date_gmt":"2025-10-08T09:00:49","guid":{"rendered":"http:\/\/guia-practiques-primaria.aula.uoc.edu\/guia-practiques-curriculars-estudiantat\/?page_id=371"},"modified":"2025-10-27T08:24:09","modified_gmt":"2025-10-27T06:24:09","slug":"5-4-5-actividades-de-aprendizaje","status":"publish","type":"page","link":"http:\/\/guia-practiques-primaria.aula.uoc.edu\/guia-practiques-curriculars-estudiantat\/es\/5-4-5-actividades-de-aprendizaje\/","title":{"rendered":"5.4.5. Actividades de aprendizaje"},"content":{"rendered":"<p>A continuaci\u00f3n se presenta una breve descripci\u00f3n de cada una de las actividades de evaluaci\u00f3n continuada que se propondr\u00e1n en el aula virtual con el objetivo de que el estudiantado desarrolle las competencias del Pr\u00e1cticum IV del grado de Educaci\u00f3n Primaria.<\/p>\n<table width=\"1704\">\n<tbody>\n<tr class=\"table-header\">\n<td width=\"55\"><strong>PEC<\/strong><\/td>\n<td width=\"136\"><strong>Nombre<\/strong><\/td>\n<td width=\"216\"><strong>Descripci\u00f3n<\/strong><\/td>\n<td width=\"108\"><strong>Competencias para desarrollar<\/strong><\/td>\n<td width=\"87\"><strong>Ponderaci\u00f3n<\/strong><\/td>\n<\/tr>\n<tr>\n<td width=\"55\">PEC 1<\/td>\n<td width=\"136\"><strong>El contexto educativo y las competencias profesionales<\/strong><\/td>\n<td width=\"216\">Elabora el Plan de trabajo de las pr\u00e1cticas. En esta primera actividad se har\u00e1 un an\u00e1lisis del contexto educativo, especialmente en cuanto a la pr\u00e1ctica de aula, y una reflexi\u00f3n sobre el punto de partida para afrontar el nuevo periodo de pr\u00e1cticas. Se crear\u00e1 un diario de campo de las pr\u00e1cticas que permita documentar el proceso, sea elemento de reflexi\u00f3n individual y se comparta con el resto de compa\u00f1eros y compa\u00f1eras del aula.<\/td>\n<td width=\"108\"><a class=\"tooltip\"  href=\"javascript:void(0);\" data-toggle=\"popover\" data-placement=\"bottom\" data-content=\"Que los estudiantes sepan aplicar sus conocimientos a su trabajo o vocaci\u00f3n de una forma profesional y tengan las competencias que suelen demostrarse mediante la elaboraci\u00f3n y la defensa de argumentos y la resoluci\u00f3n de problemas dentro de su \u00e1rea de estudio.\">CB2<\/a><br \/>\n<a class=\"tooltip\"  href=\"javascript:void(0);\" data-toggle=\"popover\" data-placement=\"bottom\" data-content=\"Que los estudiantes tengan la capacidad de reunir e interpretar datos relevantes (normalmente dentro de su \u00e1rea de estudio) para emitir juicios que incluyan una reflexi\u00f3n sobre temas relevantes de \u00edndole social, cient\u00edfica o \u00e9tica.\">CB3<\/a><br \/>\n<\/span><span style=\"font-family: inherit; font-size: inherit;\"><a class=\"tooltip\"  href=\"javascript:void(0);\" data-toggle=\"popover\" data-placement=\"bottom\" data-content=\"Comprender y expresar adecuadamente el conocimiento, de forma oral y escrita, en los diversos contextos acad\u00e9micos o profesionales propios de la especialidad.\">CG6<\/a><br \/>\n<\/span><a class=\"tooltip\"  href=\"javascript:void(0);\" data-toggle=\"popover\" data-placement=\"bottom\" data-content=\"Reflexionar sobre las metodolog\u00edas en el aula para innovar y mejorar la labor docente en la educaci\u00f3n primaria, fomentando actitudes positivas hacia modelos de ense\u00f1anza por indagaci\u00f3n centrados en el estudiante.\">CE13<\/a><\/td>\n<td width=\"87\">5 %<\/td>\n<\/tr>\n<tr>\n<td width=\"55\">PEC 2<\/td>\n<td width=\"136\"><strong>An\u00e1lisis de una pr\u00e1ctica de aula y de centro<\/strong><\/td>\n<td width=\"216\">En esta actividad se trata de analizar pr\u00e1cticas educativas de aula desde la mirada del curr\u00edculo, teniendo en cuenta las metodolog\u00edas, las competencias y los criterios de evaluaci\u00f3n, los saberes, las situaciones de aprendizaje, los objetivos de aprendizaje y los criterios de evaluaci\u00f3n de los objetivos, la evaluaci\u00f3n formativa y formadora, la gesti\u00f3n del aula, los seis vectores del curr\u00edculo y los ODS.<\/td>\n<td width=\"108\"><a class=\"tooltip\"  href=\"javascript:void(0);\" data-toggle=\"popover\" data-placement=\"bottom\" data-content=\"Que los estudiantes tengan la capacidad de reunir e interpretar datos relevantes (normalmente dentro de su \u00e1rea de estudio) para emitir juicios que incluyan una reflexi\u00f3n sobre temas relevantes de \u00edndole social, cient\u00edfica o \u00e9tica.\">CB3<\/a><br \/>\n<a class=\"tooltip\"  href=\"javascript:void(0);\" data-toggle=\"popover\" data-placement=\"bottom\" data-content=\"Comprender y expresar adecuadamente el conocimiento, de forma oral y escrita, en los diversos contextos acad\u00e9micos o profesionales propios de la especialidad.\">CG6<\/a><br \/>\n<a class=\"tooltip\"  href=\"javascript:void(0);\" data-toggle=\"popover\" data-placement=\"bottom\" data-content=\"Asumir que el ejercicio de la funci\u00f3n docente debe ir perfeccion\u00e1ndose y adapt\u00e1ndose a los cambios cient\u00edficos, pedag\u00f3gicos y sociales a lo largo de la vida.\">CE10<\/a><br \/>\n<a class=\"tooltip\"  href=\"javascript:void(0);\" data-toggle=\"popover\" data-placement=\"bottom\" data-content=\"Reflexionar sobre las metodolog\u00edas en el aula para innovar y mejorar la labor docente en la educaci\u00f3n primaria, fomentando actitudes positivas hacia modelos de ense\u00f1anza por indagaci\u00f3n centrados en el estudiante.\">CE13<\/a><br \/>\n<a class=\"tooltip\"  href=\"javascript:void(0);\" data-toggle=\"popover\" data-placement=\"bottom\" data-content=\"Aplicar de manera adecuada las tecnolog\u00edas de la informaci\u00f3n y la comunicaci\u00f3n en las aulas de educaci\u00f3n primaria y en el \u00e1mbito acad\u00e9mico y profesional.\">CE15<\/a><\/td>\n<td width=\"87\">10 %<\/td>\n<\/tr>\n<tr>\n<td width=\"55\">PEC 3<\/td>\n<td width=\"136\"><strong>El dise\u00f1o de una situaci\u00f3n de aprendizaje<\/strong><\/td>\n<td width=\"216\">En esta actividad se realizar\u00e1 el dise\u00f1o de una intervenci\u00f3n educativa: situaci\u00f3n de aprendizaje. Dise\u00f1o de la evaluaci\u00f3n de las tareas y del <em>feedback<\/em> formativo al alumnado.<\/td>\n<td width=\"108\"><a class=\"tooltip\"  href=\"javascript:void(0);\" data-toggle=\"popover\" data-placement=\"bottom\" data-content=\"Que los estudiantes sepan aplicar sus conocimientos a su trabajo o vocaci\u00f3n de una forma profesional y tengan las competencias que suelen demostrarse mediante la elaboraci\u00f3n y la defensa de argumentos y la resoluci\u00f3n de problemas dentro de su \u00e1rea de estudio.\">CB2<\/a><br \/>\n<a class=\"tooltip\"  href=\"javascript:void(0);\" data-toggle=\"popover\" data-placement=\"bottom\" data-content=\"Comprender y expresar adecuadamente el conocimiento, de forma oral y escrita, en los diversos contextos acad\u00e9micos o profesionales propios de la especialidad.\">CG6<\/a><br \/>\n<a class=\"tooltip\"  href=\"javascript:void(0);\" data-toggle=\"popover\" data-placement=\"bottom\" data-content=\"Saber aplicar adecuadamente a la pr\u00e1ctica educativa el conocimiento sobre las \u00e1reas curriculares de la educaci\u00f3n primaria, la relaci\u00f3n interdisciplinaria entre ellas, los criterios de evaluaci\u00f3n y el cuerpo de conocimientos did\u00e1cticos sobre los procedimientos de ense\u00f1anza y aprendizaje respectivos.\">CE1<\/a><br \/>\n<a class=\"tooltip\"  href=\"javascript:void(0);\" data-toggle=\"popover\" data-placement=\"bottom\" data-content=\"Dise\u00f1ar, planificar y evaluar procesos de ense\u00f1anza y aprendizaje, tanto individualmente como en colaboraci\u00f3n con otros docentes y profesionales del centro de educaci\u00f3n primaria.\">CE2<\/a><br \/>\n<a class=\"tooltip\"  href=\"javascript:void(0);\" data-toggle=\"popover\" data-placement=\"bottom\" data-content=\"Dise\u00f1ar y regular espacios de aprendizaje en contextos de diversidad y que atiendan la igualdad de g\u00e9nero, la equidad y el respeto a los derechos humanos que forman los valores de la formaci\u00f3n ciudadana.\">CE5<\/a><br \/>\n<a class=\"tooltip\"  href=\"javascript:void(0);\" data-toggle=\"popover\" data-placement=\"bottom\" data-content=\"Reflexionar sobre las metodolog\u00edas en el aula para innovar y mejorar la labor docente en la educaci\u00f3n primaria, fomentando actitudes positivas hacia modelos de ense\u00f1anza por indagaci\u00f3n centrados en el estudiante.\">CE13<\/a><br \/>\n<a class=\"tooltip\"  href=\"javascript:void(0);\" data-toggle=\"popover\" data-placement=\"bottom\" data-content=\"Adquirir h\u00e1bitos y destrezas para el aprendizaje aut\u00f3nomo y cooperativo y promoverlo entre los estudiantes.\">CE14<\/a><br \/>\n<a class=\"tooltip\"  href=\"javascript:void(0);\" data-toggle=\"popover\" data-placement=\"bottom\" data-content=\"Aplicar de manera adecuada las tecnolog\u00edas de la informaci\u00f3n y la comunicaci\u00f3n en las aulas de educaci\u00f3n primaria y en el \u00e1mbito acad\u00e9mico y profesional.\">CE15<\/a><\/td>\n<td width=\"87\">40 %<\/td>\n<\/tr>\n<tr>\n<td width=\"55\">PEC 4<\/td>\n<td width=\"136\"><strong>La pr\u00e1ctica educativa en entornos y contextos diversos<\/strong><\/td>\n<td width=\"216\">En esta actividad se trata de implementar la intervenci\u00f3n educativa dise\u00f1ada en el contexto real de aula. Esta implementaci\u00f3n incluye evaluar las tareas y proporcionar un <em>feedback<\/em> formativo al alumnado.<\/td>\n<td width=\"108\"><a class=\"tooltip\"  href=\"javascript:void(0);\" data-toggle=\"popover\" data-placement=\"bottom\" data-content=\"Que los estudiantes puedan transmitir informaci\u00f3n, ideas, problemas y soluciones a un p\u00fablico tanto especializado como no especializado.\">CB4<\/a><br \/>\n<a class=\"tooltip\"  href=\"javascript:void(0);\" data-toggle=\"popover\" data-placement=\"bottom\" data-content=\"Comprender y expresar adecuadamente el conocimiento, de forma oral y escrita, en los diversos contextos acad\u00e9micos o profesionales propios de la especialidad.\">CG6<\/a><br \/>\n<a class=\"tooltip\"  href=\"javascript:void(0);\" data-toggle=\"popover\" data-placement=\"bottom\" data-content=\"Actuar de manera honesta, \u00e9tica, sostenible, socialmente responsable y respetuosa con los derechos humanos y la diversidad, tanto en la pr\u00e1ctica acad\u00e9mica como en la profesional.\">CT3<\/a><br \/>\n<a class=\"tooltip\"  href=\"javascript:void(0);\" data-toggle=\"popover\" data-placement=\"bottom\" data-content=\"Saber aplicar adecuadamente a la pr\u00e1ctica educativa el conocimiento sobre las \u00e1reas curriculares de la educaci\u00f3n primaria, la relaci\u00f3n interdisciplinaria entre ellas, los criterios de evaluaci\u00f3n y el cuerpo de conocimientos did\u00e1cticos sobre los procedimientos de ense\u00f1anza y aprendizaje respectivos.\">CE1<\/a><br \/>\n<a class=\"tooltip\"  href=\"javascript:void(0);\" data-toggle=\"popover\" data-placement=\"bottom\" data-content=\"Dise\u00f1ar, planificar y evaluar procesos de ense\u00f1anza y aprendizaje, tanto individualmente como en colaboraci\u00f3n con otros docentes y profesionales del centro de educaci\u00f3n primaria.\">CE2<\/a><br \/>\n<a class=\"tooltip\"  href=\"javascript:void(0);\" data-toggle=\"popover\" data-placement=\"bottom\" data-content=\"Dise\u00f1ar y regular espacios de aprendizaje en contextos de diversidad y que atiendan la igualdad de g\u00e9nero, la equidad y el respeto a los derechos humanos que forman los valores de la formaci\u00f3n ciudadana.\">CE5<\/a><br \/>\n<a class=\"tooltip\"  href=\"javascript:void(0);\" data-toggle=\"popover\" data-placement=\"bottom\" data-content=\"Fomentar la convivencia en el aula y fuera de ella, resolver problemas de disciplina y contribuir a la resoluci\u00f3n pac\u00edfica de conflictos.\">CE6<\/a><br \/>\n<a class=\"tooltip\"  href=\"javascript:void(0);\" data-toggle=\"popover\" data-placement=\"bottom\" data-content=\"Valorar y valorar el esfuerzo, la constancia y la disciplina personal en el estudiantado.\">CE7<\/a><\/td>\n<td width=\"87\">30 %<\/td>\n<\/tr>\n<tr>\n<td width=\"55\">PEC 5<\/td>\n<td width=\"136\"><strong>Evaluaci\u00f3n de los procesos de aprendizaje<\/strong><\/td>\n<td width=\"216\">Con esta \u00faltima actividad se realiza el cierre del Pr\u00e1cticum IV. Hay que llevar a cabo la autoevaluaci\u00f3n y coevaluaci\u00f3n con la mirada experta de la intervenci\u00f3n y establecer mejoras de futuro. Finaliza la actividad con una reflexi\u00f3n final sobre todo el periodo de las pr\u00e1cticas IV.<\/td>\n<td width=\"108\"><a class=\"tooltip\"  href=\"javascript:void(0);\" data-toggle=\"popover\" data-placement=\"bottom\" data-content=\"Que los estudiantes tengan la capacidad de reunir e interpretar datos relevantes (normalmente dentro de su \u00e1rea de estudio) para emitir juicios que incluyan una reflexi\u00f3n sobre temas relevantes de \u00edndole social, cient\u00edfica o \u00e9tica.\">CB3<\/a><br \/>\n<a class=\"tooltip\"  href=\"javascript:void(0);\" data-toggle=\"popover\" data-placement=\"bottom\" data-content=\"Que los estudiantes puedan transmitir informaci\u00f3n, ideas, problemas y soluciones a un p\u00fablico tanto especializado como no especializado.\">CB4<\/a><br \/>\n<a class=\"tooltip\"  href=\"javascript:void(0);\" data-toggle=\"popover\" data-placement=\"bottom\" data-content=\"Comprender y expresar adecuadamente el conocimiento, de forma oral y escrita, en los diversos contextos acad\u00e9micos o profesionales propios de la especialidad.\">CG6<\/a><br \/>\n<a class=\"tooltip\"  href=\"javascript:void(0);\" data-toggle=\"popover\" data-placement=\"bottom\" data-content=\"Dise\u00f1ar, planificar y evaluar procesos de ense\u00f1anza y aprendizaje, tanto individualmente como en colaboraci\u00f3n con otros docentes y profesionales del centro de educaci\u00f3n primaria.\">CE2<\/a><br \/>\n<a class=\"tooltip\"  href=\"javascript:void(0);\" data-toggle=\"popover\" data-placement=\"bottom\" data-content=\"Asumir que el ejercicio de la funci\u00f3n docente debe ir perfeccion\u00e1ndose y adapt\u00e1ndose a los cambios cient\u00edficos, pedag\u00f3gicos y sociales a lo largo de la vida.\">CE10<\/a><br \/>\n<a class=\"tooltip\"  href=\"javascript:void(0);\" data-toggle=\"popover\" data-placement=\"bottom\" data-content=\"Mantener una relaci\u00f3n cr\u00edtica y aut\u00f3noma respecto a los saberes, los valores y las instituciones sociales p\u00fablicas y privadas.\">CE12<\/a><\/td>\n<td width=\"87\">15 %<\/td>\n<\/tr>\n<\/tbody>\n<\/table>\n<p>&nbsp;<\/p>\n","protected":false},"excerpt":{"rendered":"<p>A continuaci\u00f3n se presenta una breve descripci\u00f3n de cada una de las actividades de evaluaci\u00f3n continuada que se propondr\u00e1n en el aula virtual con el objetivo de que el estudiantado desarrolle las competencias del Pr\u00e1cticum IV del grado de Educaci\u00f3n Primaria. PEC Nombre Descripci\u00f3n Competencias para desarrollar Ponderaci\u00f3n PEC 1 El contexto educativo y las [&hellip;]<\/p>\n","protected":false},"author":1,"featured_media":0,"parent":0,"menu_order":0,"comment_status":"closed","ping_status":"closed","template":"","meta":[],"acf":[],"_links":{"self":[{"href":"http:\/\/guia-practiques-primaria.aula.uoc.edu\/guia-practiques-curriculars-estudiantat\/es\/wp-json\/wp\/v2\/pages\/371"}],"collection":[{"href":"http:\/\/guia-practiques-primaria.aula.uoc.edu\/guia-practiques-curriculars-estudiantat\/es\/wp-json\/wp\/v2\/pages"}],"about":[{"href":"http:\/\/guia-practiques-primaria.aula.uoc.edu\/guia-practiques-curriculars-estudiantat\/es\/wp-json\/wp\/v2\/types\/page"}],"author":[{"embeddable":true,"href":"http:\/\/guia-practiques-primaria.aula.uoc.edu\/guia-practiques-curriculars-estudiantat\/es\/wp-json\/wp\/v2\/users\/1"}],"replies":[{"embeddable":true,"href":"http:\/\/guia-practiques-primaria.aula.uoc.edu\/guia-practiques-curriculars-estudiantat\/es\/wp-json\/wp\/v2\/comments?post=371"}],"version-history":[{"count":4,"href":"http:\/\/guia-practiques-primaria.aula.uoc.edu\/guia-practiques-curriculars-estudiantat\/es\/wp-json\/wp\/v2\/pages\/371\/revisions"}],"predecessor-version":[{"id":447,"href":"http:\/\/guia-practiques-primaria.aula.uoc.edu\/guia-practiques-curriculars-estudiantat\/es\/wp-json\/wp\/v2\/pages\/371\/revisions\/447"}],"wp:attachment":[{"href":"http:\/\/guia-practiques-primaria.aula.uoc.edu\/guia-practiques-curriculars-estudiantat\/es\/wp-json\/wp\/v2\/media?parent=371"}],"curies":[{"name":"wp","href":"https:\/\/api.w.org\/{rel}","templated":true}]}}