{"id":382,"date":"2025-10-08T11:15:06","date_gmt":"2025-10-08T09:15:06","guid":{"rendered":"http:\/\/guia-practiques-primaria.aula.uoc.edu\/guia-practiques-curriculars-estudiantat\/?page_id=382"},"modified":"2025-10-08T11:15:06","modified_gmt":"2025-10-08T09:15:06","slug":"5-5-2-contenidos","status":"publish","type":"page","link":"http:\/\/guia-practiques-primaria.aula.uoc.edu\/guia-practiques-curriculars-estudiantat\/es\/5-5-2-contenidos\/","title":{"rendered":"5.5.2. Contenidos"},"content":{"rendered":"<p>El eje central del\u00a0<strong>Pr\u00e1cticum V<\/strong>\u00a0es la\u00a0<strong>mejora de la propia pr\u00e1ctica<\/strong>\u00a0a partir de la\u00a0<strong>pr\u00e1ctica reflexiva<\/strong>\u00a0y del\u00a0<strong>establecimiento de mejoras a partir de evidencias<\/strong>.<\/p>\n<p>La\u00a0<strong>reflexi\u00f3n individual y colectiva de las pr\u00e1cticas<\/strong>\u00a0que se desarrollan en la escuela debe convertirse en una pieza clave de\u00a0<strong>mejora profesional, personal y de transformaci\u00f3n educativa<\/strong>, entendiendo la escuela como una organizaci\u00f3n que aprende.<\/p>\n<p>La\u00a0<strong>utilizaci\u00f3n de evidencias en procesos de toma de decisiones<\/strong>, y para fomentar m\u00e1s y mejores pr\u00e1cticas educativas en el centro, deber\u00eda ser pr\u00e1ctica habitual dentro de la cultura organizativa de las escuelas.<\/p>\n<p>La\u00a0<strong>indagaci\u00f3n pedag\u00f3gica<\/strong>\u00a0es un proceso formado por varias fases o momentos que hay que seguir para transformar la pr\u00e1ctica pedag\u00f3gica con el prop\u00f3sito de favorecer la\u00a0<strong>mejora del aprendizaje del alumnado<\/strong>.<\/p>\n","protected":false},"excerpt":{"rendered":"<p>El eje central del\u00a0Pr\u00e1cticum V\u00a0es la\u00a0mejora de la propia pr\u00e1ctica\u00a0a partir de la\u00a0pr\u00e1ctica reflexiva\u00a0y del\u00a0establecimiento de mejoras a partir de evidencias. La\u00a0reflexi\u00f3n individual y colectiva de las pr\u00e1cticas\u00a0que se desarrollan en la escuela debe convertirse en una pieza clave de\u00a0mejora profesional, personal y de transformaci\u00f3n educativa, entendiendo la escuela como una organizaci\u00f3n que aprende. La\u00a0utilizaci\u00f3n [&hellip;]<\/p>\n","protected":false},"author":1,"featured_media":0,"parent":0,"menu_order":0,"comment_status":"closed","ping_status":"closed","template":"","meta":[],"acf":[],"_links":{"self":[{"href":"http:\/\/guia-practiques-primaria.aula.uoc.edu\/guia-practiques-curriculars-estudiantat\/es\/wp-json\/wp\/v2\/pages\/382"}],"collection":[{"href":"http:\/\/guia-practiques-primaria.aula.uoc.edu\/guia-practiques-curriculars-estudiantat\/es\/wp-json\/wp\/v2\/pages"}],"about":[{"href":"http:\/\/guia-practiques-primaria.aula.uoc.edu\/guia-practiques-curriculars-estudiantat\/es\/wp-json\/wp\/v2\/types\/page"}],"author":[{"embeddable":true,"href":"http:\/\/guia-practiques-primaria.aula.uoc.edu\/guia-practiques-curriculars-estudiantat\/es\/wp-json\/wp\/v2\/users\/1"}],"replies":[{"embeddable":true,"href":"http:\/\/guia-practiques-primaria.aula.uoc.edu\/guia-practiques-curriculars-estudiantat\/es\/wp-json\/wp\/v2\/comments?post=382"}],"version-history":[{"count":3,"href":"http:\/\/guia-practiques-primaria.aula.uoc.edu\/guia-practiques-curriculars-estudiantat\/es\/wp-json\/wp\/v2\/pages\/382\/revisions"}],"predecessor-version":[{"id":385,"href":"http:\/\/guia-practiques-primaria.aula.uoc.edu\/guia-practiques-curriculars-estudiantat\/es\/wp-json\/wp\/v2\/pages\/382\/revisions\/385"}],"wp:attachment":[{"href":"http:\/\/guia-practiques-primaria.aula.uoc.edu\/guia-practiques-curriculars-estudiantat\/es\/wp-json\/wp\/v2\/media?parent=382"}],"curies":[{"name":"wp","href":"https:\/\/api.w.org\/{rel}","templated":true}]}}