{"id":391,"date":"2025-10-08T11:21:44","date_gmt":"2025-10-08T09:21:44","guid":{"rendered":"http:\/\/guia-practiques-primaria.aula.uoc.edu\/guia-practiques-curriculars-estudiantat\/?page_id=391"},"modified":"2025-10-08T11:22:10","modified_gmt":"2025-10-08T09:22:10","slug":"5-5-4-resultados-de-aprendizaje","status":"publish","type":"page","link":"http:\/\/guia-practiques-primaria.aula.uoc.edu\/guia-practiques-curriculars-estudiantat\/es\/5-5-4-resultados-de-aprendizaje\/","title":{"rendered":"5.5.4. Resultados de aprendizaje"},"content":{"rendered":"<p>Los resultados de aprendizaje que el estudiantado del Pr\u00e1cticum V ser\u00e1 capaz de alcanzar despu\u00e9s de haber participado en la asignatura y evidenciando su desarrollo competencial en ese momento del grado de Educaci\u00f3n Primaria ser\u00e1n los siguientes:<\/p>\n<p><strong>RA65.<\/strong> Relacionar teor\u00eda y pr\u00e1ctica con la realidad del aula y del centro.<\/p>\n<p><strong>RA66.<\/strong> Participar en la actividad docente y aprender a saber hacer, actuando y reflexionando desde la pr\u00e1ctica.<\/p>\n<p><strong>RA67.<\/strong> Participar en las propuestas de mejora de los diferentes \u00e1mbitos de actuaci\u00f3n que se puedan establecer en un centro.<\/p>\n<p><strong>RA77.<\/strong> Capacidad para comprender textos en ingl\u00e9s escritos y hablados sobre temas de inter\u00e9s general y personal, y sobre aspectos de la vida acad\u00e9mica y profesional.<\/p>\n<p><strong>RA91.<\/strong> Comprender y actuar seg\u00fan los principios \u00e9ticos que gu\u00edan el ejercicio profesional.<\/p>\n<p><strong>RA92.<\/strong> Relacionarse de manera respetuosa, asertiva y exenta de manifestaciones contrarias a los valores y la dignidad de las personas.<\/p>\n","protected":false},"excerpt":{"rendered":"<p>Los resultados de aprendizaje que el estudiantado del Pr\u00e1cticum V ser\u00e1 capaz de alcanzar despu\u00e9s de haber participado en la asignatura y evidenciando su desarrollo competencial en ese momento del grado de Educaci\u00f3n Primaria ser\u00e1n los siguientes: RA65. Relacionar teor\u00eda y pr\u00e1ctica con la realidad del aula y del centro. RA66. Participar en la actividad [&hellip;]<\/p>\n","protected":false},"author":1,"featured_media":0,"parent":0,"menu_order":0,"comment_status":"closed","ping_status":"closed","template":"","meta":[],"acf":[],"_links":{"self":[{"href":"http:\/\/guia-practiques-primaria.aula.uoc.edu\/guia-practiques-curriculars-estudiantat\/es\/wp-json\/wp\/v2\/pages\/391"}],"collection":[{"href":"http:\/\/guia-practiques-primaria.aula.uoc.edu\/guia-practiques-curriculars-estudiantat\/es\/wp-json\/wp\/v2\/pages"}],"about":[{"href":"http:\/\/guia-practiques-primaria.aula.uoc.edu\/guia-practiques-curriculars-estudiantat\/es\/wp-json\/wp\/v2\/types\/page"}],"author":[{"embeddable":true,"href":"http:\/\/guia-practiques-primaria.aula.uoc.edu\/guia-practiques-curriculars-estudiantat\/es\/wp-json\/wp\/v2\/users\/1"}],"replies":[{"embeddable":true,"href":"http:\/\/guia-practiques-primaria.aula.uoc.edu\/guia-practiques-curriculars-estudiantat\/es\/wp-json\/wp\/v2\/comments?post=391"}],"version-history":[{"count":3,"href":"http:\/\/guia-practiques-primaria.aula.uoc.edu\/guia-practiques-curriculars-estudiantat\/es\/wp-json\/wp\/v2\/pages\/391\/revisions"}],"predecessor-version":[{"id":394,"href":"http:\/\/guia-practiques-primaria.aula.uoc.edu\/guia-practiques-curriculars-estudiantat\/es\/wp-json\/wp\/v2\/pages\/391\/revisions\/394"}],"wp:attachment":[{"href":"http:\/\/guia-practiques-primaria.aula.uoc.edu\/guia-practiques-curriculars-estudiantat\/es\/wp-json\/wp\/v2\/media?parent=391"}],"curies":[{"name":"wp","href":"https:\/\/api.w.org\/{rel}","templated":true}]}}