{"id":429,"date":"2025-10-08T12:06:31","date_gmt":"2025-10-08T10:06:31","guid":{"rendered":"http:\/\/guia-practiques-primaria.aula.uoc.edu\/guia-practiques-curriculars-estudiantat\/?page_id=429"},"modified":"2025-10-08T13:13:40","modified_gmt":"2025-10-08T11:13:40","slug":"anexos","status":"publish","type":"page","link":"http:\/\/guia-practiques-primaria.aula.uoc.edu\/guia-practiques-curriculars-estudiantat\/es\/anexos\/","title":{"rendered":"Anexos"},"content":{"rendered":"<div class=\"featured featured-blue\"><p><a href=\"\/wp-content\/uploads\/sites\/17\/2025\/10\/Declaracio\u0301n-de-responsabilidad-del-estudiante.pdf\" target=\"_blank\" rel=\"noopener\">Declaraci\u00f3n de responsabilidad del estudiante para la realizaci\u00f3n de pr\u00e1cticas en el centro de trabajo dentro del horario laboral<\/a>.<\/p>\n<\/div>\n","protected":false},"excerpt":{"rendered":"","protected":false},"author":1,"featured_media":0,"parent":0,"menu_order":0,"comment_status":"closed","ping_status":"closed","template":"","meta":[],"acf":[],"_links":{"self":[{"href":"http:\/\/guia-practiques-primaria.aula.uoc.edu\/guia-practiques-curriculars-estudiantat\/es\/wp-json\/wp\/v2\/pages\/429"}],"collection":[{"href":"http:\/\/guia-practiques-primaria.aula.uoc.edu\/guia-practiques-curriculars-estudiantat\/es\/wp-json\/wp\/v2\/pages"}],"about":[{"href":"http:\/\/guia-practiques-primaria.aula.uoc.edu\/guia-practiques-curriculars-estudiantat\/es\/wp-json\/wp\/v2\/types\/page"}],"author":[{"embeddable":true,"href":"http:\/\/guia-practiques-primaria.aula.uoc.edu\/guia-practiques-curriculars-estudiantat\/es\/wp-json\/wp\/v2\/users\/1"}],"replies":[{"embeddable":true,"href":"http:\/\/guia-practiques-primaria.aula.uoc.edu\/guia-practiques-curriculars-estudiantat\/es\/wp-json\/wp\/v2\/comments?post=429"}],"version-history":[{"count":5,"href":"http:\/\/guia-practiques-primaria.aula.uoc.edu\/guia-practiques-curriculars-estudiantat\/es\/wp-json\/wp\/v2\/pages\/429\/revisions"}],"predecessor-version":[{"id":435,"href":"http:\/\/guia-practiques-primaria.aula.uoc.edu\/guia-practiques-curriculars-estudiantat\/es\/wp-json\/wp\/v2\/pages\/429\/revisions\/435"}],"wp:attachment":[{"href":"http:\/\/guia-practiques-primaria.aula.uoc.edu\/guia-practiques-curriculars-estudiantat\/es\/wp-json\/wp\/v2\/media?parent=429"}],"curies":[{"name":"wp","href":"https:\/\/api.w.org\/{rel}","templated":true}]}}