{"id":114,"date":"2025-07-23T14:34:56","date_gmt":"2025-07-23T12:34:56","guid":{"rendered":"http:\/\/guia-practiques-primaria.aula.uoc.edu\/guia-practiques-curriculars-estudiantat\/?page_id=114"},"modified":"2025-07-23T14:34:56","modified_gmt":"2025-07-23T12:34:56","slug":"5-4-1-descripcio-general","status":"publish","type":"page","link":"http:\/\/guia-practiques-primaria.aula.uoc.edu\/guia-practiques-curriculars-estudiantat\/5-4-1-descripcio-general\/","title":{"rendered":"5.4.1. Descripci\u00f3 general"},"content":{"rendered":"<p>El Pr\u00e0cticum IV \u00e9s una assignatura de 8 cr\u00e8dits ECTS i representa el quart per\u00edode de pr\u00e0ctiques establert en el pla d\u2019estudis del grau d\u2019Educaci\u00f3 Prim\u00e0ria.<\/p>\n<p>La dedicaci\u00f3 total de l\u2019assignatura \u00e9s de 200 hores, de les quals 130 s\u00f3n presencials al centre de pr\u00e0ctiques i 70 s\u00f3n de dedicaci\u00f3 a les activitats proposades a l\u2019aula virtual.<\/p>\n","protected":false},"excerpt":{"rendered":"<p>El Pr\u00e0cticum IV \u00e9s una assignatura de 8 cr\u00e8dits ECTS i representa el quart per\u00edode de pr\u00e0ctiques establert en el pla d\u2019estudis del grau d\u2019Educaci\u00f3 Prim\u00e0ria. La dedicaci\u00f3 total de l\u2019assignatura \u00e9s de 200 hores, de les quals 130 s\u00f3n presencials al centre de pr\u00e0ctiques i 70 s\u00f3n de dedicaci\u00f3 a les activitats proposades a [&hellip;]<\/p>\n","protected":false},"author":1,"featured_media":0,"parent":0,"menu_order":0,"comment_status":"closed","ping_status":"closed","template":"","meta":[],"acf":[],"_links":{"self":[{"href":"http:\/\/guia-practiques-primaria.aula.uoc.edu\/guia-practiques-curriculars-estudiantat\/wp-json\/wp\/v2\/pages\/114"}],"collection":[{"href":"http:\/\/guia-practiques-primaria.aula.uoc.edu\/guia-practiques-curriculars-estudiantat\/wp-json\/wp\/v2\/pages"}],"about":[{"href":"http:\/\/guia-practiques-primaria.aula.uoc.edu\/guia-practiques-curriculars-estudiantat\/wp-json\/wp\/v2\/types\/page"}],"author":[{"embeddable":true,"href":"http:\/\/guia-practiques-primaria.aula.uoc.edu\/guia-practiques-curriculars-estudiantat\/wp-json\/wp\/v2\/users\/1"}],"replies":[{"embeddable":true,"href":"http:\/\/guia-practiques-primaria.aula.uoc.edu\/guia-practiques-curriculars-estudiantat\/wp-json\/wp\/v2\/comments?post=114"}],"version-history":[{"count":1,"href":"http:\/\/guia-practiques-primaria.aula.uoc.edu\/guia-practiques-curriculars-estudiantat\/wp-json\/wp\/v2\/pages\/114\/revisions"}],"predecessor-version":[{"id":115,"href":"http:\/\/guia-practiques-primaria.aula.uoc.edu\/guia-practiques-curriculars-estudiantat\/wp-json\/wp\/v2\/pages\/114\/revisions\/115"}],"wp:attachment":[{"href":"http:\/\/guia-practiques-primaria.aula.uoc.edu\/guia-practiques-curriculars-estudiantat\/wp-json\/wp\/v2\/media?parent=114"}],"curies":[{"name":"wp","href":"https:\/\/api.w.org\/{rel}","templated":true}]}}