{"id":116,"date":"2025-07-23T14:36:23","date_gmt":"2025-07-23T12:36:23","guid":{"rendered":"http:\/\/guia-practiques-primaria.aula.uoc.edu\/guia-practiques-curriculars-estudiantat\/?page_id=116"},"modified":"2025-07-23T14:36:23","modified_gmt":"2025-07-23T12:36:23","slug":"5-4-2-continguts","status":"publish","type":"page","link":"http:\/\/guia-practiques-primaria.aula.uoc.edu\/guia-practiques-curriculars-estudiantat\/5-4-2-continguts\/","title":{"rendered":"5.4.2. Continguts"},"content":{"rendered":"<p>El Pr\u00e0cticum IV es centra en el <strong>disseny, implementaci\u00f3 i avaluaci\u00f3 d\u2019una intervenci\u00f3 educativa a l\u2019aula<\/strong>. Els aspectes relacionats amb l\u2019<strong>avaluaci\u00f3 i el feedback formatiu <\/strong>s\u00f3n objecte d\u2019estudi en aquest per\u00edode de pr\u00e0ctiques. Aquesta intervenci\u00f3 s\u2019ha de fer tenint en compte les <strong>lleis educatives vigents, <\/strong>posant en l\u2019imaginari l\u2019escola que volem i que necessitem com a societat en el moment que vivim i tenint present que els infants d\u2019avui seran els adults del dem\u00e0.<\/p>\n<p>En tots els aspectes implicats en el disseny, la implementaci\u00f3, l\u2019avaluaci\u00f3 i el llenguatge utilitzat cal tenir un compte de manera reflexiva i transversal la <strong>diversitat i la perspectiva de g\u00e8nere<\/strong>. D\u2019aquesta manera, s\u2019han de prendre decisions per al tractament inclusiu i igualitari en tots els aspectes relacionats amb la vida del centre, en la definici\u00f3 de les propostes educatives, la selecci\u00f3 i redacci\u00f3 dels resultats d\u2019aprenentatge, en la selecci\u00f3 i creaci\u00f3 de recursos i en la dinamitzaci\u00f3 i seguiment de les activitats educatives aix\u00ed com en tots aquells aspectes relacionats amb la comunicaci\u00f3.<\/p>\n","protected":false},"excerpt":{"rendered":"<p>El Pr\u00e0cticum IV es centra en el disseny, implementaci\u00f3 i avaluaci\u00f3 d\u2019una intervenci\u00f3 educativa a l\u2019aula. Els aspectes relacionats amb l\u2019avaluaci\u00f3 i el feedback formatiu s\u00f3n objecte d\u2019estudi en aquest per\u00edode de pr\u00e0ctiques. Aquesta intervenci\u00f3 s\u2019ha de fer tenint en compte les lleis educatives vigents, posant en l\u2019imaginari l\u2019escola que volem i que necessitem com [&hellip;]<\/p>\n","protected":false},"author":1,"featured_media":0,"parent":0,"menu_order":0,"comment_status":"closed","ping_status":"closed","template":"","meta":[],"acf":[],"_links":{"self":[{"href":"http:\/\/guia-practiques-primaria.aula.uoc.edu\/guia-practiques-curriculars-estudiantat\/wp-json\/wp\/v2\/pages\/116"}],"collection":[{"href":"http:\/\/guia-practiques-primaria.aula.uoc.edu\/guia-practiques-curriculars-estudiantat\/wp-json\/wp\/v2\/pages"}],"about":[{"href":"http:\/\/guia-practiques-primaria.aula.uoc.edu\/guia-practiques-curriculars-estudiantat\/wp-json\/wp\/v2\/types\/page"}],"author":[{"embeddable":true,"href":"http:\/\/guia-practiques-primaria.aula.uoc.edu\/guia-practiques-curriculars-estudiantat\/wp-json\/wp\/v2\/users\/1"}],"replies":[{"embeddable":true,"href":"http:\/\/guia-practiques-primaria.aula.uoc.edu\/guia-practiques-curriculars-estudiantat\/wp-json\/wp\/v2\/comments?post=116"}],"version-history":[{"count":1,"href":"http:\/\/guia-practiques-primaria.aula.uoc.edu\/guia-practiques-curriculars-estudiantat\/wp-json\/wp\/v2\/pages\/116\/revisions"}],"predecessor-version":[{"id":118,"href":"http:\/\/guia-practiques-primaria.aula.uoc.edu\/guia-practiques-curriculars-estudiantat\/wp-json\/wp\/v2\/pages\/116\/revisions\/118"}],"wp:attachment":[{"href":"http:\/\/guia-practiques-primaria.aula.uoc.edu\/guia-practiques-curriculars-estudiantat\/wp-json\/wp\/v2\/media?parent=116"}],"curies":[{"name":"wp","href":"https:\/\/api.w.org\/{rel}","templated":true}]}}