{"id":123,"date":"2025-07-23T14:39:26","date_gmt":"2025-07-23T12:39:26","guid":{"rendered":"http:\/\/guia-practiques-primaria.aula.uoc.edu\/guia-practiques-curriculars-estudiantat\/?page_id=123"},"modified":"2025-07-23T14:39:26","modified_gmt":"2025-07-23T12:39:26","slug":"5-4-4-resultats-daprenentatge","status":"publish","type":"page","link":"http:\/\/guia-practiques-primaria.aula.uoc.edu\/guia-practiques-curriculars-estudiantat\/5-4-4-resultats-daprenentatge\/","title":{"rendered":"5.4.4. Resultats d\u2019aprenentatge"},"content":{"rendered":"<p>Els resultats d\u2019aprenentatge que l\u2019estudiantat del Pr\u00e0cticum IV ser\u00e0 capa\u00e7 d\u2019assolir despr\u00e9s d\u2019haver participat en l\u2019assignatura i evidenciant el seu desenvolupament competencial en aquell moment del grau d\u2019Educaci\u00f3 Prim\u00e0ria seran els seg\u00fcents:<\/p>\n<p><strong>RA63. <\/strong>Con\u00e8ixer i aplicar els processos d\u2019interacci\u00f3 i comunicaci\u00f3 a l\u2019aula, i dominar les destreses i les habilitats socials necess\u00e0ries per fomentar un clima d\u2019aula que faciliti l\u2019aprenentatge i la conviv\u00e8ncia.<\/p>\n<p><strong>RA64<\/strong>. Controlar i fer un seguiment del proc\u00e9s educatiu, i en particular del d\u2019ensenyament i aprenentatge, mitjan\u00e7ant el domini de les t\u00e8cniques i les estrat\u00e8gies necess\u00e0ries.<\/p>\n<p><strong>RA65<\/strong>. Relacionar teoria i pr\u00e0ctica amb la realitat de l\u2019aula i del centre.<\/p>\n<p><strong>RA68<\/strong>. Regular els processos d\u2019interacci\u00f3 i comunicaci\u00f3 en grups d\u2019estudiants d\u2019entre sis i dotze anys.<\/p>\n<p><strong>RA77<\/strong>. Tenir la capacitat d\u2019entendre textos en angl\u00e8s escrit i parlat sobre temes d\u2019inter\u00e8s general i personal, i sobre aspectes de la vida acad\u00e8mica i professional.<\/p>\n<p><strong>RA91<\/strong>. Comprendre i actuar segons els principis \u00e8tics que guien l\u2019exercici professional.<\/p>\n","protected":false},"excerpt":{"rendered":"<p>Els resultats d\u2019aprenentatge que l\u2019estudiantat del Pr\u00e0cticum IV ser\u00e0 capa\u00e7 d\u2019assolir despr\u00e9s d\u2019haver participat en l\u2019assignatura i evidenciant el seu desenvolupament competencial en aquell moment del grau d\u2019Educaci\u00f3 Prim\u00e0ria seran els seg\u00fcents: RA63. Con\u00e8ixer i aplicar els processos d\u2019interacci\u00f3 i comunicaci\u00f3 a l\u2019aula, i dominar les destreses i les habilitats socials necess\u00e0ries per fomentar un [&hellip;]<\/p>\n","protected":false},"author":1,"featured_media":0,"parent":0,"menu_order":0,"comment_status":"closed","ping_status":"closed","template":"","meta":[],"acf":[],"_links":{"self":[{"href":"http:\/\/guia-practiques-primaria.aula.uoc.edu\/guia-practiques-curriculars-estudiantat\/wp-json\/wp\/v2\/pages\/123"}],"collection":[{"href":"http:\/\/guia-practiques-primaria.aula.uoc.edu\/guia-practiques-curriculars-estudiantat\/wp-json\/wp\/v2\/pages"}],"about":[{"href":"http:\/\/guia-practiques-primaria.aula.uoc.edu\/guia-practiques-curriculars-estudiantat\/wp-json\/wp\/v2\/types\/page"}],"author":[{"embeddable":true,"href":"http:\/\/guia-practiques-primaria.aula.uoc.edu\/guia-practiques-curriculars-estudiantat\/wp-json\/wp\/v2\/users\/1"}],"replies":[{"embeddable":true,"href":"http:\/\/guia-practiques-primaria.aula.uoc.edu\/guia-practiques-curriculars-estudiantat\/wp-json\/wp\/v2\/comments?post=123"}],"version-history":[{"count":1,"href":"http:\/\/guia-practiques-primaria.aula.uoc.edu\/guia-practiques-curriculars-estudiantat\/wp-json\/wp\/v2\/pages\/123\/revisions"}],"predecessor-version":[{"id":124,"href":"http:\/\/guia-practiques-primaria.aula.uoc.edu\/guia-practiques-curriculars-estudiantat\/wp-json\/wp\/v2\/pages\/123\/revisions\/124"}],"wp:attachment":[{"href":"http:\/\/guia-practiques-primaria.aula.uoc.edu\/guia-practiques-curriculars-estudiantat\/wp-json\/wp\/v2\/media?parent=123"}],"curies":[{"name":"wp","href":"https:\/\/api.w.org\/{rel}","templated":true}]}}