{"id":135,"date":"2025-07-24T08:32:30","date_gmt":"2025-07-24T06:32:30","guid":{"rendered":"http:\/\/guia-practiques-primaria.aula.uoc.edu\/guia-practiques-curriculars-estudiantat\/?page_id=135"},"modified":"2025-07-24T08:32:30","modified_gmt":"2025-07-24T06:32:30","slug":"5-5-2-continguts","status":"publish","type":"page","link":"http:\/\/guia-practiques-primaria.aula.uoc.edu\/guia-practiques-curriculars-estudiantat\/5-5-2-continguts\/","title":{"rendered":"5.5.2. Continguts"},"content":{"rendered":"<p>L\u2019eix central del Pr\u00e0cticum V \u00e9s la <strong>millora de la pr\u00f2pia pr\u00e0ctica<\/strong> a partir de la <strong>pr\u00e0ctica reflexiva<\/strong> i de l\u2019establiment de <strong>millores a partir d\u2019evid\u00e8ncies<\/strong>.<\/p>\n<p>La <strong>reflexi\u00f3 individual i col\u00b7lectiva<\/strong> de les pr\u00e0ctiques que es desenvolupen a l&#8217;escola s&#8217;ha de convertir en una <strong>pe\u00e7a clau de millora professional, personal i de transformaci\u00f3 educativa<\/strong>; entenent l&#8217;escola com una <strong>organitzaci\u00f3 que apr\u00e8n<\/strong>.<\/p>\n<p>La<strong> utilitzaci\u00f3 d&#8217;evid\u00e8ncies en processos de presa de decisions<\/strong>, i per fomentar m\u00e9s i millors pr\u00e0ctiques educatives en el centre hauria de ser pr\u00e0ctica habitual dins la <strong>cultura organitzativa de les escoles<\/strong>.<\/p>\n<p>La <strong>indagaci\u00f3 pedag\u00f2gica<\/strong> \u00e9s un proc\u00e9s format per diverses fases o moments, i que cal seguir per <strong>transformar la pr\u00e0ctica pedag\u00f2gica<\/strong> amb el prop\u00f2sit d&#8217;afavorir la <strong>millora de l&#8217;aprenentatge de l&#8217;alumnat<\/strong>.<\/p>\n","protected":false},"excerpt":{"rendered":"<p>L\u2019eix central del Pr\u00e0cticum V \u00e9s la millora de la pr\u00f2pia pr\u00e0ctica a partir de la pr\u00e0ctica reflexiva i de l\u2019establiment de millores a partir d\u2019evid\u00e8ncies. La reflexi\u00f3 individual i col\u00b7lectiva de les pr\u00e0ctiques que es desenvolupen a l&#8217;escola s&#8217;ha de convertir en una pe\u00e7a clau de millora professional, personal i de transformaci\u00f3 educativa; entenent [&hellip;]<\/p>\n","protected":false},"author":1,"featured_media":0,"parent":0,"menu_order":0,"comment_status":"closed","ping_status":"closed","template":"","meta":[],"acf":[],"_links":{"self":[{"href":"http:\/\/guia-practiques-primaria.aula.uoc.edu\/guia-practiques-curriculars-estudiantat\/wp-json\/wp\/v2\/pages\/135"}],"collection":[{"href":"http:\/\/guia-practiques-primaria.aula.uoc.edu\/guia-practiques-curriculars-estudiantat\/wp-json\/wp\/v2\/pages"}],"about":[{"href":"http:\/\/guia-practiques-primaria.aula.uoc.edu\/guia-practiques-curriculars-estudiantat\/wp-json\/wp\/v2\/types\/page"}],"author":[{"embeddable":true,"href":"http:\/\/guia-practiques-primaria.aula.uoc.edu\/guia-practiques-curriculars-estudiantat\/wp-json\/wp\/v2\/users\/1"}],"replies":[{"embeddable":true,"href":"http:\/\/guia-practiques-primaria.aula.uoc.edu\/guia-practiques-curriculars-estudiantat\/wp-json\/wp\/v2\/comments?post=135"}],"version-history":[{"count":1,"href":"http:\/\/guia-practiques-primaria.aula.uoc.edu\/guia-practiques-curriculars-estudiantat\/wp-json\/wp\/v2\/pages\/135\/revisions"}],"predecessor-version":[{"id":136,"href":"http:\/\/guia-practiques-primaria.aula.uoc.edu\/guia-practiques-curriculars-estudiantat\/wp-json\/wp\/v2\/pages\/135\/revisions\/136"}],"wp:attachment":[{"href":"http:\/\/guia-practiques-primaria.aula.uoc.edu\/guia-practiques-curriculars-estudiantat\/wp-json\/wp\/v2\/media?parent=135"}],"curies":[{"name":"wp","href":"https:\/\/api.w.org\/{rel}","templated":true}]}}