{"id":143,"date":"2025-07-24T08:36:25","date_gmt":"2025-07-24T06:36:25","guid":{"rendered":"http:\/\/guia-practiques-primaria.aula.uoc.edu\/guia-practiques-curriculars-estudiantat\/?page_id=143"},"modified":"2025-07-24T08:36:25","modified_gmt":"2025-07-24T06:36:25","slug":"5-5-4-resultats-daprenentatge","status":"publish","type":"page","link":"http:\/\/guia-practiques-primaria.aula.uoc.edu\/guia-practiques-curriculars-estudiantat\/5-5-4-resultats-daprenentatge\/","title":{"rendered":"5.5.4. Resultats d\u2019aprenentatge"},"content":{"rendered":"<p>Els resultats d\u2019aprenentatge que l\u2019estudiantat del Pr\u00e0cticum V ser\u00e0 capa\u00e7 d\u2019assolir despr\u00e9s d\u2019haver participat en l\u2019assignatura i evidenciant el seu desenvolupament competencial en aquell moment del grau d\u2019Educaci\u00f3 Prim\u00e0ria seran els seg\u00fcents:<\/p>\n<p><strong>RA65. <\/strong>Relacionar teoria i pr\u00e0ctica amb la realitat de l&#8217;aula i del centre.<\/p>\n<p><strong>RA66. <\/strong>Participar en l&#8217;activitat docent i aprendre a saber fer, actuant i reflexionant des de la pr\u00e0ctica.<\/p>\n<p><strong>RA67. <\/strong>Participar en les propostes de millora dels diferents \u00e0mbits d&#8217;actuaci\u00f3, que es puguin establir en un centre.<\/p>\n<p><strong>RA77. <\/strong>Capacitat per comprendre textos en angl\u00e8s escrits i parlats sobre temes d&#8217;inter\u00e8s general i personal i sobre aspectes de la vida acad\u00e8mica i professional.<\/p>\n<p><strong>RA91. <\/strong>Comprendre i actuar segons els principis \u00e8tics que guien l&#8217;exercici professional.<\/p>\n<p><strong>RA92. <\/strong>Relacionar-se de manera respectuosa, assertiva i exempta de manifestacions contr\u00e0ries als valors i la dignitat de les persones.<\/p>\n","protected":false},"excerpt":{"rendered":"<p>Els resultats d\u2019aprenentatge que l\u2019estudiantat del Pr\u00e0cticum V ser\u00e0 capa\u00e7 d\u2019assolir despr\u00e9s d\u2019haver participat en l\u2019assignatura i evidenciant el seu desenvolupament competencial en aquell moment del grau d\u2019Educaci\u00f3 Prim\u00e0ria seran els seg\u00fcents: RA65. Relacionar teoria i pr\u00e0ctica amb la realitat de l&#8217;aula i del centre. RA66. Participar en l&#8217;activitat docent i aprendre a saber fer, [&hellip;]<\/p>\n","protected":false},"author":1,"featured_media":0,"parent":0,"menu_order":0,"comment_status":"closed","ping_status":"closed","template":"","meta":[],"acf":[],"_links":{"self":[{"href":"http:\/\/guia-practiques-primaria.aula.uoc.edu\/guia-practiques-curriculars-estudiantat\/wp-json\/wp\/v2\/pages\/143"}],"collection":[{"href":"http:\/\/guia-practiques-primaria.aula.uoc.edu\/guia-practiques-curriculars-estudiantat\/wp-json\/wp\/v2\/pages"}],"about":[{"href":"http:\/\/guia-practiques-primaria.aula.uoc.edu\/guia-practiques-curriculars-estudiantat\/wp-json\/wp\/v2\/types\/page"}],"author":[{"embeddable":true,"href":"http:\/\/guia-practiques-primaria.aula.uoc.edu\/guia-practiques-curriculars-estudiantat\/wp-json\/wp\/v2\/users\/1"}],"replies":[{"embeddable":true,"href":"http:\/\/guia-practiques-primaria.aula.uoc.edu\/guia-practiques-curriculars-estudiantat\/wp-json\/wp\/v2\/comments?post=143"}],"version-history":[{"count":1,"href":"http:\/\/guia-practiques-primaria.aula.uoc.edu\/guia-practiques-curriculars-estudiantat\/wp-json\/wp\/v2\/pages\/143\/revisions"}],"predecessor-version":[{"id":144,"href":"http:\/\/guia-practiques-primaria.aula.uoc.edu\/guia-practiques-curriculars-estudiantat\/wp-json\/wp\/v2\/pages\/143\/revisions\/144"}],"wp:attachment":[{"href":"http:\/\/guia-practiques-primaria.aula.uoc.edu\/guia-practiques-curriculars-estudiantat\/wp-json\/wp\/v2\/media?parent=143"}],"curies":[{"name":"wp","href":"https:\/\/api.w.org\/{rel}","templated":true}]}}