{"id":147,"date":"2025-07-24T09:32:33","date_gmt":"2025-07-24T07:32:33","guid":{"rendered":"http:\/\/guia-practiques-primaria.aula.uoc.edu\/guia-practiques-curriculars-estudiantat\/?page_id=147"},"modified":"2025-07-24T12:35:33","modified_gmt":"2025-07-24T10:35:33","slug":"5-5-5-activitats-daprenentatge","status":"publish","type":"page","link":"http:\/\/guia-practiques-primaria.aula.uoc.edu\/guia-practiques-curriculars-estudiantat\/5-5-5-activitats-daprenentatge\/","title":{"rendered":"5.5.5. Activitats d\u2019aprenentatge"},"content":{"rendered":"<p>A continuaci\u00f3, es presenta una breu descripci\u00f3 de cada una de les activitats d\u2019avaluaci\u00f3 continuada que es proposaran a l\u2019aula virtual amb l\u2019objectiu que l\u2019estudiantat desenvolupi les compet\u00e8ncies del Pr\u00e0cticum V del grau d\u2019Educaci\u00f3 Prim\u00e0ria.<\/p>\n<table width=\"1641\">\n<tbody>\n<tr class=\"table-header\">\n<td width=\"55\"><strong>PAC<\/strong><\/td>\n<td width=\"136\"><strong>Nom<\/strong><\/td>\n<td width=\"216\"><strong>Descripci\u00f3<\/strong><\/td>\n<td width=\"108\"><strong>Compet\u00e8ncies per desenvolupar<\/strong><\/td>\n<td width=\"87\"><strong>Ponderaci\u00f3<\/strong><\/td>\n<\/tr>\n<tr>\n<td width=\"55\">PAC 1<\/td>\n<td width=\"136\"><strong>El diari de pr\u00e0ctiques<\/strong><\/td>\n<td width=\"216\">En aquesta primera activitat et demanem que elaboris el teu diari de pr\u00e0ctiques perqu\u00e8, a partir de l\u2019escriptura reflexiva, prenguis consci\u00e8ncia de l\u2019experi\u00e8ncia viscuda en el centre de pr\u00e0ctiques i desenvolupis la construcci\u00f3 de coneixement professional docent.<\/td>\n<td width=\"108\"><a class=\"tooltip\"  href=\"javascript:void(0);\" data-toggle=\"popover\" data-placement=\"bottom\" data-content=\"Que els estudiants s\u00e0piguen aplicar els seus coneixements al seu treball o vocaci\u00f3 d\u2019una forma professional i tinguin les compet\u00e8ncies que solen demostrar-se mitjan\u00e7ant l\u2019elaboraci\u00f3 i la defensa d\u2019arguments i la resoluci\u00f3 de problemes dins de la seva \u00e0rea d\u2019estudi.\">CB2<\/a><br \/>\n<a class=\"tooltip\"  href=\"javascript:void(0);\" data-toggle=\"popover\" data-placement=\"bottom\" data-content=\"Assumir que l'exercici de la funci\u00f3 docent s\u2019ha d'anar perfeccionant i adaptant als canvis cient\u00edfics, pedag\u00f2gics i socials al llarg de la vida.\">CE10<\/a><br \/>\n<a class=\"tooltip\"  href=\"javascript:void(0);\" data-toggle=\"popover\" data-placement=\"bottom\" data-content=\"Reflexionar sobre les metodologies a l'aula per innovar i millorar la tasca docent en l'educaci\u00f3 prim\u00e0ria, fomentant actituds positives cap a models d'ensenyament per indagaci\u00f3 centrats en l'estudiant.\">CE13<\/a><\/td>\n<td width=\"87\">25 %<\/td>\n<\/tr>\n<tr>\n<td width=\"55\">PAC 2<\/td>\n<td width=\"136\"><strong>L\u2019escola que apr\u00e8n<\/strong><\/td>\n<td width=\"216\">En aquesta segona activitat et demanem que analitzis l&#8217;ecosistema que s&#8217;estableix en el conjunt de l&#8217;escola, des d&#8217;una mirada pel que fa al fet que l&#8217;organitzaci\u00f3 aprengui de manera col\u00b7lectiva.<\/td>\n<td width=\"108\"><a class=\"tooltip\"  href=\"javascript:void(0);\" data-toggle=\"popover\" data-placement=\"bottom\" data-content=\"Que els estudiants tinguin la capacitat de reunir i interpretar dades rellevants (normalment dins de la seva \u00e0rea d\u2019estudi) per emetre judicis que incloguin una reflexi\u00f3 sobre temes rellevants d\u2019\u00edndole social, cient\u00edfica o \u00e8tica.\">CB3<\/a><br \/>\n<a class=\"tooltip\"  href=\"javascript:void(0);\" data-toggle=\"popover\" data-placement=\"bottom\" data-content=\"Comprendre i expressar adequadament el coneixement, a nivell oral i escrit, en els diversos contextos acad\u00e8mics o professionals.\">CG6<\/a><br \/>\n<a class=\"tooltip\"  href=\"javascript:void(0);\" data-toggle=\"popover\" data-placement=\"bottom\" data-content=\"Mantenir una relaci\u00f3 cr\u00edtica i aut\u00f2noma respecte als sabers, els valors i les institucions socials p\u00fabliques i privades.\">CE12<\/a><\/td>\n<td width=\"87\">19 %<\/td>\n<\/tr>\n<tr>\n<td width=\"55\">PAC 3<\/td>\n<td width=\"136\"><strong>Evid\u00e8ncies sobre pr\u00e0ctiques educatives<\/strong><\/td>\n<td width=\"216\">En aquesta tercera activitat et demanem que analitzis les pr\u00e0ctiques educatives que s&#8217;estan desenvolupant a l&#8217;escola en funci\u00f3 de les seves evid\u00e8ncies educatives.<\/td>\n<td width=\"108\"><a class=\"tooltip\"  href=\"javascript:void(0);\" data-toggle=\"popover\" data-placement=\"bottom\" data-content=\"Que els estudiants puguin transmetre informaci\u00f3, idees, problemes i solucions a un p\u00fablic tant especialitzat com no especialitzat.\">CB4<\/a><br \/>\n<a class=\"tooltip\"  href=\"javascript:void(0);\" data-toggle=\"popover\" data-placement=\"bottom\" data-content=\"Adoptar actituds i comportaments emprenedors i promoure propostes d'emprenedoria i lideratge per solucionar de manera viable i sostenible qualsevol tipus de situaci\u00f3 sorgida a la pr\u00e0ctica professional.\">CG5<\/a><br \/>\n<a class=\"tooltip\"  href=\"javascript:void(0);\" data-toggle=\"popover\" data-placement=\"bottom\" data-content=\"Comprendre i expressar adequadament el coneixement, a nivell oral i escrit, en els diversos contextos acad\u00e8mics o professionals.\">CG6<\/a><\/td>\n<td width=\"87\">25 %<\/td>\n<\/tr>\n<tr>\n<td width=\"55\">PAC 4<\/td>\n<td width=\"136\"><strong>Millorem una pr\u00e0ctica educativa<\/strong><\/td>\n<td width=\"216\">En aquesta quarta activitat et demanem que transformis i milloris l&#8217;ensenyament d&#8217;una pr\u00e0ctica pedag\u00f2gica actual que es realitzi en el centre educatiu per mitj\u00e0 del proc\u00e9s d&#8217;indagaci\u00f3.<\/td>\n<td width=\"108\"><a class=\"tooltip\"  href=\"javascript:void(0);\" data-toggle=\"popover\" data-placement=\"bottom\" data-content=\"Dissenyar, planificar i avaluar processos d'ensenyament i aprenentatge, tant individualment com en col\u00b7laboraci\u00f3 amb altres docents i professionals del centre d'educaci\u00f3 prim\u00e0ria.\">CE2<\/a><br \/>\n<a class=\"tooltip\"  href=\"javascript:void(0);\" data-toggle=\"popover\" data-placement=\"bottom\" data-content=\"Dissenyar i regular espais d'aprenentatge en contextos de diversitat que atenguin la igualtat de g\u00e8nere, l'equitat i el respecte dels drets humans que conformen valors de la formaci\u00f3 ciutadana.\">CE5<\/a><br \/>\n<a class=\"tooltip\"  href=\"javascript:void(0);\" data-toggle=\"popover\" data-placement=\"bottom\" data-content=\"Saber utilitzar adequadament models de millora de la qualitat educativa per aplicar-los als centres d'educaci\u00f3 prim\u00e0ria.\">CE18<\/a><br \/>\n<a class=\"tooltip\"  href=\"javascript:void(0);\" data-toggle=\"popover\" data-placement=\"bottom\" data-content=\"Actuar de manera honesta, \u00e8tica, sostenible, socialment responsable i respectuosa amb els drets humans i la diversitat, tant en la pr\u00e0ctica acad\u00e8mica com en la professional.\">CT3<\/a><\/td>\n<td width=\"87\">31 %<\/td>\n<\/tr>\n<\/tbody>\n<\/table>\n<p>&nbsp;<\/p>\n","protected":false},"excerpt":{"rendered":"<p>A continuaci\u00f3, es presenta una breu descripci\u00f3 de cada una de les activitats d\u2019avaluaci\u00f3 continuada que es proposaran a l\u2019aula virtual amb l\u2019objectiu que l\u2019estudiantat desenvolupi les compet\u00e8ncies del Pr\u00e0cticum V del grau d\u2019Educaci\u00f3 Prim\u00e0ria. PAC Nom Descripci\u00f3 Compet\u00e8ncies per desenvolupar Ponderaci\u00f3 PAC 1 El diari de pr\u00e0ctiques En aquesta primera activitat et demanem que [&hellip;]<\/p>\n","protected":false},"author":1,"featured_media":0,"parent":0,"menu_order":0,"comment_status":"closed","ping_status":"closed","template":"","meta":[],"acf":[],"_links":{"self":[{"href":"http:\/\/guia-practiques-primaria.aula.uoc.edu\/guia-practiques-curriculars-estudiantat\/wp-json\/wp\/v2\/pages\/147"}],"collection":[{"href":"http:\/\/guia-practiques-primaria.aula.uoc.edu\/guia-practiques-curriculars-estudiantat\/wp-json\/wp\/v2\/pages"}],"about":[{"href":"http:\/\/guia-practiques-primaria.aula.uoc.edu\/guia-practiques-curriculars-estudiantat\/wp-json\/wp\/v2\/types\/page"}],"author":[{"embeddable":true,"href":"http:\/\/guia-practiques-primaria.aula.uoc.edu\/guia-practiques-curriculars-estudiantat\/wp-json\/wp\/v2\/users\/1"}],"replies":[{"embeddable":true,"href":"http:\/\/guia-practiques-primaria.aula.uoc.edu\/guia-practiques-curriculars-estudiantat\/wp-json\/wp\/v2\/comments?post=147"}],"version-history":[{"count":4,"href":"http:\/\/guia-practiques-primaria.aula.uoc.edu\/guia-practiques-curriculars-estudiantat\/wp-json\/wp\/v2\/pages\/147\/revisions"}],"predecessor-version":[{"id":194,"href":"http:\/\/guia-practiques-primaria.aula.uoc.edu\/guia-practiques-curriculars-estudiantat\/wp-json\/wp\/v2\/pages\/147\/revisions\/194"}],"wp:attachment":[{"href":"http:\/\/guia-practiques-primaria.aula.uoc.edu\/guia-practiques-curriculars-estudiantat\/wp-json\/wp\/v2\/media?parent=147"}],"curies":[{"name":"wp","href":"https:\/\/api.w.org\/{rel}","templated":true}]}}