{"id":157,"date":"2025-07-24T09:44:49","date_gmt":"2025-07-24T07:44:49","guid":{"rendered":"http:\/\/guia-practiques-primaria.aula.uoc.edu\/guia-practiques-curriculars-estudiantat\/?page_id=157"},"modified":"2025-07-24T09:45:45","modified_gmt":"2025-07-24T07:45:45","slug":"7-comissio-de-practiques","status":"publish","type":"page","link":"http:\/\/guia-practiques-primaria.aula.uoc.edu\/guia-practiques-curriculars-estudiantat\/7-comissio-de-practiques\/","title":{"rendered":"7. Comissi\u00f3 de pr\u00e0ctiques"},"content":{"rendered":"<p>La comissi\u00f3 de pr\u00e0ctiques est\u00e0 integrada per personal acad\u00e8mic i de gesti\u00f3 i actua durant tot el proc\u00e9s de pr\u00e0ctiques, des de la fase de preparaci\u00f3 amb la sol\u00b7licitud i matr\u00edcula al Pr\u00e0cticum fins al final del proc\u00e9s d\u2019avaluaci\u00f3 de l\u2019assignatura.<\/p>\n<p>La comissi\u00f3, a m\u00e9s a m\u00e9s, \u00e9s la responsable de gestionar les relacions que s\u2019estableixen entre els tres agents principals de l\u2019assignatura de pr\u00e0ctiques \u2013l\u2019alumnat, el personal docent col\u00b7laborador de la UOC i el mentor o mentora del centre de pr\u00e0ctiques\u2013 i de vetllar per la qualitat de les estades als centres des d\u2019un punt de vista estrictament educatiu, i sempre orientat a l\u2019assoliment dels objectius previstos al grau d\u2019Educaci\u00f3 Prim\u00e0ria.<\/p>\n<p>Aquesta comissi\u00f3 tamb\u00e9 \u00e9s l\u2019encarregada de:<\/p>\n<ul>\n<li>Validar el sistema d\u2019assignaci\u00f3 de centres i els criteris establerts.<\/li>\n<li>Seleccionar l\u2019alumnat m\u00e9s adient per cada centre segons els criteris de selecci\u00f3 pr\u00e8viament establerts.<\/li>\n<li>Establir criteris comuns sobre la gesti\u00f3 acad\u00e8mica de les pr\u00e0ctiques externes, com ara el calendari, els canvis en l\u2019avaluaci\u00f3 o les incid\u00e8ncies acad\u00e8miques amb el centre.<\/li>\n<li>Compartir i resoldre casos i situacions cr\u00edtiques per tal de prendre decisions consensuades i coherents al llarg del temps.<\/li>\n<\/ul>\n","protected":false},"excerpt":{"rendered":"<p>La comissi\u00f3 de pr\u00e0ctiques est\u00e0 integrada per personal acad\u00e8mic i de gesti\u00f3 i actua durant tot el proc\u00e9s de pr\u00e0ctiques, des de la fase de preparaci\u00f3 amb la sol\u00b7licitud i matr\u00edcula al Pr\u00e0cticum fins al final del proc\u00e9s d\u2019avaluaci\u00f3 de l\u2019assignatura. La comissi\u00f3, a m\u00e9s a m\u00e9s, \u00e9s la responsable de gestionar les relacions que [&hellip;]<\/p>\n","protected":false},"author":1,"featured_media":0,"parent":0,"menu_order":0,"comment_status":"closed","ping_status":"closed","template":"","meta":[],"acf":[],"_links":{"self":[{"href":"http:\/\/guia-practiques-primaria.aula.uoc.edu\/guia-practiques-curriculars-estudiantat\/wp-json\/wp\/v2\/pages\/157"}],"collection":[{"href":"http:\/\/guia-practiques-primaria.aula.uoc.edu\/guia-practiques-curriculars-estudiantat\/wp-json\/wp\/v2\/pages"}],"about":[{"href":"http:\/\/guia-practiques-primaria.aula.uoc.edu\/guia-practiques-curriculars-estudiantat\/wp-json\/wp\/v2\/types\/page"}],"author":[{"embeddable":true,"href":"http:\/\/guia-practiques-primaria.aula.uoc.edu\/guia-practiques-curriculars-estudiantat\/wp-json\/wp\/v2\/users\/1"}],"replies":[{"embeddable":true,"href":"http:\/\/guia-practiques-primaria.aula.uoc.edu\/guia-practiques-curriculars-estudiantat\/wp-json\/wp\/v2\/comments?post=157"}],"version-history":[{"count":2,"href":"http:\/\/guia-practiques-primaria.aula.uoc.edu\/guia-practiques-curriculars-estudiantat\/wp-json\/wp\/v2\/pages\/157\/revisions"}],"predecessor-version":[{"id":160,"href":"http:\/\/guia-practiques-primaria.aula.uoc.edu\/guia-practiques-curriculars-estudiantat\/wp-json\/wp\/v2\/pages\/157\/revisions\/160"}],"wp:attachment":[{"href":"http:\/\/guia-practiques-primaria.aula.uoc.edu\/guia-practiques-curriculars-estudiantat\/wp-json\/wp\/v2\/media?parent=157"}],"curies":[{"name":"wp","href":"https:\/\/api.w.org\/{rel}","templated":true}]}}