{"id":16,"date":"2025-07-23T13:06:58","date_gmt":"2025-07-23T11:06:58","guid":{"rendered":"http:\/\/guia-practiques-primaria.aula.uoc.edu\/guia-practiques-curriculars-estudiantat\/?page_id=16"},"modified":"2025-09-26T11:03:24","modified_gmt":"2025-09-26T09:03:24","slug":"1-2-quan-es-cursa-el-practicum","status":"publish","type":"page","link":"http:\/\/guia-practiques-primaria.aula.uoc.edu\/guia-practiques-curriculars-estudiantat\/1-2-quan-es-cursa-el-practicum\/","title":{"rendered":"1.2. Quan es cursa el Pr\u00e0cticum?"},"content":{"rendered":"<p>Les pr\u00e0ctiques del grau representen <strong>38 cr\u00e8dits ECTS, que equivalen a un total de 950 hores de dedicaci\u00f3 de l\u2019estudiantat, i s\u2019estructuren en cinc Pr\u00e0cticums<\/strong>, tal com es detalla a la taula seg\u00fcent:<\/p>\n<table>\n<tbody>\n<tr class=\"table-header\">\n<td><strong>Pr\u00e0cticum<\/strong><\/td>\n<td><strong>Cr\u00e8dits<\/strong><\/td>\n<td><strong>Semestre<\/strong><\/td>\n<td><strong>Hores presencials (550 h)<\/strong><\/td>\n<\/tr>\n<tr>\n<td>Pr\u00e0cticum I<\/td>\n<td>6 ECTS<\/td>\n<td>2n<\/td>\n<td>70 h<\/td>\n<\/tr>\n<tr>\n<td>Pr\u00e0cticum II<\/td>\n<td>6 ECTS<\/td>\n<td>4t<\/td>\n<td width=\"161\">70 h<\/td>\n<\/tr>\n<tr>\n<td>Pr\u00e0cticum III<\/td>\n<td>10 ECTS<\/td>\n<td>5\u00e8<\/td>\n<td width=\"161\">150 h<\/td>\n<\/tr>\n<tr>\n<td>Pr\u00e0cticum IV<\/td>\n<td>8 ECTS<\/td>\n<td>6\u00e8<\/td>\n<td width=\"161\">130 h<\/td>\n<\/tr>\n<tr>\n<td>Pr\u00e0cticum V<\/td>\n<td>8 ECTS<\/td>\n<td>8\u00e8<\/td>\n<td>130 h<\/td>\n<\/tr>\n<\/tbody>\n<\/table>\n<p>El <strong>Pr\u00e0cticum I,<\/strong> vinculat als m\u00f2duls de car\u00e0cter b\u00e0sic, t\u00e9 com a objectiu realitzar una primera aproximaci\u00f3 al centre escolar. \u00c9s per aix\u00f2 que en aquest primer Pr\u00e0cticum es reflexiona sobre els elements que configuren el disseny d\u2019un entorn positiu d\u2019aprenentatge.<\/p>\n<p>El<strong> Pr\u00e0cticum II,<\/strong> tamb\u00e9 vinculat als m\u00f2duls de car\u00e0cter b\u00e0sic, se centra en el coneixement del context escolar. En aquest segon per\u00edode de pr\u00e0ctiques es confereix rellev\u00e0ncia a les relacions col\u00b7laboratives que estableixen els mestres i les mestres amb els companys de claustre, els agents externs i les fam\u00edlies.<\/p>\n<p>El <strong>Pr\u00e0cticum III <\/strong>t\u00e9 com a eix central el coneixement dels processos educatius que es produeixen a l\u2019aula i se centra en els aspectes que configuren la planificaci\u00f3 de la instrucci\u00f3.<\/p>\n<p>El <strong>Pr\u00e0cticum IV<\/strong> se centra en el disseny, la implementaci\u00f3 i l\u2019avaluaci\u00f3 d\u2019una intervenci\u00f3 educativa a l\u2019aula. \u00c9s per aquest motiu que en aquest per\u00edode de pr\u00e0ctiques els aspectes relacionats amb l\u2019avaluaci\u00f3 i el <em>feedback<\/em> formatiu s\u00f3n objecte d\u2019estudi.<\/p>\n<p>Finalment, el <strong>Pr\u00e0cticum V<\/strong> se centra en la millora de la pr\u00f2pia pr\u00e0ctica a partir de l\u2019avaluaci\u00f3 de la intervenci\u00f3 duta a terme i l\u2019establiment de millores basant-se en evid\u00e8ncies.<\/p>\n<p>Les hores de pr\u00e0ctiques presencials es duen a terme en els dies i els horaris pactats entre l\u2019estudiant, el centre i el professorat docent col\u00b7laborador UOC, d\u2019acord amb els requisits acad\u00e8mics i sempre dins el calendari lectiu. Aix\u00ed mateix, aquests horaris caldr\u00e0 establir-los permetent que l\u2019estudiantat pugui compaginar-los amb la seva pr\u00e0ctica di\u00e0ria, respectant sempre el calendari de l\u2019assignatura i l\u2019activitat a l\u2019aula virtual. Les hores de pr\u00e0ctiques quedaran recollides en el <strong>pla de treball individualitzat<\/strong> juntament amb altres elements acordats entre la mentoria i l\u2019estudiantat, com ara els dies d\u2019assist\u00e8ncia al centre o les tasques per realitzar, entre d\u2019altres.<\/p>\n","protected":false},"excerpt":{"rendered":"<p>Les pr\u00e0ctiques del grau representen 38 cr\u00e8dits ECTS, que equivalen a un total de 950 hores de dedicaci\u00f3 de l\u2019estudiantat, i s\u2019estructuren en cinc Pr\u00e0cticums, tal com es detalla a la taula seg\u00fcent: Pr\u00e0cticum Cr\u00e8dits Semestre Hores presencials (550 h) Pr\u00e0cticum I 6 ECTS 2n 70 h Pr\u00e0cticum II 6 ECTS 4t 70 h Pr\u00e0cticum [&hellip;]<\/p>\n","protected":false},"author":1,"featured_media":0,"parent":0,"menu_order":0,"comment_status":"closed","ping_status":"closed","template":"","meta":[],"acf":[],"_links":{"self":[{"href":"http:\/\/guia-practiques-primaria.aula.uoc.edu\/guia-practiques-curriculars-estudiantat\/wp-json\/wp\/v2\/pages\/16"}],"collection":[{"href":"http:\/\/guia-practiques-primaria.aula.uoc.edu\/guia-practiques-curriculars-estudiantat\/wp-json\/wp\/v2\/pages"}],"about":[{"href":"http:\/\/guia-practiques-primaria.aula.uoc.edu\/guia-practiques-curriculars-estudiantat\/wp-json\/wp\/v2\/types\/page"}],"author":[{"embeddable":true,"href":"http:\/\/guia-practiques-primaria.aula.uoc.edu\/guia-practiques-curriculars-estudiantat\/wp-json\/wp\/v2\/users\/1"}],"replies":[{"embeddable":true,"href":"http:\/\/guia-practiques-primaria.aula.uoc.edu\/guia-practiques-curriculars-estudiantat\/wp-json\/wp\/v2\/comments?post=16"}],"version-history":[{"count":7,"href":"http:\/\/guia-practiques-primaria.aula.uoc.edu\/guia-practiques-curriculars-estudiantat\/wp-json\/wp\/v2\/pages\/16\/revisions"}],"predecessor-version":[{"id":219,"href":"http:\/\/guia-practiques-primaria.aula.uoc.edu\/guia-practiques-curriculars-estudiantat\/wp-json\/wp\/v2\/pages\/16\/revisions\/219"}],"wp:attachment":[{"href":"http:\/\/guia-practiques-primaria.aula.uoc.edu\/guia-practiques-curriculars-estudiantat\/wp-json\/wp\/v2\/media?parent=16"}],"curies":[{"name":"wp","href":"https:\/\/api.w.org\/{rel}","templated":true}]}}