{"id":23,"date":"2025-07-23T13:12:15","date_gmt":"2025-07-23T11:12:15","guid":{"rendered":"http:\/\/guia-practiques-primaria.aula.uoc.edu\/guia-practiques-curriculars-estudiantat\/?page_id=23"},"modified":"2025-09-25T14:35:48","modified_gmt":"2025-09-25T12:35:48","slug":"1-3-requisits-academics","status":"publish","type":"page","link":"http:\/\/guia-practiques-primaria.aula.uoc.edu\/guia-practiques-curriculars-estudiantat\/1-3-requisits-academics\/","title":{"rendered":"1.3. Requisits acad\u00e8mics"},"content":{"rendered":"<p>Les assignatures de Pr\u00e0cticum estableixen uns requisits acad\u00e8mics que cal complir per poder ser cursades. Per aquest motiu, \u00e9s imprescindible tenir-los en compte en el moment de formalitzar la matr\u00edcula durant el semestre previ a la realitzaci\u00f3 del Pr\u00e0cticum.<\/p>\n<p><a href=\"\/wp-content\/uploads\/sites\/17\/2025\/09\/Descripcio\u0301-i-Requisits-Pra\u0300cticums-Eduprima\u0300ria-copia-scaled.jpg\" target=\"_blank\" rel=\"noopener\"><img loading=\"lazy\" class=\"alignnone wp-image-213 size-full\" src=\"\/wp-content\/uploads\/sites\/17\/2025\/09\/Descripcio\u0301-i-Requisits-Pra\u0300cticums-Eduprima\u0300ria-copia-scaled.jpg\" alt=\"\" width=\"2560\" height=\"1920\" srcset=\"\/wp-content\/uploads\/sites\/17\/2025\/09\/Descripcio\u0301-i-Requisits-Pra\u0300cticums-Eduprima\u0300ria-copia-scaled.jpg 2560w, \/wp-content\/uploads\/sites\/17\/2025\/09\/Descripcio\u0301-i-Requisits-Pra\u0300cticums-Eduprima\u0300ria-copia-300x225.jpg 300w, \/wp-content\/uploads\/sites\/17\/2025\/09\/Descripcio\u0301-i-Requisits-Pra\u0300cticums-Eduprima\u0300ria-copia-1024x768.jpg 1024w, \/wp-content\/uploads\/sites\/17\/2025\/09\/Descripcio\u0301-i-Requisits-Pra\u0300cticums-Eduprima\u0300ria-copia-768x576.jpg 768w, \/wp-content\/uploads\/sites\/17\/2025\/09\/Descripcio\u0301-i-Requisits-Pra\u0300cticums-Eduprima\u0300ria-copia-1536x1152.jpg 1536w, \/wp-content\/uploads\/sites\/17\/2025\/09\/Descripcio\u0301-i-Requisits-Pra\u0300cticums-Eduprima\u0300ria-copia-2048x1536.jpg 2048w\" sizes=\"(max-width: 2560px) 100vw, 2560px\" \/><\/a><\/p>\n<p>&nbsp;<\/p>\n","protected":false},"excerpt":{"rendered":"<p>Les assignatures de Pr\u00e0cticum estableixen uns requisits acad\u00e8mics que cal complir per poder ser cursades. Per aquest motiu, \u00e9s imprescindible tenir-los en compte en el moment de formalitzar la matr\u00edcula durant el semestre previ a la realitzaci\u00f3 del Pr\u00e0cticum. &nbsp;<\/p>\n","protected":false},"author":1,"featured_media":0,"parent":0,"menu_order":0,"comment_status":"closed","ping_status":"closed","template":"","meta":[],"acf":[],"_links":{"self":[{"href":"http:\/\/guia-practiques-primaria.aula.uoc.edu\/guia-practiques-curriculars-estudiantat\/wp-json\/wp\/v2\/pages\/23"}],"collection":[{"href":"http:\/\/guia-practiques-primaria.aula.uoc.edu\/guia-practiques-curriculars-estudiantat\/wp-json\/wp\/v2\/pages"}],"about":[{"href":"http:\/\/guia-practiques-primaria.aula.uoc.edu\/guia-practiques-curriculars-estudiantat\/wp-json\/wp\/v2\/types\/page"}],"author":[{"embeddable":true,"href":"http:\/\/guia-practiques-primaria.aula.uoc.edu\/guia-practiques-curriculars-estudiantat\/wp-json\/wp\/v2\/users\/1"}],"replies":[{"embeddable":true,"href":"http:\/\/guia-practiques-primaria.aula.uoc.edu\/guia-practiques-curriculars-estudiantat\/wp-json\/wp\/v2\/comments?post=23"}],"version-history":[{"count":6,"href":"http:\/\/guia-practiques-primaria.aula.uoc.edu\/guia-practiques-curriculars-estudiantat\/wp-json\/wp\/v2\/pages\/23\/revisions"}],"predecessor-version":[{"id":215,"href":"http:\/\/guia-practiques-primaria.aula.uoc.edu\/guia-practiques-curriculars-estudiantat\/wp-json\/wp\/v2\/pages\/23\/revisions\/215"}],"wp:attachment":[{"href":"http:\/\/guia-practiques-primaria.aula.uoc.edu\/guia-practiques-curriculars-estudiantat\/wp-json\/wp\/v2\/media?parent=23"}],"curies":[{"name":"wp","href":"https:\/\/api.w.org\/{rel}","templated":true}]}}