{"id":37,"date":"2025-07-23T13:22:44","date_gmt":"2025-07-23T11:22:44","guid":{"rendered":"http:\/\/guia-practiques-primaria.aula.uoc.edu\/guia-practiques-curriculars-estudiantat\/?page_id=37"},"modified":"2025-07-23T13:22:44","modified_gmt":"2025-07-23T11:22:44","slug":"4-1-introduccio","status":"publish","type":"page","link":"http:\/\/guia-practiques-primaria.aula.uoc.edu\/guia-practiques-curriculars-estudiantat\/4-1-introduccio\/","title":{"rendered":"4.1. Introducci\u00f3"},"content":{"rendered":"<p>Les activitats formatives que es presentaran a les assignatures del Pr\u00e0cticum han de procurar oportunitats d\u2019aprenentatge professional i han de posar de manifest l\u2019adquisici\u00f3 de les compet\u00e8ncies que l\u2019habiliten per desenvolupar la seva professi\u00f3.<\/p>\n<p>D\u2019aquesta manera, quan es parla de les activitats es fa refer\u00e8ncia a les tasques espec\u00edfiques amb les quals es pret\u00e9n que l\u2019estudiantat demostri la feina realitzada al centre i, per tant, la seva capacitaci\u00f3 en l\u2019exercici de la pr\u00e0ctica professional.<\/p>\n<p>Concretament, les activitats de l\u2019assignatura de pr\u00e0ctiques es divideixen en dos grups: les activitats presencials i les activitats virtuals.<\/p>\n","protected":false},"excerpt":{"rendered":"<p>Les activitats formatives que es presentaran a les assignatures del Pr\u00e0cticum han de procurar oportunitats d\u2019aprenentatge professional i han de posar de manifest l\u2019adquisici\u00f3 de les compet\u00e8ncies que l\u2019habiliten per desenvolupar la seva professi\u00f3. D\u2019aquesta manera, quan es parla de les activitats es fa refer\u00e8ncia a les tasques espec\u00edfiques amb les quals es pret\u00e9n que [&hellip;]<\/p>\n","protected":false},"author":1,"featured_media":0,"parent":0,"menu_order":0,"comment_status":"closed","ping_status":"closed","template":"","meta":[],"acf":[],"_links":{"self":[{"href":"http:\/\/guia-practiques-primaria.aula.uoc.edu\/guia-practiques-curriculars-estudiantat\/wp-json\/wp\/v2\/pages\/37"}],"collection":[{"href":"http:\/\/guia-practiques-primaria.aula.uoc.edu\/guia-practiques-curriculars-estudiantat\/wp-json\/wp\/v2\/pages"}],"about":[{"href":"http:\/\/guia-practiques-primaria.aula.uoc.edu\/guia-practiques-curriculars-estudiantat\/wp-json\/wp\/v2\/types\/page"}],"author":[{"embeddable":true,"href":"http:\/\/guia-practiques-primaria.aula.uoc.edu\/guia-practiques-curriculars-estudiantat\/wp-json\/wp\/v2\/users\/1"}],"replies":[{"embeddable":true,"href":"http:\/\/guia-practiques-primaria.aula.uoc.edu\/guia-practiques-curriculars-estudiantat\/wp-json\/wp\/v2\/comments?post=37"}],"version-history":[{"count":1,"href":"http:\/\/guia-practiques-primaria.aula.uoc.edu\/guia-practiques-curriculars-estudiantat\/wp-json\/wp\/v2\/pages\/37\/revisions"}],"predecessor-version":[{"id":39,"href":"http:\/\/guia-practiques-primaria.aula.uoc.edu\/guia-practiques-curriculars-estudiantat\/wp-json\/wp\/v2\/pages\/37\/revisions\/39"}],"wp:attachment":[{"href":"http:\/\/guia-practiques-primaria.aula.uoc.edu\/guia-practiques-curriculars-estudiantat\/wp-json\/wp\/v2\/media?parent=37"}],"curies":[{"name":"wp","href":"https:\/\/api.w.org\/{rel}","templated":true}]}}