{"id":41,"date":"2025-07-23T13:23:32","date_gmt":"2025-07-23T11:23:32","guid":{"rendered":"http:\/\/guia-practiques-primaria.aula.uoc.edu\/guia-practiques-curriculars-estudiantat\/?page_id=41"},"modified":"2025-07-23T13:23:32","modified_gmt":"2025-07-23T11:23:32","slug":"4-2-les-activitats-presencials-al-centre-de-practiques","status":"publish","type":"page","link":"http:\/\/guia-practiques-primaria.aula.uoc.edu\/guia-practiques-curriculars-estudiantat\/4-2-les-activitats-presencials-al-centre-de-practiques\/","title":{"rendered":"4.2. Les activitats presencials (al centre de pr\u00e0ctiques)"},"content":{"rendered":"<p>S\u00f3n les activitats que es fan al centre de pr\u00e0ctiques. La tipologia de tasques pot ser molt diversa segons les caracter\u00edstiques del centre de pr\u00e0ctiques i les funcions encomanades i acordades entre el centre de pr\u00e0ctiques i l\u2019estudiantat amb el suport de la mentoria. Per\u00f2, en l\u00ednies generals, aquestes activitats podrien incloure, entre d\u2019altres:<\/p>\n<ul>\n<li>Dissenyar una intervenci\u00f3 educativa.<\/li>\n<li>Avaluar tasques i proporcionar un <em>feedback<\/em> formatiu a l\u2019alumnat.<\/li>\n<li>Dissenyar noves propostes d\u2019aprenentatge.<\/li>\n<li>Avaluar la pr\u00f2pia intervenci\u00f3 i establir millores de futur.<\/li>\n<li>Assistir i participar en reunions \u00a0d\u2019equips de cicle i a claustres.<\/li>\n<li>Assistir a reunions o a activitats amb les fam\u00edlies de les alumnes i els alumnes.<\/li>\n<li>Assistir a reunions de coordinaci\u00f3 amb professionals externs.<\/li>\n<\/ul>\n<p>El ventall de tasques possibles \u00e9s molt ampli i s\u2019acaben concretant tant amb el personal docent col\u00b7laborador com amb el mentor o mentora del Pr\u00e0cticum mitjan\u00e7ant el pla de treball individualitzat.<\/p>\n","protected":false},"excerpt":{"rendered":"<p>S\u00f3n les activitats que es fan al centre de pr\u00e0ctiques. La tipologia de tasques pot ser molt diversa segons les caracter\u00edstiques del centre de pr\u00e0ctiques i les funcions encomanades i acordades entre el centre de pr\u00e0ctiques i l\u2019estudiantat amb el suport de la mentoria. Per\u00f2, en l\u00ednies generals, aquestes activitats podrien incloure, entre d\u2019altres: Dissenyar [&hellip;]<\/p>\n","protected":false},"author":1,"featured_media":0,"parent":0,"menu_order":0,"comment_status":"closed","ping_status":"closed","template":"","meta":[],"acf":[],"_links":{"self":[{"href":"http:\/\/guia-practiques-primaria.aula.uoc.edu\/guia-practiques-curriculars-estudiantat\/wp-json\/wp\/v2\/pages\/41"}],"collection":[{"href":"http:\/\/guia-practiques-primaria.aula.uoc.edu\/guia-practiques-curriculars-estudiantat\/wp-json\/wp\/v2\/pages"}],"about":[{"href":"http:\/\/guia-practiques-primaria.aula.uoc.edu\/guia-practiques-curriculars-estudiantat\/wp-json\/wp\/v2\/types\/page"}],"author":[{"embeddable":true,"href":"http:\/\/guia-practiques-primaria.aula.uoc.edu\/guia-practiques-curriculars-estudiantat\/wp-json\/wp\/v2\/users\/1"}],"replies":[{"embeddable":true,"href":"http:\/\/guia-practiques-primaria.aula.uoc.edu\/guia-practiques-curriculars-estudiantat\/wp-json\/wp\/v2\/comments?post=41"}],"version-history":[{"count":1,"href":"http:\/\/guia-practiques-primaria.aula.uoc.edu\/guia-practiques-curriculars-estudiantat\/wp-json\/wp\/v2\/pages\/41\/revisions"}],"predecessor-version":[{"id":42,"href":"http:\/\/guia-practiques-primaria.aula.uoc.edu\/guia-practiques-curriculars-estudiantat\/wp-json\/wp\/v2\/pages\/41\/revisions\/42"}],"wp:attachment":[{"href":"http:\/\/guia-practiques-primaria.aula.uoc.edu\/guia-practiques-curriculars-estudiantat\/wp-json\/wp\/v2\/media?parent=41"}],"curies":[{"name":"wp","href":"https:\/\/api.w.org\/{rel}","templated":true}]}}