{"id":48,"date":"2025-07-23T13:26:53","date_gmt":"2025-07-23T11:26:53","guid":{"rendered":"http:\/\/guia-practiques-primaria.aula.uoc.edu\/guia-practiques-curriculars-estudiantat\/?page_id=48"},"modified":"2025-07-23T13:26:53","modified_gmt":"2025-07-23T11:26:53","slug":"5-1-1-descripcio-general","status":"publish","type":"page","link":"http:\/\/guia-practiques-primaria.aula.uoc.edu\/guia-practiques-curriculars-estudiantat\/5-1-1-descripcio-general\/","title":{"rendered":"5.1.1. Descripci\u00f3 general"},"content":{"rendered":"<p>El Pr\u00e0cticum I \u00e9s una assignatura de 6 cr\u00e8dits i representa el primer contacte de l\u2019estudiantat amb el centre de pr\u00e0ctiques en el grau d\u2019Educaci\u00f3 Prim\u00e0ria.<\/p>\n<div class=\"featured featured-blue\"><p>El Pr\u00e0cticum es considera una assignatura id\u00f2nia per tal que l\u2019alumnat pugui aplicar i complementar els coneixements adquirits durant la formaci\u00f3 acad\u00e8mica afavorint, al mateix temps, l\u2019adquisici\u00f3 de compet\u00e8ncies que el preparen per a l\u2019exercici professional.<\/p>\n<\/div>\n<p>La dedicaci\u00f3 total de l\u2019assignatura \u00e9s de 150 hores, de les quals 70 s\u00f3n presencials al centre de pr\u00e0ctiques i 80 s\u00f3n de dedicaci\u00f3 a les activitats proposades a l\u2019aula virtual.<\/p>\n","protected":false},"excerpt":{"rendered":"<p>El Pr\u00e0cticum I \u00e9s una assignatura de 6 cr\u00e8dits i representa el primer contacte de l\u2019estudiantat amb el centre de pr\u00e0ctiques en el grau d\u2019Educaci\u00f3 Prim\u00e0ria. La dedicaci\u00f3 total de l\u2019assignatura \u00e9s de 150 hores, de les quals 70 s\u00f3n presencials al centre de pr\u00e0ctiques i 80 s\u00f3n de dedicaci\u00f3 a les activitats proposades a [&hellip;]<\/p>\n","protected":false},"author":1,"featured_media":0,"parent":0,"menu_order":0,"comment_status":"closed","ping_status":"closed","template":"","meta":[],"acf":[],"_links":{"self":[{"href":"http:\/\/guia-practiques-primaria.aula.uoc.edu\/guia-practiques-curriculars-estudiantat\/wp-json\/wp\/v2\/pages\/48"}],"collection":[{"href":"http:\/\/guia-practiques-primaria.aula.uoc.edu\/guia-practiques-curriculars-estudiantat\/wp-json\/wp\/v2\/pages"}],"about":[{"href":"http:\/\/guia-practiques-primaria.aula.uoc.edu\/guia-practiques-curriculars-estudiantat\/wp-json\/wp\/v2\/types\/page"}],"author":[{"embeddable":true,"href":"http:\/\/guia-practiques-primaria.aula.uoc.edu\/guia-practiques-curriculars-estudiantat\/wp-json\/wp\/v2\/users\/1"}],"replies":[{"embeddable":true,"href":"http:\/\/guia-practiques-primaria.aula.uoc.edu\/guia-practiques-curriculars-estudiantat\/wp-json\/wp\/v2\/comments?post=48"}],"version-history":[{"count":1,"href":"http:\/\/guia-practiques-primaria.aula.uoc.edu\/guia-practiques-curriculars-estudiantat\/wp-json\/wp\/v2\/pages\/48\/revisions"}],"predecessor-version":[{"id":50,"href":"http:\/\/guia-practiques-primaria.aula.uoc.edu\/guia-practiques-curriculars-estudiantat\/wp-json\/wp\/v2\/pages\/48\/revisions\/50"}],"wp:attachment":[{"href":"http:\/\/guia-practiques-primaria.aula.uoc.edu\/guia-practiques-curriculars-estudiantat\/wp-json\/wp\/v2\/media?parent=48"}],"curies":[{"name":"wp","href":"https:\/\/api.w.org\/{rel}","templated":true}]}}