{"id":52,"date":"2025-07-23T13:28:01","date_gmt":"2025-07-23T11:28:01","guid":{"rendered":"http:\/\/guia-practiques-primaria.aula.uoc.edu\/guia-practiques-curriculars-estudiantat\/?page_id=52"},"modified":"2025-07-23T13:28:57","modified_gmt":"2025-07-23T11:28:57","slug":"5-1-2-continguts","status":"publish","type":"page","link":"http:\/\/guia-practiques-primaria.aula.uoc.edu\/guia-practiques-curriculars-estudiantat\/5-1-2-continguts\/","title":{"rendered":"5.1.2. Continguts"},"content":{"rendered":"<p>El Pr\u00e0cticum I, vinculat als m\u00f2duls de car\u00e0cter b\u00e0sic, t\u00e9 com a objectiu<strong> realitzar una primera aproximaci\u00f3 al centre escolar. <\/strong>En aquest primer Pr\u00e0cticum es reflexiona sobre els elements que configuren el disseny d\u2019un entorn positiu d\u2019aprenentatge tant en l\u2019\u00e0mbit organitzatiu de l\u2019escola com a l\u2019aula amb el grup d\u2019estudiants que l\u2019estudiant t\u00e9 assignat. Tot i que el focus del Pr\u00e0cticum gira entorn d\u2019aquesta funci\u00f3, en totes les assignatures de Pr\u00e0cticum s\u2019aborden temes transversals vinculats amb el fet de ser mestre avui (el perfil \u00e8tic del mestre, la relaci\u00f3 entre teoria i pr\u00e0ctica, i la perspectiva de g\u00e8nere, entre d\u2019altres).<\/p>\n","protected":false},"excerpt":{"rendered":"<p>El Pr\u00e0cticum I, vinculat als m\u00f2duls de car\u00e0cter b\u00e0sic, t\u00e9 com a objectiu realitzar una primera aproximaci\u00f3 al centre escolar. En aquest primer Pr\u00e0cticum es reflexiona sobre els elements que configuren el disseny d\u2019un entorn positiu d\u2019aprenentatge tant en l\u2019\u00e0mbit organitzatiu de l\u2019escola com a l\u2019aula amb el grup d\u2019estudiants que l\u2019estudiant t\u00e9 assignat. Tot [&hellip;]<\/p>\n","protected":false},"author":1,"featured_media":0,"parent":0,"menu_order":0,"comment_status":"closed","ping_status":"closed","template":"","meta":[],"acf":[],"_links":{"self":[{"href":"http:\/\/guia-practiques-primaria.aula.uoc.edu\/guia-practiques-curriculars-estudiantat\/wp-json\/wp\/v2\/pages\/52"}],"collection":[{"href":"http:\/\/guia-practiques-primaria.aula.uoc.edu\/guia-practiques-curriculars-estudiantat\/wp-json\/wp\/v2\/pages"}],"about":[{"href":"http:\/\/guia-practiques-primaria.aula.uoc.edu\/guia-practiques-curriculars-estudiantat\/wp-json\/wp\/v2\/types\/page"}],"author":[{"embeddable":true,"href":"http:\/\/guia-practiques-primaria.aula.uoc.edu\/guia-practiques-curriculars-estudiantat\/wp-json\/wp\/v2\/users\/1"}],"replies":[{"embeddable":true,"href":"http:\/\/guia-practiques-primaria.aula.uoc.edu\/guia-practiques-curriculars-estudiantat\/wp-json\/wp\/v2\/comments?post=52"}],"version-history":[{"count":2,"href":"http:\/\/guia-practiques-primaria.aula.uoc.edu\/guia-practiques-curriculars-estudiantat\/wp-json\/wp\/v2\/pages\/52\/revisions"}],"predecessor-version":[{"id":56,"href":"http:\/\/guia-practiques-primaria.aula.uoc.edu\/guia-practiques-curriculars-estudiantat\/wp-json\/wp\/v2\/pages\/52\/revisions\/56"}],"wp:attachment":[{"href":"http:\/\/guia-practiques-primaria.aula.uoc.edu\/guia-practiques-curriculars-estudiantat\/wp-json\/wp\/v2\/media?parent=52"}],"curies":[{"name":"wp","href":"https:\/\/api.w.org\/{rel}","templated":true}]}}