{"id":65,"date":"2025-07-23T13:34:30","date_gmt":"2025-07-23T11:34:30","guid":{"rendered":"http:\/\/guia-practiques-primaria.aula.uoc.edu\/guia-practiques-curriculars-estudiantat\/?page_id=65"},"modified":"2025-07-24T11:13:10","modified_gmt":"2025-07-24T09:13:10","slug":"5-1-5-activitats-daprenentatge","status":"publish","type":"page","link":"http:\/\/guia-practiques-primaria.aula.uoc.edu\/guia-practiques-curriculars-estudiantat\/5-1-5-activitats-daprenentatge\/","title":{"rendered":"5.1.5. Activitats d\u2019aprenentatge"},"content":{"rendered":"<p>A continuaci\u00f3 es presenta una breu descripci\u00f3 de cada una de les activitats d\u2019avaluaci\u00f3 continuada que es proposaran a l\u2019aula virtual amb l\u2019objectiu que l\u2019estudiantat desenvolupi les compet\u00e8ncies del Pr\u00e0cticum I del grau d\u2019Educaci\u00f3 Prim\u00e0ria.<\/p>\n<table style=\"height: 1035px;\" width=\"927\">\n<tbody>\n<tr class=\"table-header\">\n<td width=\"40\">PAC<\/td>\n<td width=\"60\">Nom<\/td>\n<td width=\"250\">Descripci\u00f3<\/td>\n<td width=\"120\">Compet\u00e8ncies per desenvolupar<\/td>\n<td width=\"30\">Ponderaci\u00f3<\/td>\n<\/tr>\n<tr>\n<td width=\"50\">PAC 1<\/td>\n<td width=\"150\"><strong>El meu videoblog de pr\u00e0ctiques<\/strong><\/td>\n<td width=\"205\">El videoblog de pr\u00e0ctiques \u00e9s l\u2019espai de reflexi\u00f3 i de presentaci\u00f3 d\u2019evid\u00e8ncies sobre la vostra experi\u00e8ncia de les pr\u00e0ctiques. El diari s\u2019inicia amb una reflexi\u00f3 personal sobre la pr\u00f2pia experi\u00e8ncia com a alumne o alumna de prim\u00e0ria i acaba coincidint amb la finalitzaci\u00f3 de l\u2019estada al centre de pr\u00e0ctiques.<\/td>\n<td width=\"101\"><a class=\"tooltip\"  href=\"javascript:void(0);\" data-toggle=\"popover\" data-placement=\"bottom\" data-content=\"Que els estudiants s\u00e0piguen aplicar els coneixements a la seva feina o vocaci\u00f3 d\u2019una manera professional i tinguin les compet\u00e8ncies que s\u2019acostumen a demostrar per mitj\u00e0 de l\u2019elaboraci\u00f3 i la defensa d\u2019arguments i la resoluci\u00f3 de problemes dins la seva \u00e0rea d\u2019estudi.\">CB2<\/a><br \/>\n<a class=\"tooltip\"  href=\"javascript:void(0);\" data-toggle=\"popover\" data-placement=\"bottom\" data-content=\"Que els estudiants tinguin la capacitat de reunir i interpretar dades rellevants (normalment dins de la seva \u00e0rea d\u2019estudi) per emetre judicis que incloguin una reflexi\u00f3 sobre temes rellevants d\u2019\u00edndole social, cient\u00edfica o \u00e8tica.\">CB3<\/a><br \/>\n<\/span><span style=\"font-family: inherit; font-size: inherit;\"><a class=\"tooltip\"  href=\"javascript:void(0);\" data-toggle=\"popover\" data-placement=\"bottom\" data-content=\"Comprendre i expressar adequadament el coneixement, oralment i per escrit, en els diversos contextos acad\u00e8mics o professionals propis de l\u2019especialitat.\">CG6<\/a><br \/>\n<\/span><a class=\"tooltip\"  href=\"javascript:void(0);\" data-toggle=\"popover\" data-placement=\"bottom\" data-content=\"Reflexionar sobre les metodologies a l\u2019aula per innovar i millorar la tasca docent en l\u2019educaci\u00f3 prim\u00e0ria, fomentant actituds positives cap a models d\u2019ensenyament per indagaci\u00f3 centrats en l\u2019estudiant.\">CE13<\/a><\/td>\n<td width=\"94\">25 %<\/td>\n<\/tr>\n<tr>\n<td width=\"56\">PAC 2<\/td>\n<td width=\"153\"><strong>Per qu\u00e8 la meva escola \u00e9s \u00fanica?<\/strong><\/td>\n<td width=\"205\">Al darrere del gran engranatge de relacions i espais educatius que \u00e9s l\u2019escola hi ha una organitzaci\u00f3 i uns prop\u00f2sits educatius que fan de cada escola un lloc \u00fanic.<\/p>\n<p>En aquesta activitat es tracta d\u2019aprofundir en els aspectes que fan de cada escola un lloc \u00fanic.<\/td>\n<td width=\"101\"><a class=\"tooltip\"  href=\"javascript:void(0);\" data-toggle=\"popover\" data-placement=\"bottom\" data-content=\"Actuar de manera honesta, \u00e8tica, sostenible, socialment responsable i respectuosa amb els drets humans i la diversitat, tant en la pr\u00e0ctica acad\u00e8mica com en la professional.\">CT3<\/a><br \/>\n<a class=\"tooltip\"  href=\"javascript:void(0);\" data-toggle=\"popover\" data-placement=\"bottom\" data-content=\"Analitzar l\u2019organitzaci\u00f3 dels centres d\u2019educaci\u00f3 prim\u00e0ria i proposar millores en la diversitat d\u2019accions que compr\u00e8n el seu funcionament.\">CE8<\/a><\/td>\n<td width=\"94\">15 %<\/td>\n<\/tr>\n<tr>\n<td width=\"56\">PAC 3<\/td>\n<td width=\"153\"><strong>L\u2019espai educatiu: interacci\u00f3, organitzaci\u00f3 i aprenentatge<\/strong><\/td>\n<td width=\"205\">En aquesta activitat s\u2019aprofundir\u00e0 en els elements que intervenen en l\u2019aprenentatge i que configuren l\u2019espai educatiu del grup d\u2019infants que teniu assignat a les pr\u00e0ctiques.<\/td>\n<td width=\"101\"><a class=\"tooltip\"  href=\"javascript:void(0);\" data-toggle=\"popover\" data-placement=\"bottom\" data-content=\"Que els estudiants tinguin la capacitat de reunir i interpretar dades rellevants (normalment dins de la seva \u00e0rea d\u2019estudi) per emetre judicis que incloguin una reflexi\u00f3 sobre temes rellevants d\u2019\u00edndole social, cient\u00edfica o \u00e8tica.\">CB3<\/a><br \/>\n<a class=\"tooltip\"  href=\"javascript:void(0);\" data-toggle=\"popover\" data-placement=\"bottom\" data-content=\"Mantenir una relaci\u00f3 cr\u00edtica i aut\u00f2noma respecte dels sabers, els valors i les institucions socials p\u00fabliques i privades.\">CE12<\/a><br \/>\n<a class=\"tooltip\"  href=\"javascript:void(0);\" data-toggle=\"popover\" data-placement=\"bottom\" data-content=\"Reflexionar sobre les metodologies a l\u2019aula per innovar i millorar la tasca docent en l\u2019educaci\u00f3 prim\u00e0ria, fomentant actituds positives cap a models d\u2019ensenyament per indagaci\u00f3 centrats en l\u2019estudiant.\">CE13 <\/a><\/td>\n<td width=\"94\">15 %<\/td>\n<\/tr>\n<tr>\n<td width=\"56\">PAC 4<\/td>\n<td width=\"153\"><strong>Jo com a mestre o mestra: la intervenci\u00f3 did\u00e0ctica<\/strong><\/td>\n<td width=\"205\">En aquesta activitat es tracta de portar a terme el disseny i la implementaci\u00f3 d\u2019una intervenci\u00f3 did\u00e0ctica en el grup classe assignat a l\u2019escola de pr\u00e0ctiques.<\/td>\n<td width=\"101\"><a class=\"tooltip\"  href=\"javascript:void(0);\" data-toggle=\"popover\" data-placement=\"bottom\" data-content=\"Comprendre i expressar adequadament el coneixement, oralment i per escrit, en els diversos contextos acad\u00e8mics o professionals propis de l\u2019especialitat.\">CG6<\/a><br \/>\n<a class=\"tooltip\"  href=\"javascript:void(0);\" data-toggle=\"popover\" data-placement=\"bottom\" data-content=\"Dissenyar, planificar i avaluar processos d\u2019ensenyament i aprenentatge, tant individualment com en col\u00b7laboraci\u00f3 amb altres docents i professionals del centre d\u2019educaci\u00f3 prim\u00e0ria.\">CE2 <\/a><br \/>\n<a class=\"tooltip\"  href=\"javascript:void(0);\" data-toggle=\"popover\" data-placement=\"bottom\" data-content=\"Adquirir h\u00e0bits i destreses per a l\u2019aprenentatge aut\u00f2nom i cooperatiu I promoure\u2019l entre els estudiants.\">CE14 <\/a><\/td>\n<td width=\"94\">25 %<\/td>\n<\/tr>\n<tr>\n<td width=\"56\">PAC 5<\/td>\n<td width=\"153\"><strong>Informe final de pr\u00e0ctiques<\/strong><\/td>\n<td width=\"205\">Aquesta activitat representa el tancament del Pr\u00e0cticum I. Integra l&#8217;avaluaci\u00f3 de la proposta did\u00e0ctica que heu portat a terme amb el grup classe i una reflexi\u00f3 final sobre tot el per\u00edode que heu passat a l\u2019escola de pr\u00e0ctiques.<\/td>\n<td width=\"101\"><a class=\"tooltip\"  href=\"javascript:void(0);\" data-toggle=\"popover\" data-placement=\"bottom\" data-content=\"Dissenyar, planificar i avaluar processos d\u2019ensenyament i aprenentatge, tant individualment com en col\u00b7laboraci\u00f3 amb altres docents i professionals del centre d\u2019educaci\u00f3 prim\u00e0ria.\">CE2 <\/a><br \/>\n<a class=\"tooltip\"  href=\"javascript:void(0);\" data-toggle=\"popover\" data-placement=\"bottom\" data-content=\"Reflexionar sobre les metodologies a l\u2019aula per innovar i millorar la tasca docent en l\u2019educaci\u00f3 prim\u00e0ria, fomentant actituds positives cap a models d\u2019ensenyament per indagaci\u00f3 centrats en l\u2019estudiant.\">CE13 <\/a><\/td>\n<td width=\"94\">20 %<\/td>\n<\/tr>\n<\/tbody>\n<\/table>\n","protected":false},"excerpt":{"rendered":"<p>A continuaci\u00f3 es presenta una breu descripci\u00f3 de cada una de les activitats d\u2019avaluaci\u00f3 continuada que es proposaran a l\u2019aula virtual amb l\u2019objectiu que l\u2019estudiantat desenvolupi les compet\u00e8ncies del Pr\u00e0cticum I del grau d\u2019Educaci\u00f3 Prim\u00e0ria. PAC Nom Descripci\u00f3 Compet\u00e8ncies per desenvolupar Ponderaci\u00f3 PAC 1 El meu videoblog de pr\u00e0ctiques El videoblog de pr\u00e0ctiques \u00e9s l\u2019espai [&hellip;]<\/p>\n","protected":false},"author":1,"featured_media":0,"parent":0,"menu_order":0,"comment_status":"closed","ping_status":"closed","template":"","meta":[],"acf":[],"_links":{"self":[{"href":"http:\/\/guia-practiques-primaria.aula.uoc.edu\/guia-practiques-curriculars-estudiantat\/wp-json\/wp\/v2\/pages\/65"}],"collection":[{"href":"http:\/\/guia-practiques-primaria.aula.uoc.edu\/guia-practiques-curriculars-estudiantat\/wp-json\/wp\/v2\/pages"}],"about":[{"href":"http:\/\/guia-practiques-primaria.aula.uoc.edu\/guia-practiques-curriculars-estudiantat\/wp-json\/wp\/v2\/types\/page"}],"author":[{"embeddable":true,"href":"http:\/\/guia-practiques-primaria.aula.uoc.edu\/guia-practiques-curriculars-estudiantat\/wp-json\/wp\/v2\/users\/1"}],"replies":[{"embeddable":true,"href":"http:\/\/guia-practiques-primaria.aula.uoc.edu\/guia-practiques-curriculars-estudiantat\/wp-json\/wp\/v2\/comments?post=65"}],"version-history":[{"count":8,"href":"http:\/\/guia-practiques-primaria.aula.uoc.edu\/guia-practiques-curriculars-estudiantat\/wp-json\/wp\/v2\/pages\/65\/revisions"}],"predecessor-version":[{"id":184,"href":"http:\/\/guia-practiques-primaria.aula.uoc.edu\/guia-practiques-curriculars-estudiantat\/wp-json\/wp\/v2\/pages\/65\/revisions\/184"}],"wp:attachment":[{"href":"http:\/\/guia-practiques-primaria.aula.uoc.edu\/guia-practiques-curriculars-estudiantat\/wp-json\/wp\/v2\/media?parent=65"}],"curies":[{"name":"wp","href":"https:\/\/api.w.org\/{rel}","templated":true}]}}