{"id":79,"date":"2025-07-23T13:46:02","date_gmt":"2025-07-23T11:46:02","guid":{"rendered":"http:\/\/guia-practiques-primaria.aula.uoc.edu\/guia-practiques-curriculars-estudiantat\/?page_id=79"},"modified":"2025-07-23T13:46:34","modified_gmt":"2025-07-23T11:46:34","slug":"5-2-2-continguts","status":"publish","type":"page","link":"http:\/\/guia-practiques-primaria.aula.uoc.edu\/guia-practiques-curriculars-estudiantat\/5-2-2-continguts\/","title":{"rendered":"5.2.2. Continguts"},"content":{"rendered":"<p>L\u2019escola \u00e9s un espai educatiu privilegiat per\u00f2 no \u00e9s, ni molt menys, l\u2019\u00fanica instituci\u00f3 responsable del desenvolupament integral dels infants: \u00e9s un dels nodes clau d\u2019una xarxa per facilitar les oportunitats educatives de l\u2019alumnat. En aquestes pr\u00e0ctiques que tot just comenceu aprofundirem en l\u2019<strong>organitzaci\u00f3 escolar i com aquesta es coordina amb altres agents educatius de la comunitat <\/strong>per al desenvolupament \u00f2ptim dels processos educatius.<\/p>\n<p>En aquest sentit, un dels principals reptes del sistema educatiu \u00e9s promoure la igualtat d\u2019oportunitats per a tot l\u2019estudiantat. Per garantir l\u2019equitat i inclusi\u00f3 \u00e9s clau entendre el proc\u00e9s educatiu com un projecte col\u00b7lectiu, pel qual es fa imprescindible aquesta <strong>participaci\u00f3 i treball en xarxa dels diferents agents educatius<\/strong>.<\/p>\n<p>Les <strong>relacions entre la fam\u00edlia i l\u2019escola,<\/strong> per exemple, s\u00f3n determinants per a l\u2019\u00e8xit educatiu de l\u2019estudiantat. En les seves primeres etapes de creixement l\u2019infant troba en ambd\u00f3s estaments els pilars m\u00e9s importants per a la seva socialitzaci\u00f3 i desenvolupament integral. Es fa evident, doncs, la necessitat de connexi\u00f3 entre aquests dos per tal que l\u2019infant es senti segur i s\u00e0piga que compta amb el seu suport remant en la mateixa direcci\u00f3.<\/p>\n<p>Finament, si parlem de la import\u00e0ncia i la necessitat de col\u00b7laboraci\u00f3 dels diferents agents educatius per tal de donar una resposta educativa comuna i coherent que reconegui a les diferents identitats de l\u2019alumnat, la <strong>figura docent<\/strong> \u00e9s clau per aconseguir la continu\u00eftat i el progr\u00e9s d\u2019aquest model de treball en xarxa.<\/p>\n","protected":false},"excerpt":{"rendered":"<p>L\u2019escola \u00e9s un espai educatiu privilegiat per\u00f2 no \u00e9s, ni molt menys, l\u2019\u00fanica instituci\u00f3 responsable del desenvolupament integral dels infants: \u00e9s un dels nodes clau d\u2019una xarxa per facilitar les oportunitats educatives de l\u2019alumnat. En aquestes pr\u00e0ctiques que tot just comenceu aprofundirem en l\u2019organitzaci\u00f3 escolar i com aquesta es coordina amb altres agents educatius de [&hellip;]<\/p>\n","protected":false},"author":1,"featured_media":0,"parent":0,"menu_order":0,"comment_status":"closed","ping_status":"closed","template":"","meta":[],"acf":[],"_links":{"self":[{"href":"http:\/\/guia-practiques-primaria.aula.uoc.edu\/guia-practiques-curriculars-estudiantat\/wp-json\/wp\/v2\/pages\/79"}],"collection":[{"href":"http:\/\/guia-practiques-primaria.aula.uoc.edu\/guia-practiques-curriculars-estudiantat\/wp-json\/wp\/v2\/pages"}],"about":[{"href":"http:\/\/guia-practiques-primaria.aula.uoc.edu\/guia-practiques-curriculars-estudiantat\/wp-json\/wp\/v2\/types\/page"}],"author":[{"embeddable":true,"href":"http:\/\/guia-practiques-primaria.aula.uoc.edu\/guia-practiques-curriculars-estudiantat\/wp-json\/wp\/v2\/users\/1"}],"replies":[{"embeddable":true,"href":"http:\/\/guia-practiques-primaria.aula.uoc.edu\/guia-practiques-curriculars-estudiantat\/wp-json\/wp\/v2\/comments?post=79"}],"version-history":[{"count":1,"href":"http:\/\/guia-practiques-primaria.aula.uoc.edu\/guia-practiques-curriculars-estudiantat\/wp-json\/wp\/v2\/pages\/79\/revisions"}],"predecessor-version":[{"id":80,"href":"http:\/\/guia-practiques-primaria.aula.uoc.edu\/guia-practiques-curriculars-estudiantat\/wp-json\/wp\/v2\/pages\/79\/revisions\/80"}],"wp:attachment":[{"href":"http:\/\/guia-practiques-primaria.aula.uoc.edu\/guia-practiques-curriculars-estudiantat\/wp-json\/wp\/v2\/media?parent=79"}],"curies":[{"name":"wp","href":"https:\/\/api.w.org\/{rel}","templated":true}]}}