{"id":87,"date":"2025-07-23T13:52:59","date_gmt":"2025-07-23T11:52:59","guid":{"rendered":"http:\/\/guia-practiques-primaria.aula.uoc.edu\/guia-practiques-curriculars-estudiantat\/?page_id=87"},"modified":"2025-07-23T13:52:59","modified_gmt":"2025-07-23T11:52:59","slug":"5-2-4-resultats-daprenentatge","status":"publish","type":"page","link":"http:\/\/guia-practiques-primaria.aula.uoc.edu\/guia-practiques-curriculars-estudiantat\/5-2-4-resultats-daprenentatge\/","title":{"rendered":"5.2.4. Resultats d\u2019aprenentatge"},"content":{"rendered":"<p>Els resultats d\u2019aprenentatge que l\u2019estudiantat del Pr\u00e0cticum II ser\u00e0 capa\u00e7 d\u2019assolir despr\u00e9s d\u2019haver participat en l\u2019assignatura i evidenciant el seu desenvolupament competencial en aquell moment del grau d\u2019Educaci\u00f3 Prim\u00e0ria seran els seg\u00fcents:<\/p>\n<p><strong>RA64<\/strong>. Controlar i fer un seguiment del proc\u00e9s educatiu i en particular del d\u2019ensenyament i aprenentatge mitjan\u00e7ant el domini de les t\u00e8cniques i estrat\u00e8gies necess\u00e0ries.<\/p>\n<p><strong>RA65<\/strong>. Relacionar teoria i pr\u00e0ctica amb la realitat de l\u2019aula i del centre.<\/p>\n<p><strong>RA69<\/strong>. Con\u00e8ixer formes de col\u00b7laboraci\u00f3 amb els diferents sectors de la comunitat educativa i de l\u2019entorn social.<\/p>\n<p><strong>RA78<\/strong>. Tenir capacitat per utilitzar els recursos disponibles a Internet d\u2019una manera aut\u00f2noma per millorar i desenvolupar les destreses en llengua anglesa.<\/p>\n<p><strong>RA91<\/strong>. Comprendre i actuar segons els principis \u00e8tics que guien l\u2019exercici professional.<\/p>\n","protected":false},"excerpt":{"rendered":"<p>Els resultats d\u2019aprenentatge que l\u2019estudiantat del Pr\u00e0cticum II ser\u00e0 capa\u00e7 d\u2019assolir despr\u00e9s d\u2019haver participat en l\u2019assignatura i evidenciant el seu desenvolupament competencial en aquell moment del grau d\u2019Educaci\u00f3 Prim\u00e0ria seran els seg\u00fcents: RA64. Controlar i fer un seguiment del proc\u00e9s educatiu i en particular del d\u2019ensenyament i aprenentatge mitjan\u00e7ant el domini de les t\u00e8cniques i [&hellip;]<\/p>\n","protected":false},"author":1,"featured_media":0,"parent":0,"menu_order":0,"comment_status":"closed","ping_status":"closed","template":"","meta":[],"acf":[],"_links":{"self":[{"href":"http:\/\/guia-practiques-primaria.aula.uoc.edu\/guia-practiques-curriculars-estudiantat\/wp-json\/wp\/v2\/pages\/87"}],"collection":[{"href":"http:\/\/guia-practiques-primaria.aula.uoc.edu\/guia-practiques-curriculars-estudiantat\/wp-json\/wp\/v2\/pages"}],"about":[{"href":"http:\/\/guia-practiques-primaria.aula.uoc.edu\/guia-practiques-curriculars-estudiantat\/wp-json\/wp\/v2\/types\/page"}],"author":[{"embeddable":true,"href":"http:\/\/guia-practiques-primaria.aula.uoc.edu\/guia-practiques-curriculars-estudiantat\/wp-json\/wp\/v2\/users\/1"}],"replies":[{"embeddable":true,"href":"http:\/\/guia-practiques-primaria.aula.uoc.edu\/guia-practiques-curriculars-estudiantat\/wp-json\/wp\/v2\/comments?post=87"}],"version-history":[{"count":1,"href":"http:\/\/guia-practiques-primaria.aula.uoc.edu\/guia-practiques-curriculars-estudiantat\/wp-json\/wp\/v2\/pages\/87\/revisions"}],"predecessor-version":[{"id":88,"href":"http:\/\/guia-practiques-primaria.aula.uoc.edu\/guia-practiques-curriculars-estudiantat\/wp-json\/wp\/v2\/pages\/87\/revisions\/88"}],"wp:attachment":[{"href":"http:\/\/guia-practiques-primaria.aula.uoc.edu\/guia-practiques-curriculars-estudiantat\/wp-json\/wp\/v2\/media?parent=87"}],"curies":[{"name":"wp","href":"https:\/\/api.w.org\/{rel}","templated":true}]}}