{"id":89,"date":"2025-07-23T13:55:02","date_gmt":"2025-07-23T11:55:02","guid":{"rendered":"http:\/\/guia-practiques-primaria.aula.uoc.edu\/guia-practiques-curriculars-estudiantat\/?page_id=89"},"modified":"2025-09-26T12:27:54","modified_gmt":"2025-09-26T10:27:54","slug":"5-2-5-activitats-daprenentatge","status":"publish","type":"page","link":"http:\/\/guia-practiques-primaria.aula.uoc.edu\/guia-practiques-curriculars-estudiantat\/5-2-5-activitats-daprenentatge\/","title":{"rendered":"5.2.5. Activitats d\u2019aprenentatge"},"content":{"rendered":"<p>A continuaci\u00f3 es presenta una breu descripci\u00f3 de cada una de les activitats d\u2019avaluaci\u00f3 continuada que es proposaran a l\u2019aula virtual amb l\u2019objectiu que l\u2019estudiantat desenvolupi les compet\u00e8ncies del Pr\u00e0cticum II del grau d\u2019Educaci\u00f3 Prim\u00e0ria.<\/p>\n<table>\n<tbody>\n<tr class=\"table-header\">\n<td width=\"40\">PAC<\/td>\n<td width=\"60\">Nom<\/td>\n<td width=\"250\">Descripci\u00f3<\/td>\n<td width=\"120\">Compet\u00e8ncies per desenvolupar<\/td>\n<td width=\"30\">Ponderaci\u00f3<\/td>\n<\/tr>\n<tr>\n<td width=\"50\">PAC 1<\/td>\n<td width=\"150\"><strong>El meu videoblog de pr\u00e0ctiques<\/strong><\/td>\n<td width=\"205\">Es proposa a l\u2019estudiantat que realitzi un diari de pr\u00e0ctiques compartint amb la resta de companyes i companys d\u2019aula les experi\u00e8ncies i activitats viscudes al llarg de la seva estada al centre, aix\u00ed com les reflexions, impressions o q\u00fcestionaments que aquestes li susciten. El diari es planteja no nom\u00e9s com un espai de registre i reflexi\u00f3 sobre el propi proc\u00e9s d\u2019aprenentatge sin\u00f3 tamb\u00e9 com un espai d\u2019intercanvi i aprenentatge entre iguals. Per aix\u00f2 es demana que es realitzin un m\u00ednim de set intervencions, en forma de videoblogs o v\u00eddeos curts.<\/td>\n<td width=\"101\"><a class=\"tooltip\"  href=\"javascript:void(0);\" data-toggle=\"popover\" data-placement=\"bottom\" data-content=\"Que els estudiants s\u00e0piguen aplicar els coneixements a la seva feina o vocaci\u00f3 d\u2019una manera professional i tinguin les compet\u00e8ncies que s\u2019acostumen a demostrar per mitj\u00e0 de l\u2019elaboraci\u00f3 i la defensa d\u2019arguments i la resoluci\u00f3 de problemes dins la seva \u00e0rea d\u2019estudi.\">CB2<\/a><br \/>\n<span style=\"font-family: inherit; font-size: inherit;\"><a class=\"tooltip\"  href=\"javascript:void(0);\" data-toggle=\"popover\" data-placement=\"bottom\" data-content=\"Comprendre i expressar adequadament el coneixement, oralment i per escrit, en els diversos contextos acad\u00e8mics o professionals propis de l\u2019especialitat.\">CG6<\/a><br \/>\n<span style=\"font-family: inherit; font-size: inherit;\"><a class=\"tooltip\"  href=\"javascript:void(0);\" data-toggle=\"popover\" data-placement=\"bottom\" data-content=\"Mantenir una relaci\u00f3 cr\u00edtica i aut\u00f2noma respecte dels sabers, els valors i les institucions socials p\u00fabliques i privades.\">CE12<\/a><br \/>\n<a class=\"tooltip\"  href=\"javascript:void(0);\" data-toggle=\"popover\" data-placement=\"bottom\" data-content=\"Reflexionar sobre les metodologies a l\u2019aula per innovar i millorar la tasca docent en l\u2019educaci\u00f3 prim\u00e0ria, fomentant actituds positives cap a models d\u2019ensenyament per indagaci\u00f3 centrats en l\u2019estudiant.\">CE13<\/a><br \/>\n<a class=\"tooltip\"  href=\"javascript:void(0);\" data-toggle=\"popover\" data-placement=\"bottom\" data-content=\"Adquirir h\u00e0bits i destreses per a l\u2019aprenentatge aut\u00f2nom i cooperatiu i promoure\u2019l entre els estudiants.\">CE14<\/a><\/td>\n<td width=\"94\">25 %<\/td>\n<\/tr>\n<tr>\n<td width=\"56\">PAC 2<\/td>\n<td width=\"153\"><strong>Actuaci\u00f3 docent i treball en xarxa<\/strong><\/td>\n<td width=\"205\">En aquesta activitat es proposa endinsar-se en les formes d\u2019organitzaci\u00f3 i coordinaci\u00f3 dels diferents agents educatius del centre de pr\u00e0ctiques a trav\u00e9s de la revisi\u00f3 dels documents de centre i de la participaci\u00f3 en reunions de curs, de claustre, d&#8217;equips docents, comissions de treball de centre o altres activitats rellevants per als membres d\u2019un claustre educatiu. Per aix\u00f2 es demana sintetitzar tota aquesta informaci\u00f3 a trav\u00e9s d\u2019un organigrama dels diferents agents educatius que intervenen al centre escolar i d\u2019una representaci\u00f3 esquem\u00e0tica de la tipologia de reunions de coordinaci\u00f3.<\/td>\n<td width=\"101\"><a class=\"tooltip\"  href=\"javascript:void(0);\" data-toggle=\"popover\" data-placement=\"bottom\" data-content=\"Que els estudiants tinguin la capacitat de reunir i interpretar dades rellevants (normalment dins de la seva \u00e0rea d\u2019estudi) per emetre judicis que incloguin una reflexi\u00f3 sobre temes rellevants d\u2019\u00edndole social, cient\u00edfica o \u00e8tica.\">CB3<\/a><br \/>\n<a class=\"tooltip\"  href=\"javascript:void(0);\" data-toggle=\"popover\" data-placement=\"bottom\" data-content=\"Que els estudiants puguin transmetre informaci\u00f3, idees, problemes i solucions a un p\u00fablic tant especialitzat com no especialitzat.\">CB4<\/a><br \/>\n<a class=\"tooltip\"  href=\"javascript:void(0);\" data-toggle=\"popover\" data-placement=\"bottom\" data-content=\"Adquirir h\u00e0bits i destreses per a l\u2019aprenentatge aut\u00f2nom i cooperatiu i promoure\u2019l entre els estudiants.\">CE14<\/a><\/td>\n<td width=\"94\">15 %<\/td>\n<\/tr>\n<tr>\n<td width=\"56\">PAC 3<\/td>\n<td width=\"153\"><strong>Escola-fam\u00edlia: un t\u00e0ndem imprescindible <\/strong><\/td>\n<td width=\"205\">A partir d\u2019entrevistes, de la consulta de documents del centre i de la participaci\u00f3 en la vida del centre en general, es proposa aprofundir en les relacions escola-fam\u00edlia dins del centre de pr\u00e0ctiques. En primer lloc, a partir de sintetitzar en quin marc normatiu i de quina manera es donen les diverses formes de participaci\u00f3 i col\u00b7laboraci\u00f3. En segon lloc, reflexionant sobre aquesta relaci\u00f3. I, finalment, analitzant el paper de l\u2019AFA com element clau en la relaci\u00f3 entre families i escola.<\/td>\n<td width=\"101\"><a class=\"tooltip\"  href=\"javascript:void(0);\" data-toggle=\"popover\" data-placement=\"bottom\" data-content=\"Que els estudiants tinguin la capacitat de reunir i interpretar dades rellevants (normalment dins de la seva \u00e0rea d\u2019estudi) per emetre judicis que incloguin una reflexi\u00f3 sobre temes rellevants d\u2019\u00edndole social, cient\u00edfica o \u00e8tica.\">CB3<\/a><br \/>\n<a class=\"tooltip\"  href=\"javascript:void(0);\" data-toggle=\"popover\" data-placement=\"bottom\" data-content=\"Que els estudiants puguin transmetre informaci\u00f3, idees, problemes i solucions a un p\u00fablic tant especialitzat com no especialitzat.\">CB4<\/a><br \/>\n<a class=\"tooltip\"  href=\"javascript:void(0);\" data-toggle=\"popover\" data-placement=\"bottom\" data-content=\"Adquirir h\u00e0bits i destreses per a l\u2019aprenentatge aut\u00f2nom i cooperatiu i promoure\u2019l entre els estudiants.\">CE14<\/a><\/td>\n<td width=\"94\">15 %<\/td>\n<\/tr>\n<tr>\n<td width=\"56\">PAC 4<\/td>\n<td width=\"153\"><strong>El meu rol com a docent per a la millora del treball en xarxa <\/strong><\/td>\n<td width=\"205\">En aquesta activitat es tracta d\u2019analitzar la realitat del centre de pr\u00e0ctiques en relaci\u00f3 al treball en xarxa i a la col\u00b7laboraci\u00f3 amb les fam\u00edlies i, a partir d\u2019aqu\u00ed, escollir un aspecte o element susceptible de millora i dissenyar, dur a terme i reflexionar sobre aquesta proposta concreta d\u2019intervenci\u00f3.<\/td>\n<td width=\"101\"><a class=\"tooltip\"  href=\"javascript:void(0);\" data-toggle=\"popover\" data-placement=\"bottom\" data-content=\"Actuar de manera honesta, \u00e8tica, sostenible, socialment responsable i respectuosa amb els drets humans i la diversitat, tant en la pr\u00e0ctica acad\u00e8mica com en la professional.\">CT3<\/a><br \/>\n<a class=\"tooltip\"  href=\"javascript:void(0);\" data-toggle=\"popover\" data-placement=\"bottom\" data-content=\"Que els estudiants s\u00e0piguen aplicar els coneixements a la seva feina o vocaci\u00f3 d\u2019una manera professional i tinguin les compet\u00e8ncies que s\u2019acostumen a demostrar per mitj\u00e0 de l\u2019elaboraci\u00f3 i la defensa d\u2019arguments i la resoluci\u00f3 de problemes dins la seva \u00e0rea d\u2019estudi.\">CB2<\/a><br \/>\n<a class=\"tooltip\"  href=\"javascript:void(0);\" data-toggle=\"popover\" data-placement=\"bottom\" data-content=\"Dissenyar, planificar i avaluar processos d\u2019ensenyament i aprenentatge, tant individualment com en col\u00b7laboraci\u00f3 amb altres docents i professionals del centre d\u2019educaci\u00f3 prim\u00e0ria.\">CE2 <\/a><br \/>\n<a class=\"tooltip\"  href=\"javascript:void(0);\" data-toggle=\"popover\" data-placement=\"bottom\" data-content=\"Analitzar l\u2019organitzaci\u00f3 dels centres d\u2019educaci\u00f3 prim\u00e0ria i proposar millores en la diversitat d\u2019accions que compr\u00e8n el seu funcionament.\">CE8 <\/a><br \/>\n<a class=\"tooltip\"  href=\"javascript:void(0);\" data-toggle=\"popover\" data-placement=\"bottom\" data-content=\"Reflexionar sobre les metodologies a l\u2019aula per innovar i millorar la tasca docent en l\u2019educaci\u00f3 prim\u00e0ria, fomentant actituds positives cap a models d\u2019ensenyament per indagaci\u00f3 centrats en l\u2019estudiant.\">CE13 <\/a><br \/>\n<a class=\"tooltip\"  href=\"javascript:void(0);\" data-toggle=\"popover\" data-placement=\"bottom\" data-content=\"Adquirir h\u00e0bits i destreses per a l\u2019aprenentatge aut\u00f2nom i cooperatiu I promoure\u2019l entre els estudiants.\">CE14 <\/a><\/td>\n<td width=\"94\">25 %<\/td>\n<\/tr>\n<tr>\n<td width=\"56\">PAC 5<\/td>\n<td width=\"153\"><strong>Informe final de pr\u00e0ctiques<\/strong><\/td>\n<td width=\"205\">Aquesta activitat representa el tancament del Pr\u00e0cticum II. Integra l&#8217;avaluaci\u00f3 de la proposta did\u00e0ctica que heu portat a terme amb el grup classe i una reflexi\u00f3 final sobre tot el per\u00edode que heu passat a l\u2019escola de pr\u00e0ctiques.<\/td>\n<td width=\"101\">Totes les anteriors.<\/td>\n<td width=\"94\">20 %<\/td>\n<\/tr>\n<\/tbody>\n<\/table>\n","protected":false},"excerpt":{"rendered":"<p>A continuaci\u00f3 es presenta una breu descripci\u00f3 de cada una de les activitats d\u2019avaluaci\u00f3 continuada que es proposaran a l\u2019aula virtual amb l\u2019objectiu que l\u2019estudiantat desenvolupi les compet\u00e8ncies del Pr\u00e0cticum II del grau d\u2019Educaci\u00f3 Prim\u00e0ria. PAC Nom Descripci\u00f3 Compet\u00e8ncies per desenvolupar Ponderaci\u00f3 PAC 1 El meu videoblog de pr\u00e0ctiques Es proposa a l\u2019estudiantat que realitzi [&hellip;]<\/p>\n","protected":false},"author":1,"featured_media":0,"parent":0,"menu_order":0,"comment_status":"closed","ping_status":"closed","template":"","meta":[],"acf":[],"_links":{"self":[{"href":"http:\/\/guia-practiques-primaria.aula.uoc.edu\/guia-practiques-curriculars-estudiantat\/wp-json\/wp\/v2\/pages\/89"}],"collection":[{"href":"http:\/\/guia-practiques-primaria.aula.uoc.edu\/guia-practiques-curriculars-estudiantat\/wp-json\/wp\/v2\/pages"}],"about":[{"href":"http:\/\/guia-practiques-primaria.aula.uoc.edu\/guia-practiques-curriculars-estudiantat\/wp-json\/wp\/v2\/types\/page"}],"author":[{"embeddable":true,"href":"http:\/\/guia-practiques-primaria.aula.uoc.edu\/guia-practiques-curriculars-estudiantat\/wp-json\/wp\/v2\/users\/1"}],"replies":[{"embeddable":true,"href":"http:\/\/guia-practiques-primaria.aula.uoc.edu\/guia-practiques-curriculars-estudiantat\/wp-json\/wp\/v2\/comments?post=89"}],"version-history":[{"count":12,"href":"http:\/\/guia-practiques-primaria.aula.uoc.edu\/guia-practiques-curriculars-estudiantat\/wp-json\/wp\/v2\/pages\/89\/revisions"}],"predecessor-version":[{"id":228,"href":"http:\/\/guia-practiques-primaria.aula.uoc.edu\/guia-practiques-curriculars-estudiantat\/wp-json\/wp\/v2\/pages\/89\/revisions\/228"}],"wp:attachment":[{"href":"http:\/\/guia-practiques-primaria.aula.uoc.edu\/guia-practiques-curriculars-estudiantat\/wp-json\/wp\/v2\/media?parent=89"}],"curies":[{"name":"wp","href":"https:\/\/api.w.org\/{rel}","templated":true}]}}