{"id":9,"date":"2025-07-23T13:01:49","date_gmt":"2025-07-23T11:01:49","guid":{"rendered":"http:\/\/guia-practiques-primaria.aula.uoc.edu\/guia-practiques-curriculars-estudiantat\/?page_id=9"},"modified":"2025-07-23T13:01:49","modified_gmt":"2025-07-23T11:01:49","slug":"1-1-introduccio","status":"publish","type":"page","link":"http:\/\/guia-practiques-primaria.aula.uoc.edu\/guia-practiques-curriculars-estudiantat\/","title":{"rendered":"1.1. Introducci\u00f3"},"content":{"rendered":"<p>El grau d\u2019Educaci\u00f3 Prim\u00e0ria parteix de la concepci\u00f3 que l\u2019ensenyament com a professi\u00f3 s\u2019apr\u00e8n amb el seu exercici. Aix\u00ed doncs, reconeix el Pr\u00e0cticum com a eina imprescindible per al desenvolupament de les compet\u00e8ncies professionals, ja que permet donar sentit als aprenentatges adquirits al llarg del grau i posar-los en pr\u00e0ctica en un context real, desenvolupant actuacions pr\u00f2pies del perfil professional reals. El desenvolupament de les pr\u00e0ctiques permet a l\u2019estudiant tenir un intercanvi entre el m\u00f3n acad\u00e8mic i el professional.<\/p>\n<p>En el seu desenvolupament \u00e9s important l\u2019exercici de reflexi\u00f3 sobre l\u2019acci\u00f3 per tal d\u2019identificar la transfer\u00e8ncia dels aspectes te\u00f2rics a la pr\u00e0ctica professional, la identificaci\u00f3 d\u2019aspectes de millora en el mateix proc\u00e9s d\u2019aprenentatge per tal de reconstruir des de l\u2019experi\u00e8ncia pr\u00f2pia.<\/p>\n<p>El Pr\u00e0cticum del grau d\u2019Educaci\u00f3 Prim\u00e0ria \u00e9s una assignatura obligat\u00f2ria que es cursa de manera sostinguda durant tot el grau per tal que sigui possible per l\u2019estudiantat aplicar les compet\u00e8ncies que va assolint al llarg de la titulaci\u00f3. Aquesta planificaci\u00f3 sostinguda durant tot el grau afavoreix que a la resta de les assignatures tamb\u00e9 es promogui i es busqui la coher\u00e8ncia entre l\u2019activitat pr\u00e0ctica i la resta dels components del programa de formaci\u00f3.<\/p>\n<div class=\"featured featured-blue\"><p>L\u2019assignatura del Pr\u00e0cticum consisteix en una experi\u00e8ncia professionalitzadora que permet apropar l\u2019estudiantat el m\u00f3n professional dels mestres i les mestres d\u2019educaci\u00f3 prim\u00e0ria, de manera que es puguin posar en joc els coneixements adquirits al mateix temps que s\u2019apr\u00e8n en situacions reals.<\/p>\n<\/div>\n<p>Concretament, aquesta experi\u00e8ncia s\u2019articula al centre de pr\u00e0ctiques mitjan\u00e7ant un pla de treball individualitzat acordat amb la mentoria del centre, i a l\u2019aula virtual de la UOC per mitj\u00e0 d\u2019una s\u00e8rie d\u2019activitats d\u2019aprenentatge per tal d\u2019integrar i donar sentit als aprenentatges que es van adquirint al llarg de la titulaci\u00f3.<\/p>\n<p>Amb aix\u00f2 l\u2019assignatura del Pr\u00e0cticum es vol centrar a:<\/p>\n<ul>\n<li>Potenciar la formaci\u00f3 del mestre com a indagador (tenint en compte la relaci\u00f3 entre la teoria i la pr\u00e0ctica);<\/li>\n<li>contemplar les compet\u00e8ncies emocionals de l\u2019alumnat;<\/li>\n<li>promoure la compet\u00e8ncia del treball en equip;<\/li>\n<li>promoure l\u2019\u00fas de la tecnologia per a l\u2019aprenentatge i per a l\u2019avaluaci\u00f3;<\/li>\n<li>integrar aprenentatge en el proc\u00e9s d\u2019avaluaci\u00f3;<\/li>\n<li>afavorir diferents formats d\u2019interacci\u00f3 educativa a l\u2019aula;<\/li>\n<li>assegurar la comunicaci\u00f3 entre professorat, mentoria i estudiantat;<\/li>\n<li>proporcionar oportunitats d\u2019aprenentatge d\u2019acord amb la diversitat de funcions que exerceix el perfil professional de mestre;<\/li>\n<li>promoure la relaci\u00f3 de col\u00b7laboraci\u00f3 entre la universitat i l\u2019escola;<\/li>\n<li>i capacitar l\u2019estudiantat per a la doc\u00e8ncia tant presencial com virtual.<\/li>\n<\/ul>\n","protected":false},"excerpt":{"rendered":"<p>El grau d\u2019Educaci\u00f3 Prim\u00e0ria parteix de la concepci\u00f3 que l\u2019ensenyament com a professi\u00f3 s\u2019apr\u00e8n amb el seu exercici. Aix\u00ed doncs, reconeix el Pr\u00e0cticum com a eina imprescindible per al desenvolupament de les compet\u00e8ncies professionals, ja que permet donar sentit als aprenentatges adquirits al llarg del grau i posar-los en pr\u00e0ctica en un context real, desenvolupant [&hellip;]<\/p>\n","protected":false},"author":1,"featured_media":0,"parent":0,"menu_order":0,"comment_status":"closed","ping_status":"closed","template":"","meta":[],"acf":[],"_links":{"self":[{"href":"http:\/\/guia-practiques-primaria.aula.uoc.edu\/guia-practiques-curriculars-estudiantat\/wp-json\/wp\/v2\/pages\/9"}],"collection":[{"href":"http:\/\/guia-practiques-primaria.aula.uoc.edu\/guia-practiques-curriculars-estudiantat\/wp-json\/wp\/v2\/pages"}],"about":[{"href":"http:\/\/guia-practiques-primaria.aula.uoc.edu\/guia-practiques-curriculars-estudiantat\/wp-json\/wp\/v2\/types\/page"}],"author":[{"embeddable":true,"href":"http:\/\/guia-practiques-primaria.aula.uoc.edu\/guia-practiques-curriculars-estudiantat\/wp-json\/wp\/v2\/users\/1"}],"replies":[{"embeddable":true,"href":"http:\/\/guia-practiques-primaria.aula.uoc.edu\/guia-practiques-curriculars-estudiantat\/wp-json\/wp\/v2\/comments?post=9"}],"version-history":[{"count":3,"href":"http:\/\/guia-practiques-primaria.aula.uoc.edu\/guia-practiques-curriculars-estudiantat\/wp-json\/wp\/v2\/pages\/9\/revisions"}],"predecessor-version":[{"id":12,"href":"http:\/\/guia-practiques-primaria.aula.uoc.edu\/guia-practiques-curriculars-estudiantat\/wp-json\/wp\/v2\/pages\/9\/revisions\/12"}],"wp:attachment":[{"href":"http:\/\/guia-practiques-primaria.aula.uoc.edu\/guia-practiques-curriculars-estudiantat\/wp-json\/wp\/v2\/media?parent=9"}],"curies":[{"name":"wp","href":"https:\/\/api.w.org\/{rel}","templated":true}]}}